{"id":6745,"date":"2023-12-01T10:06:33","date_gmt":"2023-12-01T09:06:33","guid":{"rendered":"https:\/\/chbartdesign.com\/?page_id=6745"},"modified":"2024-05-16T12:15:05","modified_gmt":"2024-05-16T10:15:05","slug":"por-encargo","status":"publish","type":"page","link":"https:\/\/chbartdesign.com\/en\/por-encargo\/","title":{"rendered":"Por encargo"},"content":{"rendered":"","protected":false},"excerpt":{"rendered":"","protected":false},"author":1,"featured_media":0,"parent":0,"menu_order":0,"comment_status":"closed","ping_status":"closed","template":"","meta":{"footnotes":""},"class_list":["post-6745","page","type-page","status-publish","hentry"],"yoast_head":"<!-- This site is optimized with the Yoast SEO plugin v27.1 - https:\/\/yoast.com\/product\/yoast-seo-wordpress\/ -->\n<title>Por encargo - Chillida Belzunce Art &amp; Design - CHB<\/title>\n<meta name=\"description\" content=\"Servicios por encargo de personalizaci\u00f3n y decoraci\u00f3n en CHB Art&amp;Design: Arte \u00fanico de Eduardo Chillida Belzunce para tu espacio.\" \/>\n<meta name=\"robots\" content=\"index, follow, max-snippet:-1, max-image-preview:large, max-video-preview:-1\" \/>\n<link rel=\"canonical\" href=\"https:\/\/chbartdesign.com\/en\/por-encargo\/\" \/>\n<meta property=\"og:locale\" content=\"en_GB\" \/>\n<meta property=\"og:type\" content=\"article\" \/>\n<meta property=\"og:title\" content=\"Por encargo - Chillida Belzunce Art &amp; Design - CHB\" \/>\n<meta property=\"og:description\" content=\"Servicios por encargo de personalizaci\u00f3n y decoraci\u00f3n en CHB Art&amp;Design: Arte \u00fanico de Eduardo Chillida Belzunce para tu espacio.\" \/>\n<meta property=\"og:url\" content=\"https:\/\/chbartdesign.com\/en\/por-encargo\/\" \/>\n<meta property=\"og:site_name\" content=\"Chillida Belzunce Art &amp; Design - CHB\" \/>\n<meta property=\"article:modified_time\" content=\"2024-05-16T10:15:05+00:00\" \/>\n<meta name=\"twitter:card\" content=\"summary_large_image\" \/>\n<script type=\"application\/ld+json\" class=\"yoast-schema-graph\">{\"@context\":\"https:\/\/schema.org\",\"@graph\":[{\"@type\":\"WebPage\",\"@id\":\"https:\/\/chbartdesign.com\/por-encargo\/\",\"url\":\"https:\/\/chbartdesign.com\/por-encargo\/\",\"name\":\"Por encargo - Chillida Belzunce Art &amp; Design - CHB\",\"isPartOf\":{\"@id\":\"https:\/\/chbartdesign.com\/#website\"},\"datePublished\":\"2023-12-01T09:06:33+00:00\",\"dateModified\":\"2024-05-16T10:15:05+00:00\",\"description\":\"Servicios por encargo de personalizaci\u00f3n y decoraci\u00f3n en CHB Art&Design: Arte \u00fanico de Eduardo Chillida Belzunce para tu espacio.\",\"breadcrumb\":{\"@id\":\"https:\/\/chbartdesign.com\/por-encargo\/#breadcrumb\"},\"inLanguage\":\"en-GB\",\"potentialAction\":[{\"@type\":\"ReadAction\",\"target\":[\"https:\/\/chbartdesign.com\/por-encargo\/\"]}]},{\"@type\":\"BreadcrumbList\",\"@id\":\"https:\/\/chbartdesign.com\/por-encargo\/#breadcrumb\",\"itemListElement\":[{\"@type\":\"ListItem\",\"position\":1,\"name\":\"Portada\",\"item\":\"https:\/\/chbartdesign.com\/\"},{\"@type\":\"ListItem\",\"position\":2,\"name\":\"Por encargo\"}]},{\"@type\":\"WebSite\",\"@id\":\"https:\/\/chbartdesign.com\/#website\",\"url\":\"https:\/\/chbartdesign.com\/\",\"name\":\"Chillida Belzunce Art &amp; Design - CHB\",\"description\":\"Chillida Belzunce Art &amp; Design - CHB: Exclusividad y arte en cada dise\u00f1o.\",\"publisher\":{\"@id\":\"https:\/\/chbartdesign.com\/#organization\"},\"potentialAction\":[{\"@type\":\"SearchAction\",\"target\":{\"@type\":\"EntryPoint\",\"urlTemplate\":\"https:\/\/chbartdesign.com\/?s={search_term_string}\"},\"query-input\":{\"@type\":\"PropertyValueSpecification\",\"valueRequired\":true,\"valueName\":\"search_term_string\"}}],\"inLanguage\":\"en-GB\"},{\"@type\":\"Organization\",\"@id\":\"https:\/\/chbartdesign.com\/#organization\",\"name\":\"Chillida Belzunce Art &amp; Design - CHB\",\"url\":\"https:\/\/chbartdesign.com\/\",\"logo\":{\"@type\":\"ImageObject\",\"inLanguage\":\"en-GB\",\"@id\":\"https:\/\/chbartdesign.com\/#\/schema\/logo\/image\/\",\"url\":\"https:\/\/chbartdesign.com\/wp-content\/uploads\/2024\/06\/cropped-cropped-Logo-nuevo-CHB-para-web2024-e1760639568962.png\",\"contentUrl\":\"https:\/\/chbartdesign.com\/wp-content\/uploads\/2024\/06\/cropped-cropped-Logo-nuevo-CHB-para-web2024-e1760639568962.png\",\"width\":512,\"height\":359,\"caption\":\"Chillida Belzunce Art &amp; Design - CHB\"},\"image\":{\"@id\":\"https:\/\/chbartdesign.com\/#\/schema\/logo\/image\/\"}}]}<\/script>\n<!-- \/ Yoast SEO plugin. -->","yoast_head_json":{"title":"Por encargo - Chillida Belzunce Art &amp; Design - CHB","description":"Servicios por encargo de personalizaci\u00f3n y decoraci\u00f3n en CHB Art&Design: Arte \u00fanico de Eduardo Chillida Belzunce para tu espacio.","robots":{"index":"index","follow":"follow","max-snippet":"max-snippet:-1","max-image-preview":"max-image-preview:large","max-video-preview":"max-video-preview:-1"},"canonical":"https:\/\/chbartdesign.com\/en\/por-encargo\/","og_locale":"en_GB","og_type":"article","og_title":"Por encargo - Chillida Belzunce Art &amp; Design - CHB","og_description":"Servicios por encargo de personalizaci\u00f3n y decoraci\u00f3n en CHB Art&Design: Arte \u00fanico de Eduardo Chillida Belzunce para tu espacio.","og_url":"https:\/\/chbartdesign.com\/en\/por-encargo\/","og_site_name":"Chillida Belzunce Art &amp; Design - CHB","article_modified_time":"2024-05-16T10:15:05+00:00","twitter_card":"summary_large_image","schema":{"@context":"https:\/\/schema.org","@graph":[{"@type":"WebPage","@id":"https:\/\/chbartdesign.com\/por-encargo\/","url":"https:\/\/chbartdesign.com\/por-encargo\/","name":"Por encargo - Chillida Belzunce Art &amp; Design - CHB","isPartOf":{"@id":"https:\/\/chbartdesign.com\/#website"},"datePublished":"2023-12-01T09:06:33+00:00","dateModified":"2024-05-16T10:15:05+00:00","description":"Servicios por encargo de personalizaci\u00f3n y decoraci\u00f3n en CHB Art&Design: Arte \u00fanico de Eduardo Chillida Belzunce para tu espacio.","breadcrumb":{"@id":"https:\/\/chbartdesign.com\/por-encargo\/#breadcrumb"},"inLanguage":"en-GB","potentialAction":[{"@type":"ReadAction","target":["https:\/\/chbartdesign.com\/por-encargo\/"]}]},{"@type":"BreadcrumbList","@id":"https:\/\/chbartdesign.com\/por-encargo\/#breadcrumb","itemListElement":[{"@type":"ListItem","position":1,"name":"Portada","item":"https:\/\/chbartdesign.com\/"},{"@type":"ListItem","position":2,"name":"Por encargo"}]},{"@type":"WebSite","@id":"https:\/\/chbartdesign.com\/#website","url":"https:\/\/chbartdesign.com\/","name":"Chillida Belzunce Art &amp; Design - CHB","description":"Chillida Belzunce Art &amp; Design - CHB: Exclusividad y arte en cada dise\u00f1o.","publisher":{"@id":"https:\/\/chbartdesign.com\/#organization"},"potentialAction":[{"@type":"SearchAction","target":{"@type":"EntryPoint","urlTemplate":"https:\/\/chbartdesign.com\/?s={search_term_string}"},"query-input":{"@type":"PropertyValueSpecification","valueRequired":true,"valueName":"search_term_string"}}],"inLanguage":"en-GB"},{"@type":"Organization","@id":"https:\/\/chbartdesign.com\/#organization","name":"Chillida Belzunce Art &amp; Design - CHB","url":"https:\/\/chbartdesign.com\/","logo":{"@type":"ImageObject","inLanguage":"en-GB","@id":"https:\/\/chbartdesign.com\/#\/schema\/logo\/image\/","url":"https:\/\/chbartdesign.com\/wp-content\/uploads\/2024\/06\/cropped-cropped-Logo-nuevo-CHB-para-web2024-e1760639568962.png","contentUrl":"https:\/\/chbartdesign.com\/wp-content\/uploads\/2024\/06\/cropped-cropped-Logo-nuevo-CHB-para-web2024-e1760639568962.png","width":512,"height":359,"caption":"Chillida Belzunce Art &amp; Design - CHB"},"image":{"@id":"https:\/\/chbartdesign.com\/#\/schema\/logo\/image\/"}}]}},"_links":{"self":[{"href":"https:\/\/chbartdesign.com\/en\/wp-json\/wp\/v2\/pages\/6745","targetHints":{"allow":["GET"]}}],"collection":[{"href":"https:\/\/chbartdesign.com\/en\/wp-json\/wp\/v2\/pages"}],"about":[{"href":"https:\/\/chbartdesign.com\/en\/wp-json\/wp\/v2\/types\/page"}],"author":[{"embeddable":true,"href":"https:\/\/chbartdesign.com\/en\/wp-json\/wp\/v2\/users\/1"}],"replies":[{"embeddable":true,"href":"https:\/\/chbartdesign.com\/en\/wp-json\/wp\/v2\/comments?post=6745"}],"version-history":[{"count":4,"href":"https:\/\/chbartdesign.com\/en\/wp-json\/wp\/v2\/pages\/6745\/revisions"}],"predecessor-version":[{"id":8691,"href":"https:\/\/chbartdesign.com\/en\/wp-json\/wp\/v2\/pages\/6745\/revisions\/8691"}],"wp:attachment":[{"href":"https:\/\/chbartdesign.com\/en\/wp-json\/wp\/v2\/media?parent=6745"}],"curies":[{"name":"wp","href":"https:\/\/api.w.org\/{rel}","templated":true}]}}