{"id":8234,"date":"2024-02-08T16:29:44","date_gmt":"2024-02-08T15:29:44","guid":{"rendered":"https:\/\/chbartdesign.com\/?page_id=8234"},"modified":"2025-08-18T11:09:08","modified_gmt":"2025-08-18T09:09:08","slug":"sobre-nosotros","status":"publish","type":"page","link":"https:\/\/chbartdesign.com\/en\/sobre-nosotros\/","title":{"rendered":"About Us"},"content":{"rendered":"<div data-elementor-type=\"wp-page\" data-elementor-id=\"8234\" class=\"elementor elementor-8234\" data-elementor-post-type=\"page\">\n\t\t\t\t<div class=\"elementor-element elementor-element-d901fa2 e-flex e-con-boxed sc_inner_width_none sc_layouts_column_icons_position_left e-con e-parent\" data-id=\"d901fa2\" data-element_type=\"container\" data-e-type=\"container\">\n\t\t\t\t\t<div class=\"e-con-inner\">\n\t\t\t\t<div class=\"elementor-element elementor-element-e089895 sc_fly_static elementor-widget elementor-widget-heading\" data-id=\"e089895\" data-element_type=\"widget\" data-e-type=\"widget\" data-widget_type=\"heading.default\">\n\t\t\t\t<div class=\"elementor-widget-container\">\n\t\t\t\t\t<h2 class=\"elementor-heading-title elementor-size-default\">Nuestra historia<\/h2>\t\t\t\t<\/div>\n\t\t\t\t<\/div>\n\t\t\t\t<div class=\"elementor-element elementor-element-50ba7ca sc_fly_static elementor-widget elementor-widget-spacer\" data-id=\"50ba7ca\" data-element_type=\"widget\" data-e-type=\"widget\" data-widget_type=\"spacer.default\">\n\t\t\t\t<div class=\"elementor-widget-container\">\n\t\t\t\t\t\t\t<div class=\"elementor-spacer\">\n\t\t\t<div class=\"elementor-spacer-inner\"><\/div>\n\t\t<\/div>\n\t\t\t\t\t\t<\/div>\n\t\t\t\t<\/div>\n\t\t\t\t\t<\/div>\n\t\t\t\t<\/div>\n\t\t<div class=\"elementor-element elementor-element-e18c29f e-grid e-con-boxed sc_inner_width_none sc_layouts_column_icons_position_left e-con e-parent\" data-id=\"e18c29f\" data-element_type=\"container\" data-e-type=\"container\">\n\t\t\t\t\t<div class=\"e-con-inner\">\n\t\t\t\t<div class=\"elementor-element elementor-element-7e1858e sc_fly_static elementor-widget elementor-widget-text-editor\" data-id=\"7e1858e\" data-element_type=\"widget\" data-e-type=\"widget\" data-widget_type=\"text-editor.default\">\n\t\t\t\t<div class=\"elementor-widget-container\">\n\t\t\t\t\t\t\t\t\t<h4><strong>Foundation and Principles<\/strong><\/h4><div><div>Chillida Belzunce Art &amp; Design nace en 2006 fundada por el matrimonio formado por Eduardo Chillida Belzunce y Susana \u00c1lvarez San Mart\u00edn. En esta empresa familiar, todos nuestros art\u00edculos est\u00e1n inspirados en las obras del artista, tratadas siempre con el mayor respeto y cuidado.<\/div><div>\u00a0<\/div><div>Este valor impregna nuestra producci\u00f3n, garantizando la autenticidad de cada pieza. Y justo a \u00e9l, est\u00e1 la atenci\u00f3n al detalle a nuestros clientes, desde el dise\u00f1o hasta la presentaci\u00f3n del producto.<\/div><\/div><div>\u00a0<\/div><div>La empresa se enorgullece de ofrecer a sus clientes exclusividad y una calidad excepcional en sus productos elaborados meticulosamente por artesanos, as\u00ed como un trato exquisito.<\/div><div><div>\u00a0<\/div><div>\u00a0<\/div><div><p>\u00a0<\/p><div><div>\u00a0<\/div><\/div><\/div><\/div>\t\t\t\t\t\t\t\t<\/div>\n\t\t\t\t<\/div>\n\t\t\t\t<div class=\"elementor-element elementor-element-6905aaa sc_fly_static elementor-widget elementor-widget-image\" data-id=\"6905aaa\" data-element_type=\"widget\" data-e-type=\"widget\" data-widget_type=\"image.default\">\n\t\t\t\t<div class=\"elementor-widget-container\">\n\t\t\t\t\t\t\t\t\t\t\t\t\t\t\t<img fetchpriority=\"high\" decoding=\"async\" width=\"1024\" height=\"692\" src=\"https:\/\/chbartdesign.com\/wp-content\/uploads\/2025\/08\/chillida-familia15845-1024x692.jpg\" class=\"attachment-large size-large wp-image-8995\" alt=\"\" srcset=\"https:\/\/chbartdesign.com\/wp-content\/uploads\/2025\/08\/chillida-familia15845-1024x692.jpg 1024w, https:\/\/chbartdesign.com\/wp-content\/uploads\/2025\/08\/chillida-familia15845-300x203.jpg 300w, https:\/\/chbartdesign.com\/wp-content\/uploads\/2025\/08\/chillida-familia15845-768x519.jpg 768w, https:\/\/chbartdesign.com\/wp-content\/uploads\/2025\/08\/chillida-familia15845-1536x1039.jpg 1536w, https:\/\/chbartdesign.com\/wp-content\/uploads\/2025\/08\/chillida-familia15845-2048x1385.jpg 2048w, https:\/\/chbartdesign.com\/wp-content\/uploads\/2025\/08\/chillida-familia15845-18x12.jpg 18w, https:\/\/chbartdesign.com\/wp-content\/uploads\/2025\/08\/chillida-familia15845-370x250.jpg 370w, https:\/\/chbartdesign.com\/wp-content\/uploads\/2025\/08\/chillida-familia15845-680x460.jpg 680w, https:\/\/chbartdesign.com\/wp-content\/uploads\/2025\/08\/chillida-familia15845-760x514.jpg 760w, https:\/\/chbartdesign.com\/wp-content\/uploads\/2025\/08\/chillida-familia15845-1000x676.jpg 1000w\" sizes=\"(max-width: 1024px) 100vw, 1024px\" \/>\t\t\t\t\t\t\t\t\t\t\t\t\t\t\t<\/div>\n\t\t\t\t<\/div>\n\t\t\t\t<div class=\"elementor-element elementor-element-75582fa sc_fly_static elementor-widget elementor-widget-spacer\" data-id=\"75582fa\" data-element_type=\"widget\" data-e-type=\"widget\" data-widget_type=\"spacer.default\">\n\t\t\t\t<div class=\"elementor-widget-container\">\n\t\t\t\t\t\t\t<div class=\"elementor-spacer\">\n\t\t\t<div class=\"elementor-spacer-inner\"><\/div>\n\t\t<\/div>\n\t\t\t\t\t\t<\/div>\n\t\t\t\t<\/div>\n\t\t\t\t<div class=\"elementor-element elementor-element-5492b56 sc_fly_static elementor-widget elementor-widget-spacer\" data-id=\"5492b56\" data-element_type=\"widget\" data-e-type=\"widget\" data-widget_type=\"spacer.default\">\n\t\t\t\t<div class=\"elementor-widget-container\">\n\t\t\t\t\t\t\t<div class=\"elementor-spacer\">\n\t\t\t<div class=\"elementor-spacer-inner\"><\/div>\n\t\t<\/div>\n\t\t\t\t\t\t<\/div>\n\t\t\t\t<\/div>\n\t\t\t\t\t<\/div>\n\t\t\t\t<\/div>\n\t\t<div class=\"elementor-element elementor-element-f3e2ae6 e-grid e-con-boxed sc_inner_width_none sc_layouts_column_icons_position_left e-con e-parent\" data-id=\"f3e2ae6\" data-element_type=\"container\" data-e-type=\"container\">\n\t\t\t\t\t<div class=\"e-con-inner\">\n\t\t\t\t<div class=\"elementor-element elementor-element-67071d7 sc_fly_static elementor-widget elementor-widget-image\" data-id=\"67071d7\" data-element_type=\"widget\" data-e-type=\"widget\" data-widget_type=\"image.default\">\n\t\t\t\t<div class=\"elementor-widget-container\">\n\t\t\t\t\t\t\t\t\t\t\t\t\t\t\t<img decoding=\"async\" width=\"1024\" height=\"683\" src=\"https:\/\/chbartdesign.com\/wp-content\/uploads\/2025\/08\/IP_02399-1024x683.jpg\" class=\"attachment-large size-large wp-image-9164\" alt=\"\" srcset=\"https:\/\/chbartdesign.com\/wp-content\/uploads\/2025\/08\/IP_02399-1024x683.jpg 1024w, https:\/\/chbartdesign.com\/wp-content\/uploads\/2025\/08\/IP_02399-300x200.jpg 300w, https:\/\/chbartdesign.com\/wp-content\/uploads\/2025\/08\/IP_02399-768x512.jpg 768w, https:\/\/chbartdesign.com\/wp-content\/uploads\/2025\/08\/IP_02399-1536x1024.jpg 1536w, https:\/\/chbartdesign.com\/wp-content\/uploads\/2025\/08\/IP_02399-2048x1365.jpg 2048w, https:\/\/chbartdesign.com\/wp-content\/uploads\/2025\/08\/IP_02399-18x12.jpg 18w, https:\/\/chbartdesign.com\/wp-content\/uploads\/2025\/08\/IP_02399-370x247.jpg 370w, https:\/\/chbartdesign.com\/wp-content\/uploads\/2025\/08\/IP_02399-1170x780.jpg 1170w, https:\/\/chbartdesign.com\/wp-content\/uploads\/2025\/08\/IP_02399-690x460.jpg 690w, https:\/\/chbartdesign.com\/wp-content\/uploads\/2025\/08\/IP_02399-760x507.jpg 760w, https:\/\/chbartdesign.com\/wp-content\/uploads\/2025\/08\/IP_02399-1000x667.jpg 1000w\" sizes=\"(max-width: 1024px) 100vw, 1024px\" \/>\t\t\t\t\t\t\t\t\t\t\t\t\t\t\t<\/div>\n\t\t\t\t<\/div>\n\t\t\t\t<div class=\"elementor-element elementor-element-4239005 sc_fly_static elementor-widget elementor-widget-text-editor\" data-id=\"4239005\" data-element_type=\"widget\" data-e-type=\"widget\" data-widget_type=\"text-editor.default\">\n\t\t\t\t<div class=\"elementor-widget-container\">\n\t\t\t\t\t\t\t\t\t<h4><strong>Commitment and Legacy<\/strong><\/h4><div><div>Adem\u00e1s, como parte integrante de nuestra sociedad, en CHB art &amp; design respetamos y apoyamos la conservaci\u00f3n de la naturaleza y el medio ambiente, y tomamos todas las medidas necesarias para que nuestra acci\u00f3n y nuestros productos contribuyan a la sociedad a conservar nuestro planeta.<\/div><\/div>\t\t\t\t\t\t\t\t<\/div>\n\t\t\t\t<\/div>\n\t\t\t\t\t<\/div>\n\t\t\t\t<\/div>\n\t\t\t\t<\/div>","protected":false},"excerpt":{"rendered":"<p>Nuestra historia Fundaci\u00f3n y Principios Chillida Belzunce Art &amp; Design nace en 2006 fundada por el matrimonio formado por Eduardo Chillida Belzunce y Susana \u00c1lvarez San Mart\u00edn. En esta empresa familiar, todos nuestros art\u00edculos est\u00e1n inspirados en las obras del artista, tratadas siempre con el mayor respeto y cuidado.\u00a0Este valor impregna nuestra producci\u00f3n, garantizando la&hellip;<\/p>","protected":false},"author":1,"featured_media":0,"parent":0,"menu_order":0,"comment_status":"closed","ping_status":"closed","template":"","meta":{"footnotes":""},"class_list":["post-8234","page","type-page","status-publish","hentry"],"yoast_head":"<!-- This site is optimized with the Yoast SEO plugin v27.1 - https:\/\/yoast.com\/product\/yoast-seo-wordpress\/ -->\n<title>Sobre nosotros - Chillida Belzunce Art &amp; Design - CHB<\/title>\n<meta name=\"robots\" content=\"index, follow, max-snippet:-1, max-image-preview:large, max-video-preview:-1\" \/>\n<link rel=\"canonical\" href=\"https:\/\/chbartdesign.com\/en\/sobre-nosotros\/\" \/>\n<meta property=\"og:locale\" content=\"en_GB\" \/>\n<meta property=\"og:type\" content=\"article\" \/>\n<meta property=\"og:title\" content=\"Sobre nosotros - Chillida Belzunce Art &amp; Design - CHB\" \/>\n<meta property=\"og:description\" content=\"Nuestra historia Fundaci\u00f3n y Principios Chillida Belzunce Art &amp; Design nace en 2006 fundada por el matrimonio formado por Eduardo Chillida Belzunce y Susana \u00c1lvarez San Mart\u00edn. En esta empresa familiar, todos nuestros art\u00edculos est\u00e1n inspirados en las obras del artista, tratadas siempre con el mayor respeto y cuidado.\u00a0Este valor impregna nuestra producci\u00f3n, garantizando la&hellip;\" \/>\n<meta property=\"og:url\" content=\"https:\/\/chbartdesign.com\/en\/sobre-nosotros\/\" \/>\n<meta property=\"og:site_name\" content=\"Chillida Belzunce Art &amp; Design - CHB\" \/>\n<meta property=\"article:modified_time\" content=\"2025-08-18T09:09:08+00:00\" \/>\n<meta property=\"og:image\" content=\"https:\/\/chbartdesign.com\/wp-content\/uploads\/2025\/08\/chillida-familia15845-1024x692.jpg\" \/>\n<meta name=\"twitter:card\" content=\"summary_large_image\" \/>\n<meta name=\"twitter:label1\" content=\"Estimated reading time\" \/>\n\t<meta name=\"twitter:data1\" content=\"2 minutes\" \/>\n<script type=\"application\/ld+json\" class=\"yoast-schema-graph\">{\"@context\":\"https:\/\/schema.org\",\"@graph\":[{\"@type\":\"WebPage\",\"@id\":\"https:\/\/chbartdesign.com\/sobre-nosotros\/\",\"url\":\"https:\/\/chbartdesign.com\/sobre-nosotros\/\",\"name\":\"Sobre nosotros - Chillida Belzunce Art &amp; Design - CHB\",\"isPartOf\":{\"@id\":\"https:\/\/chbartdesign.com\/#website\"},\"primaryImageOfPage\":{\"@id\":\"https:\/\/chbartdesign.com\/sobre-nosotros\/#primaryimage\"},\"image\":{\"@id\":\"https:\/\/chbartdesign.com\/sobre-nosotros\/#primaryimage\"},\"thumbnailUrl\":\"https:\/\/chbartdesign.com\/wp-content\/uploads\/2025\/08\/chillida-familia15845-1024x692.jpg\",\"datePublished\":\"2024-02-08T15:29:44+00:00\",\"dateModified\":\"2025-08-18T09:09:08+00:00\",\"breadcrumb\":{\"@id\":\"https:\/\/chbartdesign.com\/sobre-nosotros\/#breadcrumb\"},\"inLanguage\":\"en-GB\",\"potentialAction\":[{\"@type\":\"ReadAction\",\"target\":[\"https:\/\/chbartdesign.com\/sobre-nosotros\/\"]}]},{\"@type\":\"ImageObject\",\"inLanguage\":\"en-GB\",\"@id\":\"https:\/\/chbartdesign.com\/sobre-nosotros\/#primaryimage\",\"url\":\"https:\/\/chbartdesign.com\/wp-content\/uploads\/2025\/08\/chillida-familia15845-1024x692.jpg\",\"contentUrl\":\"https:\/\/chbartdesign.com\/wp-content\/uploads\/2025\/08\/chillida-familia15845-1024x692.jpg\"},{\"@type\":\"BreadcrumbList\",\"@id\":\"https:\/\/chbartdesign.com\/sobre-nosotros\/#breadcrumb\",\"itemListElement\":[{\"@type\":\"ListItem\",\"position\":1,\"name\":\"Portada\",\"item\":\"https:\/\/chbartdesign.com\/\"},{\"@type\":\"ListItem\",\"position\":2,\"name\":\"Sobre nosotros\"}]},{\"@type\":\"WebSite\",\"@id\":\"https:\/\/chbartdesign.com\/#website\",\"url\":\"https:\/\/chbartdesign.com\/\",\"name\":\"Chillida Belzunce Art &amp; Design - CHB\",\"description\":\"Chillida Belzunce Art &amp; Design - CHB: Exclusividad y arte en cada dise\u00f1o.\",\"publisher\":{\"@id\":\"https:\/\/chbartdesign.com\/#organization\"},\"potentialAction\":[{\"@type\":\"SearchAction\",\"target\":{\"@type\":\"EntryPoint\",\"urlTemplate\":\"https:\/\/chbartdesign.com\/?s={search_term_string}\"},\"query-input\":{\"@type\":\"PropertyValueSpecification\",\"valueRequired\":true,\"valueName\":\"search_term_string\"}}],\"inLanguage\":\"en-GB\"},{\"@type\":\"Organization\",\"@id\":\"https:\/\/chbartdesign.com\/#organization\",\"name\":\"Chillida Belzunce Art &amp; Design - CHB\",\"url\":\"https:\/\/chbartdesign.com\/\",\"logo\":{\"@type\":\"ImageObject\",\"inLanguage\":\"en-GB\",\"@id\":\"https:\/\/chbartdesign.com\/#\/schema\/logo\/image\/\",\"url\":\"https:\/\/chbartdesign.com\/wp-content\/uploads\/2024\/06\/cropped-cropped-Logo-nuevo-CHB-para-web2024-e1760639568962.png\",\"contentUrl\":\"https:\/\/chbartdesign.com\/wp-content\/uploads\/2024\/06\/cropped-cropped-Logo-nuevo-CHB-para-web2024-e1760639568962.png\",\"width\":512,\"height\":359,\"caption\":\"Chillida Belzunce Art &amp; Design - CHB\"},\"image\":{\"@id\":\"https:\/\/chbartdesign.com\/#\/schema\/logo\/image\/\"}}]}<\/script>\n<!-- \/ Yoast SEO plugin. -->","yoast_head_json":{"title":"Sobre nosotros - Chillida Belzunce Art &amp; Design - CHB","robots":{"index":"index","follow":"follow","max-snippet":"max-snippet:-1","max-image-preview":"max-image-preview:large","max-video-preview":"max-video-preview:-1"},"canonical":"https:\/\/chbartdesign.com\/en\/sobre-nosotros\/","og_locale":"en_GB","og_type":"article","og_title":"Sobre nosotros - Chillida Belzunce Art &amp; Design - CHB","og_description":"Nuestra historia Fundaci\u00f3n y Principios Chillida Belzunce Art &amp; Design nace en 2006 fundada por el matrimonio formado por Eduardo Chillida Belzunce y Susana \u00c1lvarez San Mart\u00edn. En esta empresa familiar, todos nuestros art\u00edculos est\u00e1n inspirados en las obras del artista, tratadas siempre con el mayor respeto y cuidado.\u00a0Este valor impregna nuestra producci\u00f3n, garantizando la&hellip;","og_url":"https:\/\/chbartdesign.com\/en\/sobre-nosotros\/","og_site_name":"Chillida Belzunce Art &amp; Design - CHB","article_modified_time":"2025-08-18T09:09:08+00:00","og_image":[{"url":"https:\/\/chbartdesign.com\/wp-content\/uploads\/2025\/08\/chillida-familia15845-1024x692.jpg","type":"","width":"","height":""}],"twitter_card":"summary_large_image","twitter_misc":{"Estimated reading time":"2 minutes"},"schema":{"@context":"https:\/\/schema.org","@graph":[{"@type":"WebPage","@id":"https:\/\/chbartdesign.com\/sobre-nosotros\/","url":"https:\/\/chbartdesign.com\/sobre-nosotros\/","name":"Sobre nosotros - Chillida Belzunce Art &amp; Design - CHB","isPartOf":{"@id":"https:\/\/chbartdesign.com\/#website"},"primaryImageOfPage":{"@id":"https:\/\/chbartdesign.com\/sobre-nosotros\/#primaryimage"},"image":{"@id":"https:\/\/chbartdesign.com\/sobre-nosotros\/#primaryimage"},"thumbnailUrl":"https:\/\/chbartdesign.com\/wp-content\/uploads\/2025\/08\/chillida-familia15845-1024x692.jpg","datePublished":"2024-02-08T15:29:44+00:00","dateModified":"2025-08-18T09:09:08+00:00","breadcrumb":{"@id":"https:\/\/chbartdesign.com\/sobre-nosotros\/#breadcrumb"},"inLanguage":"en-GB","potentialAction":[{"@type":"ReadAction","target":["https:\/\/chbartdesign.com\/sobre-nosotros\/"]}]},{"@type":"ImageObject","inLanguage":"en-GB","@id":"https:\/\/chbartdesign.com\/sobre-nosotros\/#primaryimage","url":"https:\/\/chbartdesign.com\/wp-content\/uploads\/2025\/08\/chillida-familia15845-1024x692.jpg","contentUrl":"https:\/\/chbartdesign.com\/wp-content\/uploads\/2025\/08\/chillida-familia15845-1024x692.jpg"},{"@type":"BreadcrumbList","@id":"https:\/\/chbartdesign.com\/sobre-nosotros\/#breadcrumb","itemListElement":[{"@type":"ListItem","position":1,"name":"Portada","item":"https:\/\/chbartdesign.com\/"},{"@type":"ListItem","position":2,"name":"Sobre nosotros"}]},{"@type":"WebSite","@id":"https:\/\/chbartdesign.com\/#website","url":"https:\/\/chbartdesign.com\/","name":"Chillida Belzunce Art &amp; Design - CHB","description":"Chillida Belzunce Art &amp; Design - CHB: Exclusividad y arte en cada dise\u00f1o.","publisher":{"@id":"https:\/\/chbartdesign.com\/#organization"},"potentialAction":[{"@type":"SearchAction","target":{"@type":"EntryPoint","urlTemplate":"https:\/\/chbartdesign.com\/?s={search_term_string}"},"query-input":{"@type":"PropertyValueSpecification","valueRequired":true,"valueName":"search_term_string"}}],"inLanguage":"en-GB"},{"@type":"Organization","@id":"https:\/\/chbartdesign.com\/#organization","name":"Chillida Belzunce Art &amp; Design - CHB","url":"https:\/\/chbartdesign.com\/","logo":{"@type":"ImageObject","inLanguage":"en-GB","@id":"https:\/\/chbartdesign.com\/#\/schema\/logo\/image\/","url":"https:\/\/chbartdesign.com\/wp-content\/uploads\/2024\/06\/cropped-cropped-Logo-nuevo-CHB-para-web2024-e1760639568962.png","contentUrl":"https:\/\/chbartdesign.com\/wp-content\/uploads\/2024\/06\/cropped-cropped-Logo-nuevo-CHB-para-web2024-e1760639568962.png","width":512,"height":359,"caption":"Chillida Belzunce Art &amp; Design - CHB"},"image":{"@id":"https:\/\/chbartdesign.com\/#\/schema\/logo\/image\/"}}]}},"_links":{"self":[{"href":"https:\/\/chbartdesign.com\/en\/wp-json\/wp\/v2\/pages\/8234","targetHints":{"allow":["GET"]}}],"collection":[{"href":"https:\/\/chbartdesign.com\/en\/wp-json\/wp\/v2\/pages"}],"about":[{"href":"https:\/\/chbartdesign.com\/en\/wp-json\/wp\/v2\/types\/page"}],"author":[{"embeddable":true,"href":"https:\/\/chbartdesign.com\/en\/wp-json\/wp\/v2\/users\/1"}],"replies":[{"embeddable":true,"href":"https:\/\/chbartdesign.com\/en\/wp-json\/wp\/v2\/comments?post=8234"}],"version-history":[{"count":10,"href":"https:\/\/chbartdesign.com\/en\/wp-json\/wp\/v2\/pages\/8234\/revisions"}],"predecessor-version":[{"id":9352,"href":"https:\/\/chbartdesign.com\/en\/wp-json\/wp\/v2\/pages\/8234\/revisions\/9352"}],"wp:attachment":[{"href":"https:\/\/chbartdesign.com\/en\/wp-json\/wp\/v2\/media?parent=8234"}],"curies":[{"name":"wp","href":"https:\/\/api.w.org\/{rel}","templated":true}]}}