{"id":855,"date":"2021-04-01T13:59:59","date_gmt":"2021-04-01T06:59:59","guid":{"rendered":"https:\/\/chbartdesign.com\/?page_id=855"},"modified":"2025-05-19T17:22:13","modified_gmt":"2025-05-19T15:22:13","slug":"terminos-y-condiciones","status":"publish","type":"page","link":"https:\/\/chbartdesign.com\/en\/terminos-y-condiciones\/","title":{"rendered":"Terms and Conditions"},"content":{"rendered":"<div data-elementor-type=\"wp-page\" data-elementor-id=\"855\" class=\"elementor elementor-855\" data-elementor-post-type=\"page\">\n\t\t\t\t<div class=\"elementor-element elementor-element-2626049 e-flex e-con-boxed sc_inner_width_none sc_layouts_column_icons_position_left e-con e-parent\" data-id=\"2626049\" data-element_type=\"container\" data-e-type=\"container\">\n\t\t\t\t\t<div class=\"e-con-inner\">\n\t\t\t\t<div class=\"elementor-element elementor-element-1fe7a184 sc_fly_static elementor-widget elementor-widget-text-editor\" data-id=\"1fe7a184\" data-element_type=\"widget\" data-e-type=\"widget\" data-widget_type=\"text-editor.default\">\n\t\t\t\t<div class=\"elementor-widget-container\">\n\t\t\t\t\t\t\t\t\t<h2 class=\"\" data-start=\"332\" data-end=\"357\">Terms and Conditions<\/h2>\n<p class=\"\" data-start=\"359\" data-end=\"392\">\u00a0<\/p>\n<p class=\"\" data-start=\"394\" data-end=\"648\">Bienvenido\/a a <strong data-start=\"409\" data-end=\"437\">CH Belzunce Art &amp; Design S.L <\/strong>. Al acceder y utilizar este sitio web (<a class=\"cursor-pointer\" target=\"_new\" rel=\"noopener\" data-start=\"477\" data-end=\"495\">www.chbartdesign.com<\/a>), aceptas cumplir con los siguientes T\u00e9rminos y Condiciones. Si no est\u00e1s de acuerdo con alguno de ellos, te recomendamos no utilizar nuestros servicios.<\/p>\n<h3 class=\"\" data-start=\"650\" data-end=\"676\">1. Informaci\u00f3n General<\/h3>\n<p class=\"\" data-start=\"678\" data-end=\"1060\">Este sitio web es operado por CH Belzunce Art &amp; Design S.L A lo largo del sitio, los t\u00e9rminos \u201cnosotros\u201d, \u201cnuestro\u201d y \u201cla empresa\u201d se refieren a CH Belzunce Art &amp; Design S.L. Ofrecemos este sitio web, incluyendo toda la informaci\u00f3n, herramientas y servicios disponibles para el usuario, condicionado a la aceptaci\u00f3n de todos los t\u00e9rminos, condiciones, pol\u00edticas y avisos aqu\u00ed establecidos.<\/p>\n<h3 class=\"\" data-start=\"1062\" data-end=\"1082\">2. Uso del Sitio<\/h3>\n<p class=\"\" data-start=\"1084\" data-end=\"1256\">Al utilizar este sitio declaras que tienes al menos la mayor\u00eda de edad en tu pa\u00eds de residencia, o que cuentas con el consentimiento de un\/a responsable legal para hacerlo.<\/p>\n<p class=\"\" data-start=\"1258\" data-end=\"1411\">No puedes utilizar nuestros productos o servicios con ning\u00fan prop\u00f3sito ilegal o no autorizado, ni violar ninguna ley en tu jurisdicci\u00f3n al usar el sitio.<\/p>\n<h3 class=\"\" data-start=\"1413\" data-end=\"1441\">3. Propiedad Intelectual<\/h3>\n<p class=\"\" data-start=\"1443\" data-end=\"1774\">Todos los contenidos del sitio (ilustraciones, textos, im\u00e1genes, dise\u00f1os, logotipos, marcas, etc.) son propiedad de CH Belzunce Art &amp; Design S.L o se utilizan con permiso, y est\u00e1n protegidos por las leyes de propiedad intelectual. Queda prohibido su uso no autorizado, reproducci\u00f3n o distribuci\u00f3n sin consentimiento previo por escrito.<\/p>\n<h3 class=\"\" data-start=\"1776\" data-end=\"1804\">4. Productos y Servicios<\/h3>\n<p class=\"\" data-start=\"1806\" data-end=\"2154\">Los productos y servicios ofrecidos est\u00e1n sujetos a disponibilidad. Nos reservamos el derecho de modificar o descontinuar cualquier producto sin previo aviso. Hacemos todo lo posible por mostrar los colores y detalles de los productos de forma precisa, pero no garantizamos que el monitor de tu dispositivo refleje los colores reales con exactitud.<\/p>\n<h3 class=\"\" data-start=\"2156\" data-end=\"2178\">5. Precios y Pagos<\/h3>\n<p class=\"\" data-start=\"2180\" data-end=\"2382\">Los precios est\u00e1n sujetos a cambios sin previo aviso. Nos reservamos el derecho de corregir errores tipogr\u00e1ficos o de precios. El pago debe completarse antes del env\u00edo o entrega del producto o servicio.<\/p>\n<h3 class=\"\" data-start=\"2384\" data-end=\"2412\">6. Env\u00edos y Devoluciones<\/h3>\n<p class=\"\" data-start=\"2414\" data-end=\"2551\">Consulta nuestra <strong data-start=\"2431\" data-end=\"2468\">Pol\u00edtica de Env\u00edos y Devoluciones<\/strong> para obtener informaci\u00f3n detallada sobre plazos, costos, y condiciones aplicables.<\/p>\n<h3 class=\"\" data-start=\"2553\" data-end=\"2589\">7. Limitaci\u00f3n de Responsabilidad<\/h3>\n<p class=\"\" data-start=\"2591\" data-end=\"2818\">No garantizamos que el uso del sitio sea ininterrumpido, seguro o libre de errores. En ning\u00fan caso seremos responsables por da\u00f1os directos, indirectos, incidentales o consecuentes derivados del uso de nuestro sitio o productos.<\/p>\n<h3 class=\"\" data-start=\"2820\" data-end=\"2841\">8. Modificaciones<\/h3>\n<p class=\"\" data-start=\"2843\" data-end=\"3075\">Nos reservamos el derecho de actualizar o modificar estos T\u00e9rminos y Condiciones en cualquier momento. Te recomendamos revisarlos peri\u00f3dicamente. El uso continuado del sitio despu\u00e9s de cambios constituye tu aceptaci\u00f3n de los mismos.<\/p>\n<h3 class=\"\" data-start=\"3077\" data-end=\"3092\">9. Contacto<\/h3>\n<p class=\"\" data-start=\"3094\" data-end=\"3205\">Si tienes preguntas sobre estos T\u00e9rminos y Condiciones, puedes escribirnos a:<br data-start=\"3171\" data-end=\"3174\" \/>\ud83d\udce7 info@chbartdesign.com<\/p>\t\t\t\t\t\t\t\t<\/div>\n\t\t\t\t<\/div>\n\t\t\t\t\t<\/div>\n\t\t\t\t<\/div>\n\t\t\t\t<\/div>","protected":false},"excerpt":{"rendered":"<p>T\u00e9rminos y Condiciones \u00a0 Bienvenido\/a a CH Belzunce Art &amp; Design S.L . Al acceder y utilizar este sitio web (www.chbartdesign.com), aceptas cumplir con los siguientes T\u00e9rminos y Condiciones. Si no est\u00e1s de acuerdo con alguno de ellos, te recomendamos no utilizar nuestros servicios. 1. Informaci\u00f3n General Este sitio web es operado por CH Belzunce&hellip;<\/p>","protected":false},"author":1,"featured_media":0,"parent":0,"menu_order":0,"comment_status":"closed","ping_status":"closed","template":"","meta":{"footnotes":""},"class_list":["post-855","page","type-page","status-publish","hentry"],"yoast_head":"<!-- This site is optimized with the Yoast SEO plugin v27.1 - https:\/\/yoast.com\/product\/yoast-seo-wordpress\/ -->\n<title>T\u00e9rminos y Condiciones - Chillida Belzunce Art &amp; Design - CHB<\/title>\n<meta name=\"robots\" content=\"noindex, nofollow\" \/>\n<meta property=\"og:locale\" content=\"en_GB\" \/>\n<meta property=\"og:type\" content=\"article\" \/>\n<meta property=\"og:title\" content=\"T\u00e9rminos y Condiciones - Chillida Belzunce Art &amp; Design - CHB\" \/>\n<meta property=\"og:description\" content=\"T\u00e9rminos y Condiciones \u00a0 Bienvenido\/a a CH Belzunce Art &amp; Design S.L . Al acceder y utilizar este sitio web (www.chbartdesign.com), aceptas cumplir con los siguientes T\u00e9rminos y Condiciones. Si no est\u00e1s de acuerdo con alguno de ellos, te recomendamos no utilizar nuestros servicios. 1. Informaci\u00f3n General Este sitio web es operado por CH Belzunce&hellip;\" \/>\n<meta property=\"og:url\" content=\"https:\/\/chbartdesign.com\/en\/terminos-y-condiciones\/\" \/>\n<meta property=\"og:site_name\" content=\"Chillida Belzunce Art &amp; Design - CHB\" \/>\n<meta property=\"article:modified_time\" content=\"2025-05-19T15:22:13+00:00\" \/>\n<meta name=\"twitter:card\" content=\"summary_large_image\" \/>\n<meta name=\"twitter:label1\" content=\"Estimated reading time\" \/>\n\t<meta name=\"twitter:data1\" content=\"2 minutes\" \/>\n<script type=\"application\/ld+json\" class=\"yoast-schema-graph\">{\"@context\":\"https:\/\/schema.org\",\"@graph\":[{\"@type\":\"WebPage\",\"@id\":\"https:\/\/chbartdesign.com\/terminos-y-condiciones\/\",\"url\":\"https:\/\/chbartdesign.com\/terminos-y-condiciones\/\",\"name\":\"T\u00e9rminos y Condiciones - Chillida Belzunce Art &amp; Design - CHB\",\"isPartOf\":{\"@id\":\"https:\/\/chbartdesign.com\/#website\"},\"datePublished\":\"2021-04-01T06:59:59+00:00\",\"dateModified\":\"2025-05-19T15:22:13+00:00\",\"breadcrumb\":{\"@id\":\"https:\/\/chbartdesign.com\/terminos-y-condiciones\/#breadcrumb\"},\"inLanguage\":\"en-GB\",\"potentialAction\":[{\"@type\":\"ReadAction\",\"target\":[\"https:\/\/chbartdesign.com\/terminos-y-condiciones\/\"]}]},{\"@type\":\"BreadcrumbList\",\"@id\":\"https:\/\/chbartdesign.com\/terminos-y-condiciones\/#breadcrumb\",\"itemListElement\":[{\"@type\":\"ListItem\",\"position\":1,\"name\":\"Portada\",\"item\":\"https:\/\/chbartdesign.com\/\"},{\"@type\":\"ListItem\",\"position\":2,\"name\":\"T\u00e9rminos y Condiciones\"}]},{\"@type\":\"WebSite\",\"@id\":\"https:\/\/chbartdesign.com\/#website\",\"url\":\"https:\/\/chbartdesign.com\/\",\"name\":\"Chillida Belzunce Art &amp; Design - CHB\",\"description\":\"Chillida Belzunce Art &amp; Design - CHB: Exclusividad y arte en cada dise\u00f1o.\",\"publisher\":{\"@id\":\"https:\/\/chbartdesign.com\/#organization\"},\"potentialAction\":[{\"@type\":\"SearchAction\",\"target\":{\"@type\":\"EntryPoint\",\"urlTemplate\":\"https:\/\/chbartdesign.com\/?s={search_term_string}\"},\"query-input\":{\"@type\":\"PropertyValueSpecification\",\"valueRequired\":true,\"valueName\":\"search_term_string\"}}],\"inLanguage\":\"en-GB\"},{\"@type\":\"Organization\",\"@id\":\"https:\/\/chbartdesign.com\/#organization\",\"name\":\"Chillida Belzunce Art &amp; Design - CHB\",\"url\":\"https:\/\/chbartdesign.com\/\",\"logo\":{\"@type\":\"ImageObject\",\"inLanguage\":\"en-GB\",\"@id\":\"https:\/\/chbartdesign.com\/#\/schema\/logo\/image\/\",\"url\":\"https:\/\/chbartdesign.com\/wp-content\/uploads\/2024\/06\/cropped-cropped-Logo-nuevo-CHB-para-web2024-e1760639568962.png\",\"contentUrl\":\"https:\/\/chbartdesign.com\/wp-content\/uploads\/2024\/06\/cropped-cropped-Logo-nuevo-CHB-para-web2024-e1760639568962.png\",\"width\":512,\"height\":359,\"caption\":\"Chillida Belzunce Art &amp; Design - CHB\"},\"image\":{\"@id\":\"https:\/\/chbartdesign.com\/#\/schema\/logo\/image\/\"}}]}<\/script>\n<!-- \/ Yoast SEO plugin. -->","yoast_head_json":{"title":"T\u00e9rminos y Condiciones - Chillida Belzunce Art &amp; Design - CHB","robots":{"index":"noindex","follow":"nofollow"},"og_locale":"en_GB","og_type":"article","og_title":"T\u00e9rminos y Condiciones - Chillida Belzunce Art &amp; Design - CHB","og_description":"T\u00e9rminos y Condiciones \u00a0 Bienvenido\/a a CH Belzunce Art &amp; Design S.L . Al acceder y utilizar este sitio web (www.chbartdesign.com), aceptas cumplir con los siguientes T\u00e9rminos y Condiciones. Si no est\u00e1s de acuerdo con alguno de ellos, te recomendamos no utilizar nuestros servicios. 1. Informaci\u00f3n General Este sitio web es operado por CH Belzunce&hellip;","og_url":"https:\/\/chbartdesign.com\/en\/terminos-y-condiciones\/","og_site_name":"Chillida Belzunce Art &amp; Design - CHB","article_modified_time":"2025-05-19T15:22:13+00:00","twitter_card":"summary_large_image","twitter_misc":{"Estimated reading time":"2 minutes"},"schema":{"@context":"https:\/\/schema.org","@graph":[{"@type":"WebPage","@id":"https:\/\/chbartdesign.com\/terminos-y-condiciones\/","url":"https:\/\/chbartdesign.com\/terminos-y-condiciones\/","name":"T\u00e9rminos y Condiciones - Chillida Belzunce Art &amp; Design - CHB","isPartOf":{"@id":"https:\/\/chbartdesign.com\/#website"},"datePublished":"2021-04-01T06:59:59+00:00","dateModified":"2025-05-19T15:22:13+00:00","breadcrumb":{"@id":"https:\/\/chbartdesign.com\/terminos-y-condiciones\/#breadcrumb"},"inLanguage":"en-GB","potentialAction":[{"@type":"ReadAction","target":["https:\/\/chbartdesign.com\/terminos-y-condiciones\/"]}]},{"@type":"BreadcrumbList","@id":"https:\/\/chbartdesign.com\/terminos-y-condiciones\/#breadcrumb","itemListElement":[{"@type":"ListItem","position":1,"name":"Portada","item":"https:\/\/chbartdesign.com\/"},{"@type":"ListItem","position":2,"name":"T\u00e9rminos y Condiciones"}]},{"@type":"WebSite","@id":"https:\/\/chbartdesign.com\/#website","url":"https:\/\/chbartdesign.com\/","name":"Chillida Belzunce Art &amp; Design - CHB","description":"Chillida Belzunce Art &amp; Design - CHB: Exclusividad y arte en cada dise\u00f1o.","publisher":{"@id":"https:\/\/chbartdesign.com\/#organization"},"potentialAction":[{"@type":"SearchAction","target":{"@type":"EntryPoint","urlTemplate":"https:\/\/chbartdesign.com\/?s={search_term_string}"},"query-input":{"@type":"PropertyValueSpecification","valueRequired":true,"valueName":"search_term_string"}}],"inLanguage":"en-GB"},{"@type":"Organization","@id":"https:\/\/chbartdesign.com\/#organization","name":"Chillida Belzunce Art &amp; Design - CHB","url":"https:\/\/chbartdesign.com\/","logo":{"@type":"ImageObject","inLanguage":"en-GB","@id":"https:\/\/chbartdesign.com\/#\/schema\/logo\/image\/","url":"https:\/\/chbartdesign.com\/wp-content\/uploads\/2024\/06\/cropped-cropped-Logo-nuevo-CHB-para-web2024-e1760639568962.png","contentUrl":"https:\/\/chbartdesign.com\/wp-content\/uploads\/2024\/06\/cropped-cropped-Logo-nuevo-CHB-para-web2024-e1760639568962.png","width":512,"height":359,"caption":"Chillida Belzunce Art &amp; Design - CHB"},"image":{"@id":"https:\/\/chbartdesign.com\/#\/schema\/logo\/image\/"}}]}},"_links":{"self":[{"href":"https:\/\/chbartdesign.com\/en\/wp-json\/wp\/v2\/pages\/855","targetHints":{"allow":["GET"]}}],"collection":[{"href":"https:\/\/chbartdesign.com\/en\/wp-json\/wp\/v2\/pages"}],"about":[{"href":"https:\/\/chbartdesign.com\/en\/wp-json\/wp\/v2\/types\/page"}],"author":[{"embeddable":true,"href":"https:\/\/chbartdesign.com\/en\/wp-json\/wp\/v2\/users\/1"}],"replies":[{"embeddable":true,"href":"https:\/\/chbartdesign.com\/en\/wp-json\/wp\/v2\/comments?post=855"}],"version-history":[{"count":7,"href":"https:\/\/chbartdesign.com\/en\/wp-json\/wp\/v2\/pages\/855\/revisions"}],"predecessor-version":[{"id":8964,"href":"https:\/\/chbartdesign.com\/en\/wp-json\/wp\/v2\/pages\/855\/revisions\/8964"}],"wp:attachment":[{"href":"https:\/\/chbartdesign.com\/en\/wp-json\/wp\/v2\/media?parent=855"}],"curies":[{"name":"wp","href":"https:\/\/api.w.org\/{rel}","templated":true}]}}