{"id":259,"date":"2023-04-09T15:03:34","date_gmt":"2023-04-09T08:03:34","guid":{"rendered":"https:\/\/chbartdesign.com\/?post_type=product&#038;p=259"},"modified":"2025-08-14T09:47:01","modified_gmt":"2025-08-14T07:47:01","slug":"skate-vistas-a-la-concha-chb","status":"publish","type":"product","link":"https:\/\/chbartdesign.com\/en\/product\/skate-vistas-a-la-concha-chb\/","title":{"rendered":"Skate &#8220;Vistas a la Bah\u00eda de la Concha&#8221;"},"content":{"rendered":"<p><strong>MATERIAL<\/strong>: <span style=\"font-weight: 400;\">Canadian maple.<\/span><\/p>\n<p><strong>DESIGN<\/strong>: <span style=\"font-weight: 400;\">Fragmento del cuadro de Eduardo Chillida Belzunce \u201cRecuerdos de mi antiguo estudio\u201d de 2014. Edici\u00f3n limitada de 10 skates en colaboraci\u00f3n con Trist\u00e1n Grijalbo de C4RAMELO. Numerados y con certificado de autenticidad.\u00a0<\/span><\/p>\n<p><strong>DIMENSIONS<\/strong>: 82 x 21 cm.<\/p>\n<p><strong>AVAILABILITY<\/strong>: Exclusive design, ideal for collectors of artistic skateboards.<\/p>\n<p><strong>PACKAGING<\/strong>: Hemos creado un packaging exclusivo que refleja el valor y la esencia de nuestro producto. Cada unidad va presentada en una bolsa de algod\u00f3n 100% natural, ilustrada con una obra original de Chillida Belzunce, y se entrega en una caja de cart\u00f3n forrada a mano, cuidando cada detalle para ofrecer una experiencia \u00fanica desde el primer momento. Adem\u00e1s, cada skate lleva su certificado de autenticidad con su numeraci\u00f3n.<\/p>","protected":false},"excerpt":{"rendered":"<p><span style=\"font-weight: 400;\">Limited edition of 10 units in collaboration with the skate brand C4RAMELO. Numbered and with certificate of authenticity. A real collector's delight.\u00a0<\/span><\/p>\n<p><br style=\"font-weight: 400;\" \/><br style=\"font-weight: 400;\" \/><\/p>","protected":false},"featured_media":6712,"template":"","meta":[],"product_brand":[],"product_cat":[276,147],"product_tag":[159,238,157,179,200,241,163,232,237,176,240,178,173,239,235,236],"class_list":{"0":"post-259","1":"product","2":"type-product","3":"status-publish","4":"has-post-thumbnail","6":"product_cat-tablas-skate-de-coleccion","7":"product_cat-decoracion-y-hogar","8":"product_tag-arte","9":"product_tag-bahia","10":"product_tag-chb-artdesign","11":"product_tag-coleccionista","12":"product_tag-decoracion","13":"product_tag-decorativo","14":"product_tag-eduardo-chillida-belzunce","15":"product_tag-exclusivo","16":"product_tag-isla","17":"product_tag-lujo","18":"product_tag-madera","19":"product_tag-objetos-de-coleccion","20":"product_tag-san-sebastian","21":"product_tag-santa-clara","22":"product_tag-skate","23":"product_tag-vista","25":"first","26":"instock","27":"taxable","28":"shipping-taxable","29":"purchasable","30":"product-type-simple","31":"add-to-wishlist-after_add_to_cart"},"yoast_head":"<!-- This site is optimized with the Yoast SEO plugin v27.1 - https:\/\/yoast.com\/product\/yoast-seo-wordpress\/ -->\n<title>Skate &quot;Vistas a la Bah\u00eda de la Concha&quot; - Chillida Belzunce Art &amp; Design - CHB<\/title>\n<meta name=\"description\" content=\"Skate &quot;Vistas a la Concha&quot; es una colaboraci\u00f3n \u00fanica entre Eduardo Chillida Belzunce y C4RAMELO. Una obra maestra numerada con certificado de autenticidad.\" \/>\n<meta name=\"robots\" content=\"index, follow, max-snippet:-1, max-image-preview:large, max-video-preview:-1\" \/>\n<link rel=\"canonical\" href=\"https:\/\/chbartdesign.com\/en\/product\/skate-vistas-a-la-concha-chb\/\" \/>\n<meta property=\"og:locale\" content=\"en_GB\" \/>\n<meta property=\"og:type\" content=\"article\" \/>\n<meta property=\"og:title\" content=\"Skate &quot;Vistas a la Bah\u00eda de la Concha&quot; - Chillida Belzunce Art &amp; Design - CHB\" \/>\n<meta property=\"og:description\" content=\"Skate &quot;Vistas a la Concha&quot; es una colaboraci\u00f3n \u00fanica entre Eduardo Chillida Belzunce y C4RAMELO. Una obra maestra numerada con certificado de autenticidad.\" \/>\n<meta property=\"og:url\" content=\"https:\/\/chbartdesign.com\/en\/product\/skate-vistas-a-la-concha-chb\/\" \/>\n<meta property=\"og:site_name\" content=\"Chillida Belzunce Art &amp; Design - CHB\" \/>\n<meta property=\"article:modified_time\" content=\"2025-08-14T07:47:01+00:00\" \/>\n<meta property=\"og:image\" content=\"https:\/\/chbartdesign.com\/wp-content\/uploads\/2023\/11\/DSC08690-copia-scaled.jpg\" \/>\n\t<meta property=\"og:image:width\" content=\"1707\" \/>\n\t<meta property=\"og:image:height\" content=\"2560\" \/>\n\t<meta property=\"og:image:type\" content=\"image\/jpeg\" \/>\n<meta name=\"twitter:card\" content=\"summary_large_image\" \/>\n<meta name=\"twitter:label1\" content=\"Estimated reading time\" \/>\n\t<meta name=\"twitter:data1\" content=\"1 minute\" \/>\n<script type=\"application\/ld+json\" class=\"yoast-schema-graph\">{\"@context\":\"https:\/\/schema.org\",\"@graph\":[{\"@type\":\"WebPage\",\"@id\":\"https:\/\/chbartdesign.com\/producto\/skate-vistas-a-la-concha-chb\/\",\"url\":\"https:\/\/chbartdesign.com\/producto\/skate-vistas-a-la-concha-chb\/\",\"name\":\"Skate \\\"Vistas a la Bah\u00eda de la Concha\\\" - Chillida Belzunce Art &amp; Design - CHB\",\"isPartOf\":{\"@id\":\"https:\/\/chbartdesign.com\/#website\"},\"primaryImageOfPage\":{\"@id\":\"https:\/\/chbartdesign.com\/producto\/skate-vistas-a-la-concha-chb\/#primaryimage\"},\"image\":{\"@id\":\"https:\/\/chbartdesign.com\/producto\/skate-vistas-a-la-concha-chb\/#primaryimage\"},\"thumbnailUrl\":\"https:\/\/chbartdesign.com\/wp-content\/uploads\/2023\/11\/DSC08690-copia-scaled.jpg\",\"datePublished\":\"2023-04-09T08:03:34+00:00\",\"dateModified\":\"2025-08-14T07:47:01+00:00\",\"description\":\"Skate \\\"Vistas a la Concha\\\" es una colaboraci\u00f3n \u00fanica entre Eduardo Chillida Belzunce y C4RAMELO. Una obra maestra numerada con certificado de autenticidad.\",\"breadcrumb\":{\"@id\":\"https:\/\/chbartdesign.com\/producto\/skate-vistas-a-la-concha-chb\/#breadcrumb\"},\"inLanguage\":\"en-GB\",\"potentialAction\":[{\"@type\":\"ReadAction\",\"target\":[\"https:\/\/chbartdesign.com\/producto\/skate-vistas-a-la-concha-chb\/\"]}]},{\"@type\":\"ImageObject\",\"inLanguage\":\"en-GB\",\"@id\":\"https:\/\/chbartdesign.com\/producto\/skate-vistas-a-la-concha-chb\/#primaryimage\",\"url\":\"https:\/\/chbartdesign.com\/wp-content\/uploads\/2023\/11\/DSC08690-copia-scaled.jpg\",\"contentUrl\":\"https:\/\/chbartdesign.com\/wp-content\/uploads\/2023\/11\/DSC08690-copia-scaled.jpg\",\"width\":1707,\"height\":2560,\"caption\":\"Fotograf\u00eda de un skate con vistas a una isla distante, combinando el ambiente urbano del skate con un tranquilo paisaje mar\u00edtimo.\"},{\"@type\":\"BreadcrumbList\",\"@id\":\"https:\/\/chbartdesign.com\/producto\/skate-vistas-a-la-concha-chb\/#breadcrumb\",\"itemListElement\":[{\"@type\":\"ListItem\",\"position\":1,\"name\":\"Portada\",\"item\":\"https:\/\/chbartdesign.com\/\"},{\"@type\":\"ListItem\",\"position\":2,\"name\":\"Tienda\",\"item\":\"https:\/\/chbartdesign.com\/tienda\/\"},{\"@type\":\"ListItem\",\"position\":3,\"name\":\"Skate &#8220;Vistas a la Bah\u00eda de la Concha&#8221;\"}]},{\"@type\":\"WebSite\",\"@id\":\"https:\/\/chbartdesign.com\/#website\",\"url\":\"https:\/\/chbartdesign.com\/\",\"name\":\"Chillida Belzunce Art &amp; Design - CHB\",\"description\":\"Chillida Belzunce Art &amp; Design - CHB: Exclusividad y arte en cada dise\u00f1o.\",\"publisher\":{\"@id\":\"https:\/\/chbartdesign.com\/#organization\"},\"potentialAction\":[{\"@type\":\"SearchAction\",\"target\":{\"@type\":\"EntryPoint\",\"urlTemplate\":\"https:\/\/chbartdesign.com\/?s={search_term_string}\"},\"query-input\":{\"@type\":\"PropertyValueSpecification\",\"valueRequired\":true,\"valueName\":\"search_term_string\"}}],\"inLanguage\":\"en-GB\"},{\"@type\":\"Organization\",\"@id\":\"https:\/\/chbartdesign.com\/#organization\",\"name\":\"Chillida Belzunce Art &amp; Design - CHB\",\"url\":\"https:\/\/chbartdesign.com\/\",\"logo\":{\"@type\":\"ImageObject\",\"inLanguage\":\"en-GB\",\"@id\":\"https:\/\/chbartdesign.com\/#\/schema\/logo\/image\/\",\"url\":\"https:\/\/chbartdesign.com\/wp-content\/uploads\/2024\/06\/cropped-cropped-Logo-nuevo-CHB-para-web2024-e1760639568962.png\",\"contentUrl\":\"https:\/\/chbartdesign.com\/wp-content\/uploads\/2024\/06\/cropped-cropped-Logo-nuevo-CHB-para-web2024-e1760639568962.png\",\"width\":512,\"height\":359,\"caption\":\"Chillida Belzunce Art &amp; Design - CHB\"},\"image\":{\"@id\":\"https:\/\/chbartdesign.com\/#\/schema\/logo\/image\/\"}}]}<\/script>\n<!-- \/ Yoast SEO plugin. -->","yoast_head_json":{"title":"Skate \"Vistas a la Bah\u00eda de la Concha\" - Chillida Belzunce Art &amp; Design - CHB","description":"Skate \"Vistas a la Concha\" es una colaboraci\u00f3n \u00fanica entre Eduardo Chillida Belzunce y C4RAMELO. Una obra maestra numerada con certificado de autenticidad.","robots":{"index":"index","follow":"follow","max-snippet":"max-snippet:-1","max-image-preview":"max-image-preview:large","max-video-preview":"max-video-preview:-1"},"canonical":"https:\/\/chbartdesign.com\/en\/product\/skate-vistas-a-la-concha-chb\/","og_locale":"en_GB","og_type":"article","og_title":"Skate \"Vistas a la Bah\u00eda de la Concha\" - Chillida Belzunce Art &amp; Design - CHB","og_description":"Skate \"Vistas a la Concha\" es una colaboraci\u00f3n \u00fanica entre Eduardo Chillida Belzunce y C4RAMELO. Una obra maestra numerada con certificado de autenticidad.","og_url":"https:\/\/chbartdesign.com\/en\/product\/skate-vistas-a-la-concha-chb\/","og_site_name":"Chillida Belzunce Art &amp; Design - CHB","article_modified_time":"2025-08-14T07:47:01+00:00","og_image":[{"width":1707,"height":2560,"url":"https:\/\/chbartdesign.com\/wp-content\/uploads\/2023\/11\/DSC08690-copia-scaled.jpg","type":"image\/jpeg"}],"twitter_card":"summary_large_image","twitter_misc":{"Estimated reading time":"1 minute"},"schema":{"@context":"https:\/\/schema.org","@graph":[{"@type":"WebPage","@id":"https:\/\/chbartdesign.com\/producto\/skate-vistas-a-la-concha-chb\/","url":"https:\/\/chbartdesign.com\/producto\/skate-vistas-a-la-concha-chb\/","name":"Skate \"Vistas a la Bah\u00eda de la Concha\" - Chillida Belzunce Art &amp; Design - CHB","isPartOf":{"@id":"https:\/\/chbartdesign.com\/#website"},"primaryImageOfPage":{"@id":"https:\/\/chbartdesign.com\/producto\/skate-vistas-a-la-concha-chb\/#primaryimage"},"image":{"@id":"https:\/\/chbartdesign.com\/producto\/skate-vistas-a-la-concha-chb\/#primaryimage"},"thumbnailUrl":"https:\/\/chbartdesign.com\/wp-content\/uploads\/2023\/11\/DSC08690-copia-scaled.jpg","datePublished":"2023-04-09T08:03:34+00:00","dateModified":"2025-08-14T07:47:01+00:00","description":"Skate \"Vistas a la Concha\" es una colaboraci\u00f3n \u00fanica entre Eduardo Chillida Belzunce y C4RAMELO. Una obra maestra numerada con certificado de autenticidad.","breadcrumb":{"@id":"https:\/\/chbartdesign.com\/producto\/skate-vistas-a-la-concha-chb\/#breadcrumb"},"inLanguage":"en-GB","potentialAction":[{"@type":"ReadAction","target":["https:\/\/chbartdesign.com\/producto\/skate-vistas-a-la-concha-chb\/"]}]},{"@type":"ImageObject","inLanguage":"en-GB","@id":"https:\/\/chbartdesign.com\/producto\/skate-vistas-a-la-concha-chb\/#primaryimage","url":"https:\/\/chbartdesign.com\/wp-content\/uploads\/2023\/11\/DSC08690-copia-scaled.jpg","contentUrl":"https:\/\/chbartdesign.com\/wp-content\/uploads\/2023\/11\/DSC08690-copia-scaled.jpg","width":1707,"height":2560,"caption":"Fotograf\u00eda de un skate con vistas a una isla distante, combinando el ambiente urbano del skate con un tranquilo paisaje mar\u00edtimo."},{"@type":"BreadcrumbList","@id":"https:\/\/chbartdesign.com\/producto\/skate-vistas-a-la-concha-chb\/#breadcrumb","itemListElement":[{"@type":"ListItem","position":1,"name":"Portada","item":"https:\/\/chbartdesign.com\/"},{"@type":"ListItem","position":2,"name":"Tienda","item":"https:\/\/chbartdesign.com\/tienda\/"},{"@type":"ListItem","position":3,"name":"Skate &#8220;Vistas a la Bah\u00eda de la Concha&#8221;"}]},{"@type":"WebSite","@id":"https:\/\/chbartdesign.com\/#website","url":"https:\/\/chbartdesign.com\/","name":"Chillida Belzunce Art &amp; Design - CHB","description":"Chillida Belzunce Art &amp; Design - CHB: Exclusividad y arte en cada dise\u00f1o.","publisher":{"@id":"https:\/\/chbartdesign.com\/#organization"},"potentialAction":[{"@type":"SearchAction","target":{"@type":"EntryPoint","urlTemplate":"https:\/\/chbartdesign.com\/?s={search_term_string}"},"query-input":{"@type":"PropertyValueSpecification","valueRequired":true,"valueName":"search_term_string"}}],"inLanguage":"en-GB"},{"@type":"Organization","@id":"https:\/\/chbartdesign.com\/#organization","name":"Chillida Belzunce Art &amp; Design - CHB","url":"https:\/\/chbartdesign.com\/","logo":{"@type":"ImageObject","inLanguage":"en-GB","@id":"https:\/\/chbartdesign.com\/#\/schema\/logo\/image\/","url":"https:\/\/chbartdesign.com\/wp-content\/uploads\/2024\/06\/cropped-cropped-Logo-nuevo-CHB-para-web2024-e1760639568962.png","contentUrl":"https:\/\/chbartdesign.com\/wp-content\/uploads\/2024\/06\/cropped-cropped-Logo-nuevo-CHB-para-web2024-e1760639568962.png","width":512,"height":359,"caption":"Chillida Belzunce Art &amp; Design - CHB"},"image":{"@id":"https:\/\/chbartdesign.com\/#\/schema\/logo\/image\/"}}]}},"_links":{"self":[{"href":"https:\/\/chbartdesign.com\/en\/wp-json\/wp\/v2\/product\/259","targetHints":{"allow":["GET"]}}],"collection":[{"href":"https:\/\/chbartdesign.com\/en\/wp-json\/wp\/v2\/product"}],"about":[{"href":"https:\/\/chbartdesign.com\/en\/wp-json\/wp\/v2\/types\/product"}],"wp:featuredmedia":[{"embeddable":true,"href":"https:\/\/chbartdesign.com\/en\/wp-json\/wp\/v2\/media\/6712"}],"wp:attachment":[{"href":"https:\/\/chbartdesign.com\/en\/wp-json\/wp\/v2\/media?parent=259"}],"wp:term":[{"taxonomy":"product_brand","embeddable":true,"href":"https:\/\/chbartdesign.com\/en\/wp-json\/wp\/v2\/product_brand?post=259"},{"taxonomy":"product_cat","embeddable":true,"href":"https:\/\/chbartdesign.com\/en\/wp-json\/wp\/v2\/product_cat?post=259"},{"taxonomy":"product_tag","embeddable":true,"href":"https:\/\/chbartdesign.com\/en\/wp-json\/wp\/v2\/product_tag?post=259"}],"curies":[{"name":"wp","href":"https:\/\/api.w.org\/{rel}","templated":true}]}}