{"id":296,"date":"2023-04-06T15:53:15","date_gmt":"2023-04-06T08:53:15","guid":{"rendered":"https:\/\/chbartdesign.com\/?post_type=product&#038;p=296"},"modified":"2025-08-12T16:23:45","modified_gmt":"2025-08-12T14:23:45","slug":"panuelo-san-sebastian-chb","status":"publish","type":"product","link":"https:\/\/chbartdesign.com\/en\/product\/panuelo-san-sebastian-chb\/","title":{"rendered":"Pa\u00f1uelo &#8220;Cien a\u00f1os de ilusi\u00f3n&#8221;"},"content":{"rendered":"<p><strong>DESIGN<\/strong>: <span style=\"font-weight: 400;\">Paisaje donostiarra reproducci\u00f3n del cuadro<\/span><span style=\"font-weight: 400;\"> \u201cCien a\u00f1os de ilusi\u00f3n\u201d de CHB, celebra el Centenario de la Real Sociedad de F\u00fatbol de San Sebasti\u00e1n.\u00a0<\/span><\/p>\n<p><strong>SPECIAL EDITION<\/strong>: Edici\u00f3n limitada de 100 pa\u00f1uelos. <span style=\"font-weight: 400;\">Cada ejemplar va acompa\u00f1ado de un certificado de autenticidad numerado.\u00a0<\/span><\/p>\n<p><strong>MATERIAL<\/strong>: High quality polyester.<\/p>\n<p><strong>DIMENSIONS<\/strong>: 80 cm x 140 cm, large size.<\/p>\n<p><strong>PACKAGING<\/strong>: Hemos creado un packaging exclusivo que refleja el valor y la esencia de nuestro producto. Cada unidad va presentada en una bolsa de algod\u00f3n 100% natural, ilustrada con una obra original de Chillida Belzunce, y se entrega en una caja de cart\u00f3n forrada a mano, cuidando cada detalle para ofrecer una experiencia \u00fanica desde el primer momento. Adem\u00e1s, cada pa\u00f1uelo lleva su certificado de autenticidad con su numeraci\u00f3n.<\/p>\n<p><br style=\"font-weight: 400;\" \/><br style=\"font-weight: 400;\" \/><\/p>","protected":false},"excerpt":{"rendered":"<p><span style=\"font-weight: 400;\">Exclusivo pa\u00f1uelo conmemorativo<\/span>, &#8220;Cien a\u00f1os de ilusi\u00f3n&#8221;, celebra el centenario de la Real Sociedad, elaborado en polyester de alta calidad.<\/p>","protected":false},"featured_media":6641,"template":"","meta":[],"product_brand":[],"product_cat":[269,149],"product_tag":[217,160,219,214,157,216,163,176,218,215,173],"class_list":{"0":"post-296","1":"product","2":"type-product","3":"status-publish","4":"has-post-thumbnail","6":"product_cat-panuelos-y-fulares","7":"product_cat-moda-y-complementos","8":"product_tag-100anosilusion","9":"product_tag-accesorio-de-lujo","10":"product_tag-bahia-de-la-concha","11":"product_tag-centenario-real-sociedad","12":"product_tag-chb-artdesign","13":"product_tag-edicion-limitada","14":"product_tag-eduardo-chillida-belzunce","15":"product_tag-lujo","16":"product_tag-panuelo","17":"product_tag-panuelo-conmemorativo","18":"product_tag-san-sebastian","20":"first","21":"instock","22":"taxable","23":"shipping-taxable","24":"purchasable","25":"product-type-simple","26":"add-to-wishlist-after_add_to_cart"},"yoast_head":"<!-- This site is optimized with the Yoast SEO plugin v27.1 - https:\/\/yoast.com\/product\/yoast-seo-wordpress\/ -->\n<title>Pa\u00f1uelo &quot;Cien a\u00f1os de ilusi\u00f3n&quot; - Chillida Belzunce Art &amp; Design - CHB<\/title>\n<meta name=\"description\" content=\"El pa\u00f1uelo &#039;Cien a\u00f1os de ilusi\u00f3n&#039; celebra el centenario de la Real Sociedad con una edici\u00f3n limitada de pa\u00f1uelos de lujo de poli\u00e9ster, tama\u00f1o 80 x 140 cm.\" \/>\n<meta name=\"robots\" content=\"index, follow, max-snippet:-1, max-image-preview:large, max-video-preview:-1\" \/>\n<link rel=\"canonical\" href=\"https:\/\/chbartdesign.com\/en\/product\/panuelo-san-sebastian-chb\/\" \/>\n<meta property=\"og:locale\" content=\"en_GB\" \/>\n<meta property=\"og:type\" content=\"article\" \/>\n<meta property=\"og:title\" content=\"Pa\u00f1uelo &quot;Cien a\u00f1os de ilusi\u00f3n&quot; - Chillida Belzunce Art &amp; Design - CHB\" \/>\n<meta property=\"og:description\" content=\"El pa\u00f1uelo &#039;Cien a\u00f1os de ilusi\u00f3n&#039; celebra el centenario de la Real Sociedad con una edici\u00f3n limitada de pa\u00f1uelos de lujo de poli\u00e9ster, tama\u00f1o 80 x 140 cm.\" \/>\n<meta property=\"og:url\" content=\"https:\/\/chbartdesign.com\/en\/product\/panuelo-san-sebastian-chb\/\" \/>\n<meta property=\"og:site_name\" content=\"Chillida Belzunce Art &amp; Design - CHB\" \/>\n<meta property=\"article:modified_time\" content=\"2025-08-12T14:23:45+00:00\" \/>\n<meta property=\"og:image\" content=\"https:\/\/chbartdesign.com\/wp-content\/uploads\/2023\/11\/DSC08386-scaled.jpg\" \/>\n\t<meta property=\"og:image:width\" content=\"2560\" \/>\n\t<meta property=\"og:image:height\" content=\"1829\" \/>\n\t<meta property=\"og:image:type\" content=\"image\/jpeg\" \/>\n<meta name=\"twitter:card\" content=\"summary_large_image\" \/>\n<meta name=\"twitter:label1\" content=\"Estimated reading time\" \/>\n\t<meta name=\"twitter:data1\" content=\"1 minute\" \/>\n<script type=\"application\/ld+json\" class=\"yoast-schema-graph\">{\"@context\":\"https:\/\/schema.org\",\"@graph\":[{\"@type\":\"WebPage\",\"@id\":\"https:\/\/chbartdesign.com\/producto\/panuelo-san-sebastian-chb\/\",\"url\":\"https:\/\/chbartdesign.com\/producto\/panuelo-san-sebastian-chb\/\",\"name\":\"Pa\u00f1uelo \\\"Cien a\u00f1os de ilusi\u00f3n\\\" - Chillida Belzunce Art &amp; Design - CHB\",\"isPartOf\":{\"@id\":\"https:\/\/chbartdesign.com\/#website\"},\"primaryImageOfPage\":{\"@id\":\"https:\/\/chbartdesign.com\/producto\/panuelo-san-sebastian-chb\/#primaryimage\"},\"image\":{\"@id\":\"https:\/\/chbartdesign.com\/producto\/panuelo-san-sebastian-chb\/#primaryimage\"},\"thumbnailUrl\":\"https:\/\/chbartdesign.com\/wp-content\/uploads\/2023\/11\/DSC08386-scaled.jpg\",\"datePublished\":\"2023-04-06T08:53:15+00:00\",\"dateModified\":\"2025-08-12T14:23:45+00:00\",\"description\":\"El pa\u00f1uelo 'Cien a\u00f1os de ilusi\u00f3n' celebra el centenario de la Real Sociedad con una edici\u00f3n limitada de pa\u00f1uelos de lujo de poli\u00e9ster, tama\u00f1o 80 x 140 cm.\",\"breadcrumb\":{\"@id\":\"https:\/\/chbartdesign.com\/producto\/panuelo-san-sebastian-chb\/#breadcrumb\"},\"inLanguage\":\"en-GB\",\"potentialAction\":[{\"@type\":\"ReadAction\",\"target\":[\"https:\/\/chbartdesign.com\/producto\/panuelo-san-sebastian-chb\/\"]}]},{\"@type\":\"ImageObject\",\"inLanguage\":\"en-GB\",\"@id\":\"https:\/\/chbartdesign.com\/producto\/panuelo-san-sebastian-chb\/#primaryimage\",\"url\":\"https:\/\/chbartdesign.com\/wp-content\/uploads\/2023\/11\/DSC08386-scaled.jpg\",\"contentUrl\":\"https:\/\/chbartdesign.com\/wp-content\/uploads\/2023\/11\/DSC08386-scaled.jpg\",\"width\":2560,\"height\":1829,\"caption\":\"Pa\u00f1uelo de seda 'Cien A\u00f1os de Luz' de CHB Art&Design, un accesorio elegante y exclusivo.\"},{\"@type\":\"BreadcrumbList\",\"@id\":\"https:\/\/chbartdesign.com\/producto\/panuelo-san-sebastian-chb\/#breadcrumb\",\"itemListElement\":[{\"@type\":\"ListItem\",\"position\":1,\"name\":\"Portada\",\"item\":\"https:\/\/chbartdesign.com\/\"},{\"@type\":\"ListItem\",\"position\":2,\"name\":\"Tienda\",\"item\":\"https:\/\/chbartdesign.com\/tienda\/\"},{\"@type\":\"ListItem\",\"position\":3,\"name\":\"Pa\u00f1uelo &#8220;Cien a\u00f1os de ilusi\u00f3n&#8221;\"}]},{\"@type\":\"WebSite\",\"@id\":\"https:\/\/chbartdesign.com\/#website\",\"url\":\"https:\/\/chbartdesign.com\/\",\"name\":\"Chillida Belzunce Art &amp; Design - CHB\",\"description\":\"Chillida Belzunce Art &amp; Design - CHB: Exclusividad y arte en cada dise\u00f1o.\",\"publisher\":{\"@id\":\"https:\/\/chbartdesign.com\/#organization\"},\"potentialAction\":[{\"@type\":\"SearchAction\",\"target\":{\"@type\":\"EntryPoint\",\"urlTemplate\":\"https:\/\/chbartdesign.com\/?s={search_term_string}\"},\"query-input\":{\"@type\":\"PropertyValueSpecification\",\"valueRequired\":true,\"valueName\":\"search_term_string\"}}],\"inLanguage\":\"en-GB\"},{\"@type\":\"Organization\",\"@id\":\"https:\/\/chbartdesign.com\/#organization\",\"name\":\"Chillida Belzunce Art &amp; Design - CHB\",\"url\":\"https:\/\/chbartdesign.com\/\",\"logo\":{\"@type\":\"ImageObject\",\"inLanguage\":\"en-GB\",\"@id\":\"https:\/\/chbartdesign.com\/#\/schema\/logo\/image\/\",\"url\":\"https:\/\/chbartdesign.com\/wp-content\/uploads\/2024\/06\/cropped-cropped-Logo-nuevo-CHB-para-web2024-e1760639568962.png\",\"contentUrl\":\"https:\/\/chbartdesign.com\/wp-content\/uploads\/2024\/06\/cropped-cropped-Logo-nuevo-CHB-para-web2024-e1760639568962.png\",\"width\":512,\"height\":359,\"caption\":\"Chillida Belzunce Art &amp; Design - CHB\"},\"image\":{\"@id\":\"https:\/\/chbartdesign.com\/#\/schema\/logo\/image\/\"}}]}<\/script>\n<!-- \/ Yoast SEO plugin. -->","yoast_head_json":{"title":"Pa\u00f1uelo \"Cien a\u00f1os de ilusi\u00f3n\" - Chillida Belzunce Art &amp; Design - CHB","description":"El pa\u00f1uelo 'Cien a\u00f1os de ilusi\u00f3n' celebra el centenario de la Real Sociedad con una edici\u00f3n limitada de pa\u00f1uelos de lujo de poli\u00e9ster, tama\u00f1o 80 x 140 cm.","robots":{"index":"index","follow":"follow","max-snippet":"max-snippet:-1","max-image-preview":"max-image-preview:large","max-video-preview":"max-video-preview:-1"},"canonical":"https:\/\/chbartdesign.com\/en\/product\/panuelo-san-sebastian-chb\/","og_locale":"en_GB","og_type":"article","og_title":"Pa\u00f1uelo \"Cien a\u00f1os de ilusi\u00f3n\" - Chillida Belzunce Art &amp; Design - CHB","og_description":"El pa\u00f1uelo 'Cien a\u00f1os de ilusi\u00f3n' celebra el centenario de la Real Sociedad con una edici\u00f3n limitada de pa\u00f1uelos de lujo de poli\u00e9ster, tama\u00f1o 80 x 140 cm.","og_url":"https:\/\/chbartdesign.com\/en\/product\/panuelo-san-sebastian-chb\/","og_site_name":"Chillida Belzunce Art &amp; Design - CHB","article_modified_time":"2025-08-12T14:23:45+00:00","og_image":[{"width":2560,"height":1829,"url":"https:\/\/chbartdesign.com\/wp-content\/uploads\/2023\/11\/DSC08386-scaled.jpg","type":"image\/jpeg"}],"twitter_card":"summary_large_image","twitter_misc":{"Estimated reading time":"1 minute"},"schema":{"@context":"https:\/\/schema.org","@graph":[{"@type":"WebPage","@id":"https:\/\/chbartdesign.com\/producto\/panuelo-san-sebastian-chb\/","url":"https:\/\/chbartdesign.com\/producto\/panuelo-san-sebastian-chb\/","name":"Pa\u00f1uelo \"Cien a\u00f1os de ilusi\u00f3n\" - Chillida Belzunce Art &amp; Design - CHB","isPartOf":{"@id":"https:\/\/chbartdesign.com\/#website"},"primaryImageOfPage":{"@id":"https:\/\/chbartdesign.com\/producto\/panuelo-san-sebastian-chb\/#primaryimage"},"image":{"@id":"https:\/\/chbartdesign.com\/producto\/panuelo-san-sebastian-chb\/#primaryimage"},"thumbnailUrl":"https:\/\/chbartdesign.com\/wp-content\/uploads\/2023\/11\/DSC08386-scaled.jpg","datePublished":"2023-04-06T08:53:15+00:00","dateModified":"2025-08-12T14:23:45+00:00","description":"El pa\u00f1uelo 'Cien a\u00f1os de ilusi\u00f3n' celebra el centenario de la Real Sociedad con una edici\u00f3n limitada de pa\u00f1uelos de lujo de poli\u00e9ster, tama\u00f1o 80 x 140 cm.","breadcrumb":{"@id":"https:\/\/chbartdesign.com\/producto\/panuelo-san-sebastian-chb\/#breadcrumb"},"inLanguage":"en-GB","potentialAction":[{"@type":"ReadAction","target":["https:\/\/chbartdesign.com\/producto\/panuelo-san-sebastian-chb\/"]}]},{"@type":"ImageObject","inLanguage":"en-GB","@id":"https:\/\/chbartdesign.com\/producto\/panuelo-san-sebastian-chb\/#primaryimage","url":"https:\/\/chbartdesign.com\/wp-content\/uploads\/2023\/11\/DSC08386-scaled.jpg","contentUrl":"https:\/\/chbartdesign.com\/wp-content\/uploads\/2023\/11\/DSC08386-scaled.jpg","width":2560,"height":1829,"caption":"Pa\u00f1uelo de seda 'Cien A\u00f1os de Luz' de CHB Art&Design, un accesorio elegante y exclusivo."},{"@type":"BreadcrumbList","@id":"https:\/\/chbartdesign.com\/producto\/panuelo-san-sebastian-chb\/#breadcrumb","itemListElement":[{"@type":"ListItem","position":1,"name":"Portada","item":"https:\/\/chbartdesign.com\/"},{"@type":"ListItem","position":2,"name":"Tienda","item":"https:\/\/chbartdesign.com\/tienda\/"},{"@type":"ListItem","position":3,"name":"Pa\u00f1uelo &#8220;Cien a\u00f1os de ilusi\u00f3n&#8221;"}]},{"@type":"WebSite","@id":"https:\/\/chbartdesign.com\/#website","url":"https:\/\/chbartdesign.com\/","name":"Chillida Belzunce Art &amp; Design - CHB","description":"Chillida Belzunce Art &amp; Design - CHB: Exclusividad y arte en cada dise\u00f1o.","publisher":{"@id":"https:\/\/chbartdesign.com\/#organization"},"potentialAction":[{"@type":"SearchAction","target":{"@type":"EntryPoint","urlTemplate":"https:\/\/chbartdesign.com\/?s={search_term_string}"},"query-input":{"@type":"PropertyValueSpecification","valueRequired":true,"valueName":"search_term_string"}}],"inLanguage":"en-GB"},{"@type":"Organization","@id":"https:\/\/chbartdesign.com\/#organization","name":"Chillida Belzunce Art &amp; Design - CHB","url":"https:\/\/chbartdesign.com\/","logo":{"@type":"ImageObject","inLanguage":"en-GB","@id":"https:\/\/chbartdesign.com\/#\/schema\/logo\/image\/","url":"https:\/\/chbartdesign.com\/wp-content\/uploads\/2024\/06\/cropped-cropped-Logo-nuevo-CHB-para-web2024-e1760639568962.png","contentUrl":"https:\/\/chbartdesign.com\/wp-content\/uploads\/2024\/06\/cropped-cropped-Logo-nuevo-CHB-para-web2024-e1760639568962.png","width":512,"height":359,"caption":"Chillida Belzunce Art &amp; Design - CHB"},"image":{"@id":"https:\/\/chbartdesign.com\/#\/schema\/logo\/image\/"}}]}},"_links":{"self":[{"href":"https:\/\/chbartdesign.com\/en\/wp-json\/wp\/v2\/product\/296","targetHints":{"allow":["GET"]}}],"collection":[{"href":"https:\/\/chbartdesign.com\/en\/wp-json\/wp\/v2\/product"}],"about":[{"href":"https:\/\/chbartdesign.com\/en\/wp-json\/wp\/v2\/types\/product"}],"wp:featuredmedia":[{"embeddable":true,"href":"https:\/\/chbartdesign.com\/en\/wp-json\/wp\/v2\/media\/6641"}],"wp:attachment":[{"href":"https:\/\/chbartdesign.com\/en\/wp-json\/wp\/v2\/media?parent=296"}],"wp:term":[{"taxonomy":"product_brand","embeddable":true,"href":"https:\/\/chbartdesign.com\/en\/wp-json\/wp\/v2\/product_brand?post=296"},{"taxonomy":"product_cat","embeddable":true,"href":"https:\/\/chbartdesign.com\/en\/wp-json\/wp\/v2\/product_cat?post=296"},{"taxonomy":"product_tag","embeddable":true,"href":"https:\/\/chbartdesign.com\/en\/wp-json\/wp\/v2\/product_tag?post=296"}],"curies":[{"name":"wp","href":"https:\/\/api.w.org\/{rel}","templated":true}]}}