{"id":6852,"date":"2023-12-11T16:38:07","date_gmt":"2023-12-11T15:38:07","guid":{"rendered":"https:\/\/chbartdesign.com\/?post_type=product&#038;p=6852"},"modified":"2025-08-13T10:38:15","modified_gmt":"2025-08-13T08:38:15","slug":"alfombrilla-raton-el-horizonte-chb","status":"publish","type":"product","link":"https:\/\/chbartdesign.com\/en\/product\/alfombrilla-raton-el-horizonte-chb\/","title":{"rendered":"Alfombrilla de Rat\u00f3n &#8220;El horizonte&#8221;"},"content":{"rendered":"<p><strong>MATERIAL<\/strong>: Anti-slip rubber for stability. Soft-touch fabric for comfortable mouse gliding.<\/p>\n<p><strong>MEASUREMENTS<\/strong>: 19 x 23 cm, practical size for any desk.<\/p>\n<p><strong>THICKNESS<\/strong>: 5 mm for durability and optimal comfort.<\/p>\n<p><strong>LASTING IMPRESSION<\/strong>: Wear-resistant, machine washable.<\/p>\n<p><strong>PRESENTACI\u00d3N:<\/strong> Hemos creado un packaging exclusivo que refleja el valor y la esencia de nuestro producto. Cada unidad va presentada en una bolsa de algod\u00f3n 100% natural, ilustrada con una obra original de Chillida Belzunce, y se entrega en una caja de cart\u00f3n forrada a mano, cuidando cada detalle para ofrecer una experiencia \u00fanica desde el primer momento.<\/p>\n<p>&nbsp;<\/p>","protected":false},"excerpt":{"rendered":"<p>Non-slip rubber mat with soft fabric surface, ideal for everyday use and unique design.<\/p>","protected":false},"featured_media":6660,"template":"","meta":[],"product_brand":[],"product_cat":[277,148],"product_tag":[165,160,164,166,159,157,163],"class_list":{"0":"post-6852","1":"product","2":"type-product","3":"status-publish","4":"has-post-thumbnail","6":"product_cat-alfombrillas-de-raton","7":"product_cat-accesorios","8":"product_tag-accesorio-de-escritorio","9":"product_tag-accesorio-de-lujo","10":"product_tag-alfombrilla","11":"product_tag-alfombrilla-de-raton","12":"product_tag-arte","13":"product_tag-chb-artdesign","14":"product_tag-eduardo-chillida-belzunce","16":"first","17":"instock","18":"taxable","19":"shipping-taxable","20":"purchasable","21":"product-type-simple","22":"add-to-wishlist-after_add_to_cart"},"yoast_head":"<!-- This site is optimized with the Yoast SEO plugin v27.1 - https:\/\/yoast.com\/product\/yoast-seo-wordpress\/ -->\n<title>Alfombrilla de Rat\u00f3n &quot;El horizonte&quot; - Chillida Belzunce Art &amp; Design - CHB<\/title>\n<meta name=\"description\" content=\"Alfombrilla de rat\u00f3n de calidad de CHB con estampado &quot;El horizonte&quot;: antideslizante, suave y duradera, con impresi\u00f3n resistente al desgaste.\" \/>\n<meta name=\"robots\" content=\"index, follow, max-snippet:-1, max-image-preview:large, max-video-preview:-1\" \/>\n<link rel=\"canonical\" href=\"https:\/\/chbartdesign.com\/en\/product\/alfombrilla-raton-el-horizonte-chb\/\" \/>\n<meta property=\"og:locale\" content=\"en_GB\" \/>\n<meta property=\"og:type\" content=\"article\" \/>\n<meta property=\"og:title\" content=\"Alfombrilla de Rat\u00f3n &quot;El horizonte&quot; - Chillida Belzunce Art &amp; Design - CHB\" \/>\n<meta property=\"og:description\" content=\"Alfombrilla de rat\u00f3n de calidad de CHB con estampado &quot;El horizonte&quot;: antideslizante, suave y duradera, con impresi\u00f3n resistente al desgaste.\" \/>\n<meta property=\"og:url\" content=\"https:\/\/chbartdesign.com\/en\/product\/alfombrilla-raton-el-horizonte-chb\/\" \/>\n<meta property=\"og:site_name\" content=\"Chillida Belzunce Art &amp; Design - CHB\" \/>\n<meta property=\"article:modified_time\" content=\"2025-08-13T08:38:15+00:00\" \/>\n<meta property=\"og:image\" content=\"https:\/\/chbartdesign.com\/wp-content\/uploads\/2023\/11\/DSC08435_1-scaled.jpg\" \/>\n\t<meta property=\"og:image:width\" content=\"2560\" \/>\n\t<meta property=\"og:image:height\" content=\"1829\" \/>\n\t<meta property=\"og:image:type\" content=\"image\/jpeg\" \/>\n<meta name=\"twitter:card\" content=\"summary_large_image\" \/>\n<meta name=\"twitter:label1\" content=\"Estimated reading time\" \/>\n\t<meta name=\"twitter:data1\" content=\"1 minute\" \/>\n<script type=\"application\/ld+json\" class=\"yoast-schema-graph\">{\"@context\":\"https:\/\/schema.org\",\"@graph\":[{\"@type\":\"WebPage\",\"@id\":\"https:\/\/chbartdesign.com\/producto\/alfombrilla-raton-el-horizonte-chb\/\",\"url\":\"https:\/\/chbartdesign.com\/producto\/alfombrilla-raton-el-horizonte-chb\/\",\"name\":\"Alfombrilla de Rat\u00f3n \\\"El horizonte\\\" - Chillida Belzunce Art &amp; Design - CHB\",\"isPartOf\":{\"@id\":\"https:\/\/chbartdesign.com\/#website\"},\"primaryImageOfPage\":{\"@id\":\"https:\/\/chbartdesign.com\/producto\/alfombrilla-raton-el-horizonte-chb\/#primaryimage\"},\"image\":{\"@id\":\"https:\/\/chbartdesign.com\/producto\/alfombrilla-raton-el-horizonte-chb\/#primaryimage\"},\"thumbnailUrl\":\"https:\/\/chbartdesign.com\/wp-content\/uploads\/2023\/11\/DSC08435_1-scaled.jpg\",\"datePublished\":\"2023-12-11T15:38:07+00:00\",\"dateModified\":\"2025-08-13T08:38:15+00:00\",\"description\":\"Alfombrilla de rat\u00f3n de calidad de CHB con estampado \\\"El horizonte\\\": antideslizante, suave y duradera, con impresi\u00f3n resistente al desgaste.\",\"breadcrumb\":{\"@id\":\"https:\/\/chbartdesign.com\/producto\/alfombrilla-raton-el-horizonte-chb\/#breadcrumb\"},\"inLanguage\":\"en-GB\",\"potentialAction\":[{\"@type\":\"ReadAction\",\"target\":[\"https:\/\/chbartdesign.com\/producto\/alfombrilla-raton-el-horizonte-chb\/\"]}]},{\"@type\":\"ImageObject\",\"inLanguage\":\"en-GB\",\"@id\":\"https:\/\/chbartdesign.com\/producto\/alfombrilla-raton-el-horizonte-chb\/#primaryimage\",\"url\":\"https:\/\/chbartdesign.com\/wp-content\/uploads\/2023\/11\/DSC08435_1-scaled.jpg\",\"contentUrl\":\"https:\/\/chbartdesign.com\/wp-content\/uploads\/2023\/11\/DSC08435_1-scaled.jpg\",\"width\":2560,\"height\":1829,\"caption\":\"Foto de la alfombrilla de CHB Art&Design inspirada en 'Quatre Vents', un toque de elegancia y exclusividad en tu escritorio.\"},{\"@type\":\"BreadcrumbList\",\"@id\":\"https:\/\/chbartdesign.com\/producto\/alfombrilla-raton-el-horizonte-chb\/#breadcrumb\",\"itemListElement\":[{\"@type\":\"ListItem\",\"position\":1,\"name\":\"Portada\",\"item\":\"https:\/\/chbartdesign.com\/\"},{\"@type\":\"ListItem\",\"position\":2,\"name\":\"Tienda\",\"item\":\"https:\/\/chbartdesign.com\/tienda\/\"},{\"@type\":\"ListItem\",\"position\":3,\"name\":\"Alfombrilla de Rat\u00f3n &#8220;El horizonte&#8221;\"}]},{\"@type\":\"WebSite\",\"@id\":\"https:\/\/chbartdesign.com\/#website\",\"url\":\"https:\/\/chbartdesign.com\/\",\"name\":\"Chillida Belzunce Art &amp; Design - CHB\",\"description\":\"Chillida Belzunce Art &amp; Design - CHB: Exclusividad y arte en cada dise\u00f1o.\",\"publisher\":{\"@id\":\"https:\/\/chbartdesign.com\/#organization\"},\"potentialAction\":[{\"@type\":\"SearchAction\",\"target\":{\"@type\":\"EntryPoint\",\"urlTemplate\":\"https:\/\/chbartdesign.com\/?s={search_term_string}\"},\"query-input\":{\"@type\":\"PropertyValueSpecification\",\"valueRequired\":true,\"valueName\":\"search_term_string\"}}],\"inLanguage\":\"en-GB\"},{\"@type\":\"Organization\",\"@id\":\"https:\/\/chbartdesign.com\/#organization\",\"name\":\"Chillida Belzunce Art &amp; Design - CHB\",\"url\":\"https:\/\/chbartdesign.com\/\",\"logo\":{\"@type\":\"ImageObject\",\"inLanguage\":\"en-GB\",\"@id\":\"https:\/\/chbartdesign.com\/#\/schema\/logo\/image\/\",\"url\":\"https:\/\/chbartdesign.com\/wp-content\/uploads\/2024\/06\/cropped-cropped-Logo-nuevo-CHB-para-web2024-e1760639568962.png\",\"contentUrl\":\"https:\/\/chbartdesign.com\/wp-content\/uploads\/2024\/06\/cropped-cropped-Logo-nuevo-CHB-para-web2024-e1760639568962.png\",\"width\":512,\"height\":359,\"caption\":\"Chillida Belzunce Art &amp; Design - CHB\"},\"image\":{\"@id\":\"https:\/\/chbartdesign.com\/#\/schema\/logo\/image\/\"}}]}<\/script>\n<!-- \/ Yoast SEO plugin. -->","yoast_head_json":{"title":"Alfombrilla de Rat\u00f3n \"El horizonte\" - Chillida Belzunce Art &amp; Design - CHB","description":"Alfombrilla de rat\u00f3n de calidad de CHB con estampado \"El horizonte\": antideslizante, suave y duradera, con impresi\u00f3n resistente al desgaste.","robots":{"index":"index","follow":"follow","max-snippet":"max-snippet:-1","max-image-preview":"max-image-preview:large","max-video-preview":"max-video-preview:-1"},"canonical":"https:\/\/chbartdesign.com\/en\/product\/alfombrilla-raton-el-horizonte-chb\/","og_locale":"en_GB","og_type":"article","og_title":"Alfombrilla de Rat\u00f3n \"El horizonte\" - Chillida Belzunce Art &amp; Design - CHB","og_description":"Alfombrilla de rat\u00f3n de calidad de CHB con estampado \"El horizonte\": antideslizante, suave y duradera, con impresi\u00f3n resistente al desgaste.","og_url":"https:\/\/chbartdesign.com\/en\/product\/alfombrilla-raton-el-horizonte-chb\/","og_site_name":"Chillida Belzunce Art &amp; Design - CHB","article_modified_time":"2025-08-13T08:38:15+00:00","og_image":[{"width":2560,"height":1829,"url":"https:\/\/chbartdesign.com\/wp-content\/uploads\/2023\/11\/DSC08435_1-scaled.jpg","type":"image\/jpeg"}],"twitter_card":"summary_large_image","twitter_misc":{"Estimated reading time":"1 minute"},"schema":{"@context":"https:\/\/schema.org","@graph":[{"@type":"WebPage","@id":"https:\/\/chbartdesign.com\/producto\/alfombrilla-raton-el-horizonte-chb\/","url":"https:\/\/chbartdesign.com\/producto\/alfombrilla-raton-el-horizonte-chb\/","name":"Alfombrilla de Rat\u00f3n \"El horizonte\" - Chillida Belzunce Art &amp; Design - CHB","isPartOf":{"@id":"https:\/\/chbartdesign.com\/#website"},"primaryImageOfPage":{"@id":"https:\/\/chbartdesign.com\/producto\/alfombrilla-raton-el-horizonte-chb\/#primaryimage"},"image":{"@id":"https:\/\/chbartdesign.com\/producto\/alfombrilla-raton-el-horizonte-chb\/#primaryimage"},"thumbnailUrl":"https:\/\/chbartdesign.com\/wp-content\/uploads\/2023\/11\/DSC08435_1-scaled.jpg","datePublished":"2023-12-11T15:38:07+00:00","dateModified":"2025-08-13T08:38:15+00:00","description":"Alfombrilla de rat\u00f3n de calidad de CHB con estampado \"El horizonte\": antideslizante, suave y duradera, con impresi\u00f3n resistente al desgaste.","breadcrumb":{"@id":"https:\/\/chbartdesign.com\/producto\/alfombrilla-raton-el-horizonte-chb\/#breadcrumb"},"inLanguage":"en-GB","potentialAction":[{"@type":"ReadAction","target":["https:\/\/chbartdesign.com\/producto\/alfombrilla-raton-el-horizonte-chb\/"]}]},{"@type":"ImageObject","inLanguage":"en-GB","@id":"https:\/\/chbartdesign.com\/producto\/alfombrilla-raton-el-horizonte-chb\/#primaryimage","url":"https:\/\/chbartdesign.com\/wp-content\/uploads\/2023\/11\/DSC08435_1-scaled.jpg","contentUrl":"https:\/\/chbartdesign.com\/wp-content\/uploads\/2023\/11\/DSC08435_1-scaled.jpg","width":2560,"height":1829,"caption":"Foto de la alfombrilla de CHB Art&Design inspirada en 'Quatre Vents', un toque de elegancia y exclusividad en tu escritorio."},{"@type":"BreadcrumbList","@id":"https:\/\/chbartdesign.com\/producto\/alfombrilla-raton-el-horizonte-chb\/#breadcrumb","itemListElement":[{"@type":"ListItem","position":1,"name":"Portada","item":"https:\/\/chbartdesign.com\/"},{"@type":"ListItem","position":2,"name":"Tienda","item":"https:\/\/chbartdesign.com\/tienda\/"},{"@type":"ListItem","position":3,"name":"Alfombrilla de Rat\u00f3n &#8220;El horizonte&#8221;"}]},{"@type":"WebSite","@id":"https:\/\/chbartdesign.com\/#website","url":"https:\/\/chbartdesign.com\/","name":"Chillida Belzunce Art &amp; Design - CHB","description":"Chillida Belzunce Art &amp; Design - CHB: Exclusividad y arte en cada dise\u00f1o.","publisher":{"@id":"https:\/\/chbartdesign.com\/#organization"},"potentialAction":[{"@type":"SearchAction","target":{"@type":"EntryPoint","urlTemplate":"https:\/\/chbartdesign.com\/?s={search_term_string}"},"query-input":{"@type":"PropertyValueSpecification","valueRequired":true,"valueName":"search_term_string"}}],"inLanguage":"en-GB"},{"@type":"Organization","@id":"https:\/\/chbartdesign.com\/#organization","name":"Chillida Belzunce Art &amp; Design - CHB","url":"https:\/\/chbartdesign.com\/","logo":{"@type":"ImageObject","inLanguage":"en-GB","@id":"https:\/\/chbartdesign.com\/#\/schema\/logo\/image\/","url":"https:\/\/chbartdesign.com\/wp-content\/uploads\/2024\/06\/cropped-cropped-Logo-nuevo-CHB-para-web2024-e1760639568962.png","contentUrl":"https:\/\/chbartdesign.com\/wp-content\/uploads\/2024\/06\/cropped-cropped-Logo-nuevo-CHB-para-web2024-e1760639568962.png","width":512,"height":359,"caption":"Chillida Belzunce Art &amp; Design - CHB"},"image":{"@id":"https:\/\/chbartdesign.com\/#\/schema\/logo\/image\/"}}]}},"_links":{"self":[{"href":"https:\/\/chbartdesign.com\/en\/wp-json\/wp\/v2\/product\/6852","targetHints":{"allow":["GET"]}}],"collection":[{"href":"https:\/\/chbartdesign.com\/en\/wp-json\/wp\/v2\/product"}],"about":[{"href":"https:\/\/chbartdesign.com\/en\/wp-json\/wp\/v2\/types\/product"}],"wp:featuredmedia":[{"embeddable":true,"href":"https:\/\/chbartdesign.com\/en\/wp-json\/wp\/v2\/media\/6660"}],"wp:attachment":[{"href":"https:\/\/chbartdesign.com\/en\/wp-json\/wp\/v2\/media?parent=6852"}],"wp:term":[{"taxonomy":"product_brand","embeddable":true,"href":"https:\/\/chbartdesign.com\/en\/wp-json\/wp\/v2\/product_brand?post=6852"},{"taxonomy":"product_cat","embeddable":true,"href":"https:\/\/chbartdesign.com\/en\/wp-json\/wp\/v2\/product_cat?post=6852"},{"taxonomy":"product_tag","embeddable":true,"href":"https:\/\/chbartdesign.com\/en\/wp-json\/wp\/v2\/product_tag?post=6852"}],"curies":[{"name":"wp","href":"https:\/\/api.w.org\/{rel}","templated":true}]}}