{"id":6868,"date":"2023-12-11T17:24:43","date_gmt":"2023-12-11T16:24:43","guid":{"rendered":"https:\/\/chbartdesign.com\/?post_type=product&#038;p=6868"},"modified":"2025-05-09T10:56:14","modified_gmt":"2025-05-09T08:56:14","slug":"catalogo-galeria-nieves-fernandez-en-azul","status":"publish","type":"product","link":"https:\/\/chbartdesign.com\/en\/product\/catalogo-galeria-nieves-fernandez-en-azul\/","title":{"rendered":"Cat\u00e1logo &#8220;Galer\u00eda Nieves Fern\u00e1ndez&#8221; en Azul"},"content":{"rendered":"<p>Explora la evoluci\u00f3n art\u00edstica de Eduardo Chillida Belzunce a trav\u00e9s de sus cat\u00e1logos detallados. Estos documentos capturan la esencia y transformaci\u00f3n de su obra, desde sus primeras exploraciones hasta las creaciones m\u00e1s recientes. Cada cat\u00e1logo es un testimonio de su viaje creativo, ofreciendo una perspectiva \u00edntima de su proceso art\u00edstico y la evoluci\u00f3n de sus t\u00e9cnicas y temas. Un recurso imprescindible para coleccionistas, cr\u00edticos de arte y aficionados que buscan sumergirse en el mundo de Chillida Belzunce.<\/p>","protected":false},"excerpt":{"rendered":"<p>Eduardo Chillida Belzunce catalogue: A visual journey through his artistic and creative evolution.<\/p>","protected":false},"featured_media":8313,"template":"","meta":[],"product_brand":[],"product_cat":[309,148],"product_tag":[159,180,191,174,177,157,179,163,187,181,176,178],"class_list":{"0":"post-6868","1":"product","2":"type-product","3":"status-publish","4":"has-post-thumbnail","6":"product_cat-catalogos","7":"product_cat-accesorios","8":"product_tag-arte","9":"product_tag-arte-contemporaneo","10":"product_tag-azul","11":"product_tag-catalogo","12":"product_tag-catalogo-de-arte","13":"product_tag-chb-artdesign","14":"product_tag-coleccionista","15":"product_tag-eduardo-chillida-belzunce","16":"product_tag-galeria-nieves-fernandez","17":"product_tag-inspiracion-artistica","18":"product_tag-lujo","19":"product_tag-objetos-de-coleccion","21":"first","22":"instock","23":"taxable","24":"shipping-taxable","25":"purchasable","26":"product-type-simple","27":"add-to-wishlist-after_add_to_cart"},"yoast_head":"<!-- This site is optimized with the Yoast SEO plugin v27.1 - https:\/\/yoast.com\/product\/yoast-seo-wordpress\/ -->\n<title>Cat\u00e1logo &quot;Galer\u00eda Nieves Fern\u00e1ndez&quot; en Azul - Chillida Belzunce Art &amp; Design - CHB<\/title>\n<meta name=\"robots\" content=\"index, follow, max-snippet:-1, max-image-preview:large, max-video-preview:-1\" \/>\n<link rel=\"canonical\" href=\"https:\/\/chbartdesign.com\/en\/product\/catalogo-galeria-nieves-fernandez-en-azul\/\" \/>\n<meta property=\"og:locale\" content=\"en_GB\" \/>\n<meta property=\"og:type\" content=\"article\" \/>\n<meta property=\"og:title\" content=\"Cat\u00e1logo &quot;Galer\u00eda Nieves Fern\u00e1ndez&quot; en Azul - Chillida Belzunce Art &amp; Design - CHB\" \/>\n<meta property=\"og:description\" content=\"Cat\u00e1logo de Eduardo Chillida Belzunce: un viaje visual por su evoluci\u00f3n art\u00edstica y creativa.\" \/>\n<meta property=\"og:url\" content=\"https:\/\/chbartdesign.com\/en\/product\/catalogo-galeria-nieves-fernandez-en-azul\/\" \/>\n<meta property=\"og:site_name\" content=\"Chillida Belzunce Art &amp; Design - CHB\" \/>\n<meta property=\"article:modified_time\" content=\"2025-05-09T08:56:14+00:00\" \/>\n<meta property=\"og:image\" content=\"https:\/\/chbartdesign.com\/wp-content\/uploads\/2024\/02\/DSC08655-2-scaled.jpg\" \/>\n\t<meta property=\"og:image:width\" content=\"2560\" \/>\n\t<meta property=\"og:image:height\" content=\"1829\" \/>\n\t<meta property=\"og:image:type\" content=\"image\/jpeg\" \/>\n<meta name=\"twitter:card\" content=\"summary_large_image\" \/>\n<meta name=\"twitter:label1\" content=\"Estimated reading time\" \/>\n\t<meta name=\"twitter:data1\" content=\"1 minute\" \/>\n<script type=\"application\/ld+json\" class=\"yoast-schema-graph\">{\"@context\":\"https:\/\/schema.org\",\"@graph\":[{\"@type\":\"WebPage\",\"@id\":\"https:\/\/chbartdesign.com\/producto\/catalogo-galeria-nieves-fernandez-en-azul\/\",\"url\":\"https:\/\/chbartdesign.com\/producto\/catalogo-galeria-nieves-fernandez-en-azul\/\",\"name\":\"Cat\u00e1logo \\\"Galer\u00eda Nieves Fern\u00e1ndez\\\" en Azul - Chillida Belzunce Art &amp; Design - CHB\",\"isPartOf\":{\"@id\":\"https:\/\/chbartdesign.com\/#website\"},\"primaryImageOfPage\":{\"@id\":\"https:\/\/chbartdesign.com\/producto\/catalogo-galeria-nieves-fernandez-en-azul\/#primaryimage\"},\"image\":{\"@id\":\"https:\/\/chbartdesign.com\/producto\/catalogo-galeria-nieves-fernandez-en-azul\/#primaryimage\"},\"thumbnailUrl\":\"https:\/\/chbartdesign.com\/wp-content\/uploads\/2024\/02\/DSC08655-2-scaled.jpg\",\"datePublished\":\"2023-12-11T16:24:43+00:00\",\"dateModified\":\"2025-05-09T08:56:14+00:00\",\"breadcrumb\":{\"@id\":\"https:\/\/chbartdesign.com\/producto\/catalogo-galeria-nieves-fernandez-en-azul\/#breadcrumb\"},\"inLanguage\":\"en-GB\",\"potentialAction\":[{\"@type\":\"ReadAction\",\"target\":[\"https:\/\/chbartdesign.com\/producto\/catalogo-galeria-nieves-fernandez-en-azul\/\"]}]},{\"@type\":\"ImageObject\",\"inLanguage\":\"en-GB\",\"@id\":\"https:\/\/chbartdesign.com\/producto\/catalogo-galeria-nieves-fernandez-en-azul\/#primaryimage\",\"url\":\"https:\/\/chbartdesign.com\/wp-content\/uploads\/2024\/02\/DSC08655-2-scaled.jpg\",\"contentUrl\":\"https:\/\/chbartdesign.com\/wp-content\/uploads\/2024\/02\/DSC08655-2-scaled.jpg\",\"width\":2560,\"height\":1829,\"caption\":\"Catalogo de Eduardo Chillida Belzunce, CHB, en la galeria de Nieves Fern\u00e1ndez en color azul.\"},{\"@type\":\"BreadcrumbList\",\"@id\":\"https:\/\/chbartdesign.com\/producto\/catalogo-galeria-nieves-fernandez-en-azul\/#breadcrumb\",\"itemListElement\":[{\"@type\":\"ListItem\",\"position\":1,\"name\":\"Portada\",\"item\":\"https:\/\/chbartdesign.com\/\"},{\"@type\":\"ListItem\",\"position\":2,\"name\":\"Tienda\",\"item\":\"https:\/\/chbartdesign.com\/tienda\/\"},{\"@type\":\"ListItem\",\"position\":3,\"name\":\"Cat\u00e1logo &#8220;Galer\u00eda Nieves Fern\u00e1ndez&#8221; en Azul\"}]},{\"@type\":\"WebSite\",\"@id\":\"https:\/\/chbartdesign.com\/#website\",\"url\":\"https:\/\/chbartdesign.com\/\",\"name\":\"Chillida Belzunce Art &amp; Design - CHB\",\"description\":\"Chillida Belzunce Art &amp; Design - CHB: Exclusividad y arte en cada dise\u00f1o.\",\"publisher\":{\"@id\":\"https:\/\/chbartdesign.com\/#organization\"},\"potentialAction\":[{\"@type\":\"SearchAction\",\"target\":{\"@type\":\"EntryPoint\",\"urlTemplate\":\"https:\/\/chbartdesign.com\/?s={search_term_string}\"},\"query-input\":{\"@type\":\"PropertyValueSpecification\",\"valueRequired\":true,\"valueName\":\"search_term_string\"}}],\"inLanguage\":\"en-GB\"},{\"@type\":\"Organization\",\"@id\":\"https:\/\/chbartdesign.com\/#organization\",\"name\":\"Chillida Belzunce Art &amp; Design - CHB\",\"url\":\"https:\/\/chbartdesign.com\/\",\"logo\":{\"@type\":\"ImageObject\",\"inLanguage\":\"en-GB\",\"@id\":\"https:\/\/chbartdesign.com\/#\/schema\/logo\/image\/\",\"url\":\"https:\/\/chbartdesign.com\/wp-content\/uploads\/2024\/06\/cropped-cropped-Logo-nuevo-CHB-para-web2024-e1760639568962.png\",\"contentUrl\":\"https:\/\/chbartdesign.com\/wp-content\/uploads\/2024\/06\/cropped-cropped-Logo-nuevo-CHB-para-web2024-e1760639568962.png\",\"width\":512,\"height\":359,\"caption\":\"Chillida Belzunce Art &amp; Design - CHB\"},\"image\":{\"@id\":\"https:\/\/chbartdesign.com\/#\/schema\/logo\/image\/\"}}]}<\/script>\n<!-- \/ Yoast SEO plugin. -->","yoast_head_json":{"title":"Cat\u00e1logo \"Galer\u00eda Nieves Fern\u00e1ndez\" en Azul - Chillida Belzunce Art &amp; Design - CHB","robots":{"index":"index","follow":"follow","max-snippet":"max-snippet:-1","max-image-preview":"max-image-preview:large","max-video-preview":"max-video-preview:-1"},"canonical":"https:\/\/chbartdesign.com\/en\/product\/catalogo-galeria-nieves-fernandez-en-azul\/","og_locale":"en_GB","og_type":"article","og_title":"Cat\u00e1logo \"Galer\u00eda Nieves Fern\u00e1ndez\" en Azul - Chillida Belzunce Art &amp; Design - CHB","og_description":"Cat\u00e1logo de Eduardo Chillida Belzunce: un viaje visual por su evoluci\u00f3n art\u00edstica y creativa.","og_url":"https:\/\/chbartdesign.com\/en\/product\/catalogo-galeria-nieves-fernandez-en-azul\/","og_site_name":"Chillida Belzunce Art &amp; Design - CHB","article_modified_time":"2025-05-09T08:56:14+00:00","og_image":[{"width":2560,"height":1829,"url":"https:\/\/chbartdesign.com\/wp-content\/uploads\/2024\/02\/DSC08655-2-scaled.jpg","type":"image\/jpeg"}],"twitter_card":"summary_large_image","twitter_misc":{"Estimated reading time":"1 minute"},"schema":{"@context":"https:\/\/schema.org","@graph":[{"@type":"WebPage","@id":"https:\/\/chbartdesign.com\/producto\/catalogo-galeria-nieves-fernandez-en-azul\/","url":"https:\/\/chbartdesign.com\/producto\/catalogo-galeria-nieves-fernandez-en-azul\/","name":"Cat\u00e1logo \"Galer\u00eda Nieves Fern\u00e1ndez\" en Azul - Chillida Belzunce Art &amp; Design - CHB","isPartOf":{"@id":"https:\/\/chbartdesign.com\/#website"},"primaryImageOfPage":{"@id":"https:\/\/chbartdesign.com\/producto\/catalogo-galeria-nieves-fernandez-en-azul\/#primaryimage"},"image":{"@id":"https:\/\/chbartdesign.com\/producto\/catalogo-galeria-nieves-fernandez-en-azul\/#primaryimage"},"thumbnailUrl":"https:\/\/chbartdesign.com\/wp-content\/uploads\/2024\/02\/DSC08655-2-scaled.jpg","datePublished":"2023-12-11T16:24:43+00:00","dateModified":"2025-05-09T08:56:14+00:00","breadcrumb":{"@id":"https:\/\/chbartdesign.com\/producto\/catalogo-galeria-nieves-fernandez-en-azul\/#breadcrumb"},"inLanguage":"en-GB","potentialAction":[{"@type":"ReadAction","target":["https:\/\/chbartdesign.com\/producto\/catalogo-galeria-nieves-fernandez-en-azul\/"]}]},{"@type":"ImageObject","inLanguage":"en-GB","@id":"https:\/\/chbartdesign.com\/producto\/catalogo-galeria-nieves-fernandez-en-azul\/#primaryimage","url":"https:\/\/chbartdesign.com\/wp-content\/uploads\/2024\/02\/DSC08655-2-scaled.jpg","contentUrl":"https:\/\/chbartdesign.com\/wp-content\/uploads\/2024\/02\/DSC08655-2-scaled.jpg","width":2560,"height":1829,"caption":"Catalogo de Eduardo Chillida Belzunce, CHB, en la galeria de Nieves Fern\u00e1ndez en color azul."},{"@type":"BreadcrumbList","@id":"https:\/\/chbartdesign.com\/producto\/catalogo-galeria-nieves-fernandez-en-azul\/#breadcrumb","itemListElement":[{"@type":"ListItem","position":1,"name":"Portada","item":"https:\/\/chbartdesign.com\/"},{"@type":"ListItem","position":2,"name":"Tienda","item":"https:\/\/chbartdesign.com\/tienda\/"},{"@type":"ListItem","position":3,"name":"Cat\u00e1logo &#8220;Galer\u00eda Nieves Fern\u00e1ndez&#8221; en Azul"}]},{"@type":"WebSite","@id":"https:\/\/chbartdesign.com\/#website","url":"https:\/\/chbartdesign.com\/","name":"Chillida Belzunce Art &amp; Design - CHB","description":"Chillida Belzunce Art &amp; Design - CHB: Exclusividad y arte en cada dise\u00f1o.","publisher":{"@id":"https:\/\/chbartdesign.com\/#organization"},"potentialAction":[{"@type":"SearchAction","target":{"@type":"EntryPoint","urlTemplate":"https:\/\/chbartdesign.com\/?s={search_term_string}"},"query-input":{"@type":"PropertyValueSpecification","valueRequired":true,"valueName":"search_term_string"}}],"inLanguage":"en-GB"},{"@type":"Organization","@id":"https:\/\/chbartdesign.com\/#organization","name":"Chillida Belzunce Art &amp; Design - CHB","url":"https:\/\/chbartdesign.com\/","logo":{"@type":"ImageObject","inLanguage":"en-GB","@id":"https:\/\/chbartdesign.com\/#\/schema\/logo\/image\/","url":"https:\/\/chbartdesign.com\/wp-content\/uploads\/2024\/06\/cropped-cropped-Logo-nuevo-CHB-para-web2024-e1760639568962.png","contentUrl":"https:\/\/chbartdesign.com\/wp-content\/uploads\/2024\/06\/cropped-cropped-Logo-nuevo-CHB-para-web2024-e1760639568962.png","width":512,"height":359,"caption":"Chillida Belzunce Art &amp; Design - CHB"},"image":{"@id":"https:\/\/chbartdesign.com\/#\/schema\/logo\/image\/"}}]}},"_links":{"self":[{"href":"https:\/\/chbartdesign.com\/en\/wp-json\/wp\/v2\/product\/6868","targetHints":{"allow":["GET"]}}],"collection":[{"href":"https:\/\/chbartdesign.com\/en\/wp-json\/wp\/v2\/product"}],"about":[{"href":"https:\/\/chbartdesign.com\/en\/wp-json\/wp\/v2\/types\/product"}],"wp:featuredmedia":[{"embeddable":true,"href":"https:\/\/chbartdesign.com\/en\/wp-json\/wp\/v2\/media\/8313"}],"wp:attachment":[{"href":"https:\/\/chbartdesign.com\/en\/wp-json\/wp\/v2\/media?parent=6868"}],"wp:term":[{"taxonomy":"product_brand","embeddable":true,"href":"https:\/\/chbartdesign.com\/en\/wp-json\/wp\/v2\/product_brand?post=6868"},{"taxonomy":"product_cat","embeddable":true,"href":"https:\/\/chbartdesign.com\/en\/wp-json\/wp\/v2\/product_cat?post=6868"},{"taxonomy":"product_tag","embeddable":true,"href":"https:\/\/chbartdesign.com\/en\/wp-json\/wp\/v2\/product_tag?post=6868"}],"curies":[{"name":"wp","href":"https:\/\/api.w.org\/{rel}","templated":true}]}}