{"id":6878,"date":"2023-12-11T17:45:48","date_gmt":"2023-12-11T16:45:48","guid":{"rendered":"https:\/\/chbartdesign.com\/?post_type=product&#038;p=6878"},"modified":"2026-03-03T11:53:50","modified_gmt":"2026-03-03T10:53:50","slug":"cojin-baby-blue-chb","status":"publish","type":"product","link":"https:\/\/chbartdesign.com\/en\/product\/cojin-baby-blue-chb\/","title":{"rendered":"Coj\u00edn &#8220;Baby Blue&#8221;"},"content":{"rendered":"<p><strong>MEASUREMENTS<\/strong>: 35,6 x 35,6 cm.<\/p>\n<p><strong>MATERIAL<\/strong>: Durable polyester 200 g\/m\u00b2.<\/p>\n<p><strong>INCLUDES<\/strong>:<\/p>\n<ul>\n<li>Filling.<\/li>\n<li>Fully printed on both sides.<\/li>\n<li>Integrated white zip.<\/li>\n<\/ul>\n<p><strong>CARE INSTRUCTIONS<\/strong>: Always dry clean or hand wash.<\/p>\n<p><strong>PRESENTACI\u00d3N:<\/strong> Hemos creado un packaging exclusivo que refleja el valor y la esencia de nuestro producto. Cada unidad va presentada en una bolsa de algod\u00f3n 100% natural, ilustrada con una obra original de Chillida Belzunce, y se entrega en una caja de cart\u00f3n forrada a mano, cuidando cada detalle para ofrecer una experiencia \u00fanica desde el primer momento.<\/p>","protected":false},"excerpt":{"rendered":"<p>The CHB Art &amp; Design 'Baby Blue' cushion offers style and comfort. Measuring 35.6 x 35.6cm, it is padded and features a durable polyester all-over print.<\/p>","protected":false},"featured_media":9512,"template":"","meta":[],"product_brand":[],"product_cat":[271,147],"product_tag":[159,180,202,157,198,179,200,201,163,176,178,203],"class_list":{"0":"post-6878","1":"product","2":"type-product","3":"status-publish","4":"has-post-thumbnail","6":"product_cat-cojines","7":"product_cat-decoracion-y-hogar","8":"product_tag-arte","9":"product_tag-arte-contemporaneo","10":"product_tag-blanco","11":"product_tag-chb-artdesign","12":"product_tag-cojin","13":"product_tag-coleccionista","14":"product_tag-decoracion","15":"product_tag-dibujo","16":"product_tag-eduardo-chillida-belzunce","17":"product_tag-lujo","18":"product_tag-objetos-de-coleccion","19":"product_tag-pequeno","21":"first","22":"outofstock","23":"taxable","24":"shipping-taxable","25":"purchasable","26":"product-type-simple","27":"add-to-wishlist-after_add_to_cart"},"yoast_head":"<!-- This site is optimized with the Yoast SEO plugin v27.1 - https:\/\/yoast.com\/product\/yoast-seo-wordpress\/ -->\n<title>Coj\u00edn &quot;Baby Blue&quot; - Chillida Belzunce Art &amp; Design - CHB<\/title>\n<meta name=\"description\" content=\"El coj\u00edn &#039;Baby Blue&#039; de CHB ofrece estilo y comodidad. Con medidas de 35,6 x 35,6 cm, incluye relleno y presenta una impresi\u00f3n total en poli\u00e9ster duradera.\" \/>\n<meta name=\"robots\" content=\"index, follow, max-snippet:-1, max-image-preview:large, max-video-preview:-1\" \/>\n<link rel=\"canonical\" href=\"https:\/\/chbartdesign.com\/en\/product\/cojin-baby-blue-chb\/\" \/>\n<meta property=\"og:locale\" content=\"en_GB\" \/>\n<meta property=\"og:type\" content=\"article\" \/>\n<meta property=\"og:title\" content=\"Coj\u00edn &quot;Baby Blue&quot; - Chillida Belzunce Art &amp; Design - CHB\" \/>\n<meta property=\"og:description\" content=\"El coj\u00edn &#039;Baby Blue&#039; de CHB ofrece estilo y comodidad. Con medidas de 35,6 x 35,6 cm, incluye relleno y presenta una impresi\u00f3n total en poli\u00e9ster duradera.\" \/>\n<meta property=\"og:url\" content=\"https:\/\/chbartdesign.com\/en\/product\/cojin-baby-blue-chb\/\" \/>\n<meta property=\"og:site_name\" content=\"Chillida Belzunce Art &amp; Design - CHB\" \/>\n<meta property=\"article:modified_time\" content=\"2026-03-03T10:53:50+00:00\" \/>\n<meta property=\"og:image\" content=\"https:\/\/chbartdesign.com\/wp-content\/uploads\/2023\/12\/DSC08703-scaled.jpg\" \/>\n\t<meta property=\"og:image:width\" content=\"2560\" \/>\n\t<meta property=\"og:image:height\" content=\"1829\" \/>\n\t<meta property=\"og:image:type\" content=\"image\/jpeg\" \/>\n<meta name=\"twitter:card\" content=\"summary_large_image\" \/>\n<meta name=\"twitter:label1\" content=\"Estimated reading time\" \/>\n\t<meta name=\"twitter:data1\" content=\"1 minute\" \/>\n<script type=\"application\/ld+json\" class=\"yoast-schema-graph\">{\"@context\":\"https:\/\/schema.org\",\"@graph\":[{\"@type\":\"WebPage\",\"@id\":\"https:\/\/chbartdesign.com\/producto\/cojin-baby-blue-chb\/\",\"url\":\"https:\/\/chbartdesign.com\/producto\/cojin-baby-blue-chb\/\",\"name\":\"Coj\u00edn \\\"Baby Blue\\\" - Chillida Belzunce Art &amp; Design - CHB\",\"isPartOf\":{\"@id\":\"https:\/\/chbartdesign.com\/#website\"},\"primaryImageOfPage\":{\"@id\":\"https:\/\/chbartdesign.com\/producto\/cojin-baby-blue-chb\/#primaryimage\"},\"image\":{\"@id\":\"https:\/\/chbartdesign.com\/producto\/cojin-baby-blue-chb\/#primaryimage\"},\"thumbnailUrl\":\"https:\/\/chbartdesign.com\/wp-content\/uploads\/2023\/12\/DSC08703-scaled.jpg\",\"datePublished\":\"2023-12-11T16:45:48+00:00\",\"dateModified\":\"2026-03-03T10:53:50+00:00\",\"description\":\"El coj\u00edn 'Baby Blue' de CHB ofrece estilo y comodidad. Con medidas de 35,6 x 35,6 cm, incluye relleno y presenta una impresi\u00f3n total en poli\u00e9ster duradera.\",\"breadcrumb\":{\"@id\":\"https:\/\/chbartdesign.com\/producto\/cojin-baby-blue-chb\/#breadcrumb\"},\"inLanguage\":\"en-GB\",\"potentialAction\":[{\"@type\":\"ReadAction\",\"target\":[\"https:\/\/chbartdesign.com\/producto\/cojin-baby-blue-chb\/\"]}]},{\"@type\":\"ImageObject\",\"inLanguage\":\"en-GB\",\"@id\":\"https:\/\/chbartdesign.com\/producto\/cojin-baby-blue-chb\/#primaryimage\",\"url\":\"https:\/\/chbartdesign.com\/wp-content\/uploads\/2023\/12\/DSC08703-scaled.jpg\",\"contentUrl\":\"https:\/\/chbartdesign.com\/wp-content\/uploads\/2023\/12\/DSC08703-scaled.jpg\",\"width\":2560,\"height\":1829},{\"@type\":\"BreadcrumbList\",\"@id\":\"https:\/\/chbartdesign.com\/producto\/cojin-baby-blue-chb\/#breadcrumb\",\"itemListElement\":[{\"@type\":\"ListItem\",\"position\":1,\"name\":\"Portada\",\"item\":\"https:\/\/chbartdesign.com\/\"},{\"@type\":\"ListItem\",\"position\":2,\"name\":\"Tienda\",\"item\":\"https:\/\/chbartdesign.com\/tienda\/\"},{\"@type\":\"ListItem\",\"position\":3,\"name\":\"Coj\u00edn &#8220;Baby Blue&#8221;\"}]},{\"@type\":\"WebSite\",\"@id\":\"https:\/\/chbartdesign.com\/#website\",\"url\":\"https:\/\/chbartdesign.com\/\",\"name\":\"Chillida Belzunce Art &amp; Design - CHB\",\"description\":\"Chillida Belzunce Art &amp; Design - CHB: Exclusividad y arte en cada dise\u00f1o.\",\"publisher\":{\"@id\":\"https:\/\/chbartdesign.com\/#organization\"},\"potentialAction\":[{\"@type\":\"SearchAction\",\"target\":{\"@type\":\"EntryPoint\",\"urlTemplate\":\"https:\/\/chbartdesign.com\/?s={search_term_string}\"},\"query-input\":{\"@type\":\"PropertyValueSpecification\",\"valueRequired\":true,\"valueName\":\"search_term_string\"}}],\"inLanguage\":\"en-GB\"},{\"@type\":\"Organization\",\"@id\":\"https:\/\/chbartdesign.com\/#organization\",\"name\":\"Chillida Belzunce Art &amp; Design - CHB\",\"url\":\"https:\/\/chbartdesign.com\/\",\"logo\":{\"@type\":\"ImageObject\",\"inLanguage\":\"en-GB\",\"@id\":\"https:\/\/chbartdesign.com\/#\/schema\/logo\/image\/\",\"url\":\"https:\/\/chbartdesign.com\/wp-content\/uploads\/2024\/06\/cropped-cropped-Logo-nuevo-CHB-para-web2024-e1760639568962.png\",\"contentUrl\":\"https:\/\/chbartdesign.com\/wp-content\/uploads\/2024\/06\/cropped-cropped-Logo-nuevo-CHB-para-web2024-e1760639568962.png\",\"width\":512,\"height\":359,\"caption\":\"Chillida Belzunce Art &amp; Design - CHB\"},\"image\":{\"@id\":\"https:\/\/chbartdesign.com\/#\/schema\/logo\/image\/\"}}]}<\/script>\n<!-- \/ Yoast SEO plugin. -->","yoast_head_json":{"title":"Coj\u00edn \"Baby Blue\" - Chillida Belzunce Art &amp; Design - CHB","description":"The cushion &#039;Baby Blue&#039; of CHB offers style and comfort. Measures 35.6 x 35.6 cm, includes padding and features a total printing of polyester durable.","robots":{"index":"index","follow":"follow","max-snippet":"max-snippet:-1","max-image-preview":"max-image-preview:large","max-video-preview":"max-video-preview:-1"},"canonical":"https:\/\/chbartdesign.com\/en\/product\/cojin-baby-blue-chb\/","og_locale":"en_GB","og_type":"article","og_title":"Coj\u00edn \"Baby Blue\" - Chillida Belzunce Art &amp; Design - CHB","og_description":"El coj\u00edn 'Baby Blue' de CHB ofrece estilo y comodidad. Con medidas de 35,6 x 35,6 cm, incluye relleno y presenta una impresi\u00f3n total en poli\u00e9ster duradera.","og_url":"https:\/\/chbartdesign.com\/en\/product\/cojin-baby-blue-chb\/","og_site_name":"Chillida Belzunce Art &amp; Design - CHB","article_modified_time":"2026-03-03T10:53:50+00:00","og_image":[{"width":2560,"height":1829,"url":"https:\/\/chbartdesign.com\/wp-content\/uploads\/2023\/12\/DSC08703-scaled.jpg","type":"image\/jpeg"}],"twitter_card":"summary_large_image","twitter_misc":{"Estimated reading time":"1 minute"},"schema":{"@context":"https:\/\/schema.org","@graph":[{"@type":"WebPage","@id":"https:\/\/chbartdesign.com\/producto\/cojin-baby-blue-chb\/","url":"https:\/\/chbartdesign.com\/producto\/cojin-baby-blue-chb\/","name":"Coj\u00edn \"Baby Blue\" - Chillida Belzunce Art &amp; Design - CHB","isPartOf":{"@id":"https:\/\/chbartdesign.com\/#website"},"primaryImageOfPage":{"@id":"https:\/\/chbartdesign.com\/producto\/cojin-baby-blue-chb\/#primaryimage"},"image":{"@id":"https:\/\/chbartdesign.com\/producto\/cojin-baby-blue-chb\/#primaryimage"},"thumbnailUrl":"https:\/\/chbartdesign.com\/wp-content\/uploads\/2023\/12\/DSC08703-scaled.jpg","datePublished":"2023-12-11T16:45:48+00:00","dateModified":"2026-03-03T10:53:50+00:00","description":"The cushion &#039;Baby Blue&#039; of CHB offers style and comfort. Measures 35.6 x 35.6 cm, includes padding and features a total printing of polyester durable.","breadcrumb":{"@id":"https:\/\/chbartdesign.com\/producto\/cojin-baby-blue-chb\/#breadcrumb"},"inLanguage":"en-GB","potentialAction":[{"@type":"ReadAction","target":["https:\/\/chbartdesign.com\/producto\/cojin-baby-blue-chb\/"]}]},{"@type":"ImageObject","inLanguage":"en-GB","@id":"https:\/\/chbartdesign.com\/producto\/cojin-baby-blue-chb\/#primaryimage","url":"https:\/\/chbartdesign.com\/wp-content\/uploads\/2023\/12\/DSC08703-scaled.jpg","contentUrl":"https:\/\/chbartdesign.com\/wp-content\/uploads\/2023\/12\/DSC08703-scaled.jpg","width":2560,"height":1829},{"@type":"BreadcrumbList","@id":"https:\/\/chbartdesign.com\/producto\/cojin-baby-blue-chb\/#breadcrumb","itemListElement":[{"@type":"ListItem","position":1,"name":"Portada","item":"https:\/\/chbartdesign.com\/"},{"@type":"ListItem","position":2,"name":"Tienda","item":"https:\/\/chbartdesign.com\/tienda\/"},{"@type":"ListItem","position":3,"name":"Coj\u00edn &#8220;Baby Blue&#8221;"}]},{"@type":"WebSite","@id":"https:\/\/chbartdesign.com\/#website","url":"https:\/\/chbartdesign.com\/","name":"Chillida Belzunce Art &amp; Design - CHB","description":"Chillida Belzunce Art &amp; Design - CHB: Exclusividad y arte en cada dise\u00f1o.","publisher":{"@id":"https:\/\/chbartdesign.com\/#organization"},"potentialAction":[{"@type":"SearchAction","target":{"@type":"EntryPoint","urlTemplate":"https:\/\/chbartdesign.com\/?s={search_term_string}"},"query-input":{"@type":"PropertyValueSpecification","valueRequired":true,"valueName":"search_term_string"}}],"inLanguage":"en-GB"},{"@type":"Organization","@id":"https:\/\/chbartdesign.com\/#organization","name":"Chillida Belzunce Art &amp; Design - CHB","url":"https:\/\/chbartdesign.com\/","logo":{"@type":"ImageObject","inLanguage":"en-GB","@id":"https:\/\/chbartdesign.com\/#\/schema\/logo\/image\/","url":"https:\/\/chbartdesign.com\/wp-content\/uploads\/2024\/06\/cropped-cropped-Logo-nuevo-CHB-para-web2024-e1760639568962.png","contentUrl":"https:\/\/chbartdesign.com\/wp-content\/uploads\/2024\/06\/cropped-cropped-Logo-nuevo-CHB-para-web2024-e1760639568962.png","width":512,"height":359,"caption":"Chillida Belzunce Art &amp; Design - CHB"},"image":{"@id":"https:\/\/chbartdesign.com\/#\/schema\/logo\/image\/"}}]}},"_links":{"self":[{"href":"https:\/\/chbartdesign.com\/en\/wp-json\/wp\/v2\/product\/6878","targetHints":{"allow":["GET"]}}],"collection":[{"href":"https:\/\/chbartdesign.com\/en\/wp-json\/wp\/v2\/product"}],"about":[{"href":"https:\/\/chbartdesign.com\/en\/wp-json\/wp\/v2\/types\/product"}],"wp:featuredmedia":[{"embeddable":true,"href":"https:\/\/chbartdesign.com\/en\/wp-json\/wp\/v2\/media\/9512"}],"wp:attachment":[{"href":"https:\/\/chbartdesign.com\/en\/wp-json\/wp\/v2\/media?parent=6878"}],"wp:term":[{"taxonomy":"product_brand","embeddable":true,"href":"https:\/\/chbartdesign.com\/en\/wp-json\/wp\/v2\/product_brand?post=6878"},{"taxonomy":"product_cat","embeddable":true,"href":"https:\/\/chbartdesign.com\/en\/wp-json\/wp\/v2\/product_cat?post=6878"},{"taxonomy":"product_tag","embeddable":true,"href":"https:\/\/chbartdesign.com\/en\/wp-json\/wp\/v2\/product_tag?post=6878"}],"curies":[{"name":"wp","href":"https:\/\/api.w.org\/{rel}","templated":true}]}}