{"id":6882,"date":"2023-12-12T09:54:00","date_gmt":"2023-12-12T08:54:00","guid":{"rendered":"https:\/\/chbartdesign.com\/?post_type=product&#038;p=6882"},"modified":"2024-06-05T17:11:19","modified_gmt":"2024-06-05T15:11:19","slug":"cuaderno-ensonaciones-y-realidades-chb","status":"publish","type":"product","link":"https:\/\/chbartdesign.com\/en\/product\/cuaderno-ensonaciones-y-realidades-chb\/","title":{"rendered":"Cuaderno &#8220;Enso\u00f1aciones y realidades&#8221;"},"content":{"rendered":"<p><strong>DIMENSIONS<\/strong>: 28 x 22 cm<\/p>\n<p><strong>DETAILS<\/strong>:<\/p>\n<ul>\n<li>Coated Matt 350 grams paper covers.<\/li>\n<li>Composed of 80 sheets (160 pages in total).<\/li>\n<li>Arkoprint Milk 100 gsm smooth inner sheets of paper.<\/li>\n<li>Encuadernaci\u00f3n fresada con m<span style=\"font-weight: 400;\">aterial cola PUR para garantizar una mayor durabilidad.\u00a0<\/span><\/li>\n<\/ul>","protected":false},"excerpt":{"rendered":"<p><span style=\"font-weight: 400;\">Edition of 150 notebooks with soft matt coated paper covers for the exhibition \"Enso\u00f1aciones y realidades\" held at the Ekain gallery in 2018.\u00a0<\/span><\/p>","protected":false},"featured_media":6682,"template":"","meta":[],"product_brand":[],"product_cat":[278,148],"product_tag":[165,160,159,157,204,163,206,209,176,207,208],"class_list":{"0":"post-6882","1":"product","2":"type-product","3":"status-publish","4":"has-post-thumbnail","6":"product_cat-cuadernos","7":"product_cat-accesorios","8":"product_tag-accesorio-de-escritorio","9":"product_tag-accesorio-de-lujo","10":"product_tag-arte","11":"product_tag-chb-artdesign","12":"product_tag-cuaderno","13":"product_tag-eduardo-chillida-belzunce","14":"product_tag-ekain","15":"product_tag-ensonaciones-y-realidades","16":"product_tag-lujo","17":"product_tag-san-vicente","18":"product_tag-san-vicente-y-ekain","20":"first","21":"instock","22":"taxable","23":"shipping-taxable","24":"purchasable","25":"product-type-simple","26":"add-to-wishlist-after_add_to_cart"},"yoast_head":"<!-- This site is optimized with the Yoast SEO plugin v27.1 - https:\/\/yoast.com\/product\/yoast-seo-wordpress\/ -->\n<title>Cuaderno &quot;Enso\u00f1aciones y realidades&quot; - Chillida Belzunce Art &amp; Design - CHB<\/title>\n<meta name=\"description\" content=\"Explora la calidad y elegancia de nuestro el cuaderno &quot;Enso\u00f1aciones y realidades&quot; . us dimensiones de 28 x 22 cm lo hacen perfecto para tus notas y apuntes.\" \/>\n<meta name=\"robots\" content=\"index, follow, max-snippet:-1, max-image-preview:large, max-video-preview:-1\" \/>\n<link rel=\"canonical\" href=\"https:\/\/chbartdesign.com\/en\/product\/cuaderno-ensonaciones-y-realidades-chb\/\" \/>\n<meta property=\"og:locale\" content=\"en_GB\" \/>\n<meta property=\"og:type\" content=\"article\" \/>\n<meta property=\"og:title\" content=\"Cuaderno &quot;Enso\u00f1aciones y realidades&quot; - Chillida Belzunce Art &amp; Design - CHB\" \/>\n<meta property=\"og:description\" content=\"Explora la calidad y elegancia de nuestro el cuaderno &quot;Enso\u00f1aciones y realidades&quot; . us dimensiones de 28 x 22 cm lo hacen perfecto para tus notas y apuntes.\" \/>\n<meta property=\"og:url\" content=\"https:\/\/chbartdesign.com\/en\/product\/cuaderno-ensonaciones-y-realidades-chb\/\" \/>\n<meta property=\"og:site_name\" content=\"Chillida Belzunce Art &amp; Design - CHB\" \/>\n<meta property=\"article:modified_time\" content=\"2024-06-05T15:11:19+00:00\" \/>\n<meta property=\"og:image\" content=\"https:\/\/chbartdesign.com\/wp-content\/uploads\/2023\/11\/DSC08539-scaled.jpg\" \/>\n\t<meta property=\"og:image:width\" content=\"2560\" \/>\n\t<meta property=\"og:image:height\" content=\"1829\" \/>\n\t<meta property=\"og:image:type\" content=\"image\/jpeg\" \/>\n<meta name=\"twitter:card\" content=\"summary_large_image\" \/>\n<meta name=\"twitter:label1\" content=\"Estimated reading time\" \/>\n\t<meta name=\"twitter:data1\" content=\"1 minute\" \/>\n<script type=\"application\/ld+json\" class=\"yoast-schema-graph\">{\"@context\":\"https:\/\/schema.org\",\"@graph\":[{\"@type\":\"WebPage\",\"@id\":\"https:\/\/chbartdesign.com\/producto\/cuaderno-ensonaciones-y-realidades-chb\/\",\"url\":\"https:\/\/chbartdesign.com\/producto\/cuaderno-ensonaciones-y-realidades-chb\/\",\"name\":\"Cuaderno \\\"Enso\u00f1aciones y realidades\\\" - Chillida Belzunce Art &amp; Design - CHB\",\"isPartOf\":{\"@id\":\"https:\/\/chbartdesign.com\/#website\"},\"primaryImageOfPage\":{\"@id\":\"https:\/\/chbartdesign.com\/producto\/cuaderno-ensonaciones-y-realidades-chb\/#primaryimage\"},\"image\":{\"@id\":\"https:\/\/chbartdesign.com\/producto\/cuaderno-ensonaciones-y-realidades-chb\/#primaryimage\"},\"thumbnailUrl\":\"https:\/\/chbartdesign.com\/wp-content\/uploads\/2023\/11\/DSC08539-scaled.jpg\",\"datePublished\":\"2023-12-12T08:54:00+00:00\",\"dateModified\":\"2024-06-05T15:11:19+00:00\",\"description\":\"Explora la calidad y elegancia de nuestro el cuaderno \\\"Enso\u00f1aciones y realidades\\\" . us dimensiones de 28 x 22 cm lo hacen perfecto para tus notas y apuntes.\",\"breadcrumb\":{\"@id\":\"https:\/\/chbartdesign.com\/producto\/cuaderno-ensonaciones-y-realidades-chb\/#breadcrumb\"},\"inLanguage\":\"en-GB\",\"potentialAction\":[{\"@type\":\"ReadAction\",\"target\":[\"https:\/\/chbartdesign.com\/producto\/cuaderno-ensonaciones-y-realidades-chb\/\"]}]},{\"@type\":\"ImageObject\",\"inLanguage\":\"en-GB\",\"@id\":\"https:\/\/chbartdesign.com\/producto\/cuaderno-ensonaciones-y-realidades-chb\/#primaryimage\",\"url\":\"https:\/\/chbartdesign.com\/wp-content\/uploads\/2023\/11\/DSC08539-scaled.jpg\",\"contentUrl\":\"https:\/\/chbartdesign.com\/wp-content\/uploads\/2023\/11\/DSC08539-scaled.jpg\",\"width\":2560,\"height\":1829,\"caption\":\"Cuaderno 'Enso\u00f1aciones y Realidades' de CHB Art & Design, un reflejo de la creatividad y la expresi\u00f3n art\u00edstica.\"},{\"@type\":\"BreadcrumbList\",\"@id\":\"https:\/\/chbartdesign.com\/producto\/cuaderno-ensonaciones-y-realidades-chb\/#breadcrumb\",\"itemListElement\":[{\"@type\":\"ListItem\",\"position\":1,\"name\":\"Portada\",\"item\":\"https:\/\/chbartdesign.com\/\"},{\"@type\":\"ListItem\",\"position\":2,\"name\":\"Tienda\",\"item\":\"https:\/\/chbartdesign.com\/tienda\/\"},{\"@type\":\"ListItem\",\"position\":3,\"name\":\"Cuaderno &#8220;Enso\u00f1aciones y realidades&#8221;\"}]},{\"@type\":\"WebSite\",\"@id\":\"https:\/\/chbartdesign.com\/#website\",\"url\":\"https:\/\/chbartdesign.com\/\",\"name\":\"Chillida Belzunce Art &amp; Design - CHB\",\"description\":\"Chillida Belzunce Art &amp; Design - CHB: Exclusividad y arte en cada dise\u00f1o.\",\"publisher\":{\"@id\":\"https:\/\/chbartdesign.com\/#organization\"},\"potentialAction\":[{\"@type\":\"SearchAction\",\"target\":{\"@type\":\"EntryPoint\",\"urlTemplate\":\"https:\/\/chbartdesign.com\/?s={search_term_string}\"},\"query-input\":{\"@type\":\"PropertyValueSpecification\",\"valueRequired\":true,\"valueName\":\"search_term_string\"}}],\"inLanguage\":\"en-GB\"},{\"@type\":\"Organization\",\"@id\":\"https:\/\/chbartdesign.com\/#organization\",\"name\":\"Chillida Belzunce Art &amp; Design - CHB\",\"url\":\"https:\/\/chbartdesign.com\/\",\"logo\":{\"@type\":\"ImageObject\",\"inLanguage\":\"en-GB\",\"@id\":\"https:\/\/chbartdesign.com\/#\/schema\/logo\/image\/\",\"url\":\"https:\/\/chbartdesign.com\/wp-content\/uploads\/2024\/06\/cropped-cropped-Logo-nuevo-CHB-para-web2024-e1760639568962.png\",\"contentUrl\":\"https:\/\/chbartdesign.com\/wp-content\/uploads\/2024\/06\/cropped-cropped-Logo-nuevo-CHB-para-web2024-e1760639568962.png\",\"width\":512,\"height\":359,\"caption\":\"Chillida Belzunce Art &amp; Design - CHB\"},\"image\":{\"@id\":\"https:\/\/chbartdesign.com\/#\/schema\/logo\/image\/\"}}]}<\/script>\n<!-- \/ Yoast SEO plugin. -->","yoast_head_json":{"title":"Cuaderno \"Enso\u00f1aciones y realidades\" - Chillida Belzunce Art &amp; Design - CHB","description":"Explora la calidad y elegancia de nuestro el cuaderno \"Enso\u00f1aciones y realidades\" . us dimensiones de 28 x 22 cm lo hacen perfecto para tus notas y apuntes.","robots":{"index":"index","follow":"follow","max-snippet":"max-snippet:-1","max-image-preview":"max-image-preview:large","max-video-preview":"max-video-preview:-1"},"canonical":"https:\/\/chbartdesign.com\/en\/product\/cuaderno-ensonaciones-y-realidades-chb\/","og_locale":"en_GB","og_type":"article","og_title":"Cuaderno \"Enso\u00f1aciones y realidades\" - Chillida Belzunce Art &amp; Design - CHB","og_description":"Explora la calidad y elegancia de nuestro el cuaderno \"Enso\u00f1aciones y realidades\" . us dimensiones de 28 x 22 cm lo hacen perfecto para tus notas y apuntes.","og_url":"https:\/\/chbartdesign.com\/en\/product\/cuaderno-ensonaciones-y-realidades-chb\/","og_site_name":"Chillida Belzunce Art &amp; Design - CHB","article_modified_time":"2024-06-05T15:11:19+00:00","og_image":[{"width":2560,"height":1829,"url":"https:\/\/chbartdesign.com\/wp-content\/uploads\/2023\/11\/DSC08539-scaled.jpg","type":"image\/jpeg"}],"twitter_card":"summary_large_image","twitter_misc":{"Estimated reading time":"1 minute"},"schema":{"@context":"https:\/\/schema.org","@graph":[{"@type":"WebPage","@id":"https:\/\/chbartdesign.com\/producto\/cuaderno-ensonaciones-y-realidades-chb\/","url":"https:\/\/chbartdesign.com\/producto\/cuaderno-ensonaciones-y-realidades-chb\/","name":"Cuaderno \"Enso\u00f1aciones y realidades\" - Chillida Belzunce Art &amp; Design - CHB","isPartOf":{"@id":"https:\/\/chbartdesign.com\/#website"},"primaryImageOfPage":{"@id":"https:\/\/chbartdesign.com\/producto\/cuaderno-ensonaciones-y-realidades-chb\/#primaryimage"},"image":{"@id":"https:\/\/chbartdesign.com\/producto\/cuaderno-ensonaciones-y-realidades-chb\/#primaryimage"},"thumbnailUrl":"https:\/\/chbartdesign.com\/wp-content\/uploads\/2023\/11\/DSC08539-scaled.jpg","datePublished":"2023-12-12T08:54:00+00:00","dateModified":"2024-06-05T15:11:19+00:00","description":"Explora la calidad y elegancia de nuestro el cuaderno \"Enso\u00f1aciones y realidades\" . us dimensiones de 28 x 22 cm lo hacen perfecto para tus notas y apuntes.","breadcrumb":{"@id":"https:\/\/chbartdesign.com\/producto\/cuaderno-ensonaciones-y-realidades-chb\/#breadcrumb"},"inLanguage":"en-GB","potentialAction":[{"@type":"ReadAction","target":["https:\/\/chbartdesign.com\/producto\/cuaderno-ensonaciones-y-realidades-chb\/"]}]},{"@type":"ImageObject","inLanguage":"en-GB","@id":"https:\/\/chbartdesign.com\/producto\/cuaderno-ensonaciones-y-realidades-chb\/#primaryimage","url":"https:\/\/chbartdesign.com\/wp-content\/uploads\/2023\/11\/DSC08539-scaled.jpg","contentUrl":"https:\/\/chbartdesign.com\/wp-content\/uploads\/2023\/11\/DSC08539-scaled.jpg","width":2560,"height":1829,"caption":"Cuaderno 'Enso\u00f1aciones y Realidades' de CHB Art & Design, un reflejo de la creatividad y la expresi\u00f3n art\u00edstica."},{"@type":"BreadcrumbList","@id":"https:\/\/chbartdesign.com\/producto\/cuaderno-ensonaciones-y-realidades-chb\/#breadcrumb","itemListElement":[{"@type":"ListItem","position":1,"name":"Portada","item":"https:\/\/chbartdesign.com\/"},{"@type":"ListItem","position":2,"name":"Tienda","item":"https:\/\/chbartdesign.com\/tienda\/"},{"@type":"ListItem","position":3,"name":"Cuaderno &#8220;Enso\u00f1aciones y realidades&#8221;"}]},{"@type":"WebSite","@id":"https:\/\/chbartdesign.com\/#website","url":"https:\/\/chbartdesign.com\/","name":"Chillida Belzunce Art &amp; Design - CHB","description":"Chillida Belzunce Art &amp; Design - CHB: Exclusividad y arte en cada dise\u00f1o.","publisher":{"@id":"https:\/\/chbartdesign.com\/#organization"},"potentialAction":[{"@type":"SearchAction","target":{"@type":"EntryPoint","urlTemplate":"https:\/\/chbartdesign.com\/?s={search_term_string}"},"query-input":{"@type":"PropertyValueSpecification","valueRequired":true,"valueName":"search_term_string"}}],"inLanguage":"en-GB"},{"@type":"Organization","@id":"https:\/\/chbartdesign.com\/#organization","name":"Chillida Belzunce Art &amp; Design - CHB","url":"https:\/\/chbartdesign.com\/","logo":{"@type":"ImageObject","inLanguage":"en-GB","@id":"https:\/\/chbartdesign.com\/#\/schema\/logo\/image\/","url":"https:\/\/chbartdesign.com\/wp-content\/uploads\/2024\/06\/cropped-cropped-Logo-nuevo-CHB-para-web2024-e1760639568962.png","contentUrl":"https:\/\/chbartdesign.com\/wp-content\/uploads\/2024\/06\/cropped-cropped-Logo-nuevo-CHB-para-web2024-e1760639568962.png","width":512,"height":359,"caption":"Chillida Belzunce Art &amp; Design - CHB"},"image":{"@id":"https:\/\/chbartdesign.com\/#\/schema\/logo\/image\/"}}]}},"_links":{"self":[{"href":"https:\/\/chbartdesign.com\/en\/wp-json\/wp\/v2\/product\/6882","targetHints":{"allow":["GET"]}}],"collection":[{"href":"https:\/\/chbartdesign.com\/en\/wp-json\/wp\/v2\/product"}],"about":[{"href":"https:\/\/chbartdesign.com\/en\/wp-json\/wp\/v2\/types\/product"}],"wp:featuredmedia":[{"embeddable":true,"href":"https:\/\/chbartdesign.com\/en\/wp-json\/wp\/v2\/media\/6682"}],"wp:attachment":[{"href":"https:\/\/chbartdesign.com\/en\/wp-json\/wp\/v2\/media?parent=6882"}],"wp:term":[{"taxonomy":"product_brand","embeddable":true,"href":"https:\/\/chbartdesign.com\/en\/wp-json\/wp\/v2\/product_brand?post=6882"},{"taxonomy":"product_cat","embeddable":true,"href":"https:\/\/chbartdesign.com\/en\/wp-json\/wp\/v2\/product_cat?post=6882"},{"taxonomy":"product_tag","embeddable":true,"href":"https:\/\/chbartdesign.com\/en\/wp-json\/wp\/v2\/product_tag?post=6882"}],"curies":[{"name":"wp","href":"https:\/\/api.w.org\/{rel}","templated":true}]}}