{"id":6886,"date":"2023-12-12T10:21:52","date_gmt":"2023-12-12T09:21:52","guid":{"rendered":"https:\/\/chbartdesign.com\/?post_type=product&#038;p=6886"},"modified":"2026-03-09T10:50:13","modified_gmt":"2026-03-09T09:50:13","slug":"panuelo-hacia-la-luz-chb","status":"publish","type":"product","link":"https:\/\/chbartdesign.com\/en\/product\/panuelo-hacia-la-luz-chb\/","title":{"rendered":"Pa\u00f1uelo &#8220;Hacia la luz&#8221;"},"content":{"rendered":"<p><strong>SPECIAL EDITION<\/strong>: Edici\u00f3n limitada de 100 pa\u00f1uelos con motivo del del Bicentenario de la Independencia de M\u00e9xico. <span style=\"font-weight: 400;\">Cada ejemplar va acompa\u00f1ado de un certificado de autenticidad numerado.\u00a0<\/span><\/p>\n<p><strong>MATERIAL<\/strong>: High quality polyester.<\/p>\n<p><strong>DIMENSIONS<\/strong>: 72 cm x 164 cm, large size.<\/p>\n<p><strong>PACKAGING<\/strong>: <span style=\"font-weight: 400;\">Presentaci\u00f3n en caja de cart\u00f3n de lujo hecha a mano.<\/span><\/p>","protected":false},"excerpt":{"rendered":"<p>Celebra el Bicentenario de la Independencia de M\u00e9xico con el exclusivo pa\u00f1uelo &#8220;HACIA LA LUZ&#8221;, fabricado en polyester de alta calidad.<\/p>","protected":false},"featured_media":6638,"template":"","meta":[],"product_brand":[],"product_cat":[269,149],"product_tag":[160,191,220,202,157,216,163,223,221,176,222,218,215],"class_list":{"0":"post-6886","1":"product","2":"type-product","3":"status-publish","4":"has-post-thumbnail","6":"product_cat-panuelos-y-fulares","7":"product_cat-moda-y-complementos","8":"product_tag-accesorio-de-lujo","9":"product_tag-azul","10":"product_tag-bicentenario-mexico","11":"product_tag-blanco","12":"product_tag-chb-artdesign","13":"product_tag-edicion-limitada","14":"product_tag-eduardo-chillida-belzunce","15":"product_tag-hacia-la-luz","16":"product_tag-independencia-mexico","17":"product_tag-lujo","18":"product_tag-mexico","19":"product_tag-panuelo","20":"product_tag-panuelo-conmemorativo","22":"first","23":"instock","24":"taxable","25":"shipping-taxable","26":"purchasable","27":"product-type-simple","28":"add-to-wishlist-after_add_to_cart"},"yoast_head":"<!-- This site is optimized with the Yoast SEO plugin v27.1 - https:\/\/yoast.com\/product\/yoast-seo-wordpress\/ -->\n<title>Pa\u00f1uelo &quot;Hacia la luz&quot; - Chillida Belzunce Art &amp; Design - CHB<\/title>\n<meta name=\"description\" content=\"Edici\u00f3n limitada de 100 pa\u00f1uelos &quot;Hacia la luz&quot;para el Bicentenario de la Independencia de M\u00e9xico, en poli\u00e9ster de alta calidad, 72 x 164 cm.\" \/>\n<meta name=\"robots\" content=\"index, follow, max-snippet:-1, max-image-preview:large, max-video-preview:-1\" \/>\n<link rel=\"canonical\" href=\"https:\/\/chbartdesign.com\/en\/product\/panuelo-hacia-la-luz-chb\/\" \/>\n<meta property=\"og:locale\" content=\"en_GB\" \/>\n<meta property=\"og:type\" content=\"article\" \/>\n<meta property=\"og:title\" content=\"Pa\u00f1uelo &quot;Hacia la luz&quot; - Chillida Belzunce Art &amp; Design - CHB\" \/>\n<meta property=\"og:description\" content=\"Edici\u00f3n limitada de 100 pa\u00f1uelos &quot;Hacia la luz&quot;para el Bicentenario de la Independencia de M\u00e9xico, en poli\u00e9ster de alta calidad, 72 x 164 cm.\" \/>\n<meta property=\"og:url\" content=\"https:\/\/chbartdesign.com\/en\/product\/panuelo-hacia-la-luz-chb\/\" \/>\n<meta property=\"og:site_name\" content=\"Chillida Belzunce Art &amp; Design - CHB\" \/>\n<meta property=\"article:modified_time\" content=\"2026-03-09T09:50:13+00:00\" \/>\n<meta property=\"og:image\" content=\"https:\/\/chbartdesign.com\/wp-content\/uploads\/2023\/11\/DSC08371-scaled.jpg\" \/>\n\t<meta property=\"og:image:width\" content=\"2560\" \/>\n\t<meta property=\"og:image:height\" content=\"1829\" \/>\n\t<meta property=\"og:image:type\" content=\"image\/jpeg\" \/>\n<meta name=\"twitter:card\" content=\"summary_large_image\" \/>\n<meta name=\"twitter:label1\" content=\"Estimated reading time\" \/>\n\t<meta name=\"twitter:data1\" content=\"1 minute\" \/>\n<script type=\"application\/ld+json\" class=\"yoast-schema-graph\">{\"@context\":\"https:\/\/schema.org\",\"@graph\":[{\"@type\":\"WebPage\",\"@id\":\"https:\/\/chbartdesign.com\/producto\/panuelo-hacia-la-luz-chb\/\",\"url\":\"https:\/\/chbartdesign.com\/producto\/panuelo-hacia-la-luz-chb\/\",\"name\":\"Pa\u00f1uelo \\\"Hacia la luz\\\" - Chillida Belzunce Art &amp; Design - CHB\",\"isPartOf\":{\"@id\":\"https:\/\/chbartdesign.com\/#website\"},\"primaryImageOfPage\":{\"@id\":\"https:\/\/chbartdesign.com\/producto\/panuelo-hacia-la-luz-chb\/#primaryimage\"},\"image\":{\"@id\":\"https:\/\/chbartdesign.com\/producto\/panuelo-hacia-la-luz-chb\/#primaryimage\"},\"thumbnailUrl\":\"https:\/\/chbartdesign.com\/wp-content\/uploads\/2023\/11\/DSC08371-scaled.jpg\",\"datePublished\":\"2023-12-12T09:21:52+00:00\",\"dateModified\":\"2026-03-09T09:50:13+00:00\",\"description\":\"Edici\u00f3n limitada de 100 pa\u00f1uelos \\\"Hacia la luz\\\"para el Bicentenario de la Independencia de M\u00e9xico, en poli\u00e9ster de alta calidad, 72 x 164 cm.\",\"breadcrumb\":{\"@id\":\"https:\/\/chbartdesign.com\/producto\/panuelo-hacia-la-luz-chb\/#breadcrumb\"},\"inLanguage\":\"en-GB\",\"potentialAction\":[{\"@type\":\"ReadAction\",\"target\":[\"https:\/\/chbartdesign.com\/producto\/panuelo-hacia-la-luz-chb\/\"]}]},{\"@type\":\"ImageObject\",\"inLanguage\":\"en-GB\",\"@id\":\"https:\/\/chbartdesign.com\/producto\/panuelo-hacia-la-luz-chb\/#primaryimage\",\"url\":\"https:\/\/chbartdesign.com\/wp-content\/uploads\/2023\/11\/DSC08371-scaled.jpg\",\"contentUrl\":\"https:\/\/chbartdesign.com\/wp-content\/uploads\/2023\/11\/DSC08371-scaled.jpg\",\"width\":2560,\"height\":1829,\"caption\":\"Pa\u00f1uelo de seda 'Hacia la Luz' de CHB Art&Design, un accesorio elegante y distintivo.\"},{\"@type\":\"BreadcrumbList\",\"@id\":\"https:\/\/chbartdesign.com\/producto\/panuelo-hacia-la-luz-chb\/#breadcrumb\",\"itemListElement\":[{\"@type\":\"ListItem\",\"position\":1,\"name\":\"Portada\",\"item\":\"https:\/\/chbartdesign.com\/\"},{\"@type\":\"ListItem\",\"position\":2,\"name\":\"Tienda\",\"item\":\"https:\/\/chbartdesign.com\/tienda\/\"},{\"@type\":\"ListItem\",\"position\":3,\"name\":\"Pa\u00f1uelo &#8220;Hacia la luz&#8221;\"}]},{\"@type\":\"WebSite\",\"@id\":\"https:\/\/chbartdesign.com\/#website\",\"url\":\"https:\/\/chbartdesign.com\/\",\"name\":\"Chillida Belzunce Art &amp; Design - CHB\",\"description\":\"Chillida Belzunce Art &amp; Design - CHB: Exclusividad y arte en cada dise\u00f1o.\",\"publisher\":{\"@id\":\"https:\/\/chbartdesign.com\/#organization\"},\"potentialAction\":[{\"@type\":\"SearchAction\",\"target\":{\"@type\":\"EntryPoint\",\"urlTemplate\":\"https:\/\/chbartdesign.com\/?s={search_term_string}\"},\"query-input\":{\"@type\":\"PropertyValueSpecification\",\"valueRequired\":true,\"valueName\":\"search_term_string\"}}],\"inLanguage\":\"en-GB\"},{\"@type\":\"Organization\",\"@id\":\"https:\/\/chbartdesign.com\/#organization\",\"name\":\"Chillida Belzunce Art &amp; Design - CHB\",\"url\":\"https:\/\/chbartdesign.com\/\",\"logo\":{\"@type\":\"ImageObject\",\"inLanguage\":\"en-GB\",\"@id\":\"https:\/\/chbartdesign.com\/#\/schema\/logo\/image\/\",\"url\":\"https:\/\/chbartdesign.com\/wp-content\/uploads\/2024\/06\/cropped-cropped-Logo-nuevo-CHB-para-web2024-e1760639568962.png\",\"contentUrl\":\"https:\/\/chbartdesign.com\/wp-content\/uploads\/2024\/06\/cropped-cropped-Logo-nuevo-CHB-para-web2024-e1760639568962.png\",\"width\":512,\"height\":359,\"caption\":\"Chillida Belzunce Art &amp; Design - CHB\"},\"image\":{\"@id\":\"https:\/\/chbartdesign.com\/#\/schema\/logo\/image\/\"}}]}<\/script>\n<!-- \/ Yoast SEO plugin. -->","yoast_head_json":{"title":"Pa\u00f1uelo \"Hacia la luz\" - Chillida Belzunce Art &amp; Design - CHB","description":"Edici\u00f3n limitada de 100 pa\u00f1uelos \"Hacia la luz\"para el Bicentenario de la Independencia de M\u00e9xico, en poli\u00e9ster de alta calidad, 72 x 164 cm.","robots":{"index":"index","follow":"follow","max-snippet":"max-snippet:-1","max-image-preview":"max-image-preview:large","max-video-preview":"max-video-preview:-1"},"canonical":"https:\/\/chbartdesign.com\/en\/product\/panuelo-hacia-la-luz-chb\/","og_locale":"en_GB","og_type":"article","og_title":"Pa\u00f1uelo \"Hacia la luz\" - Chillida Belzunce Art &amp; Design - CHB","og_description":"Edici\u00f3n limitada de 100 pa\u00f1uelos \"Hacia la luz\"para el Bicentenario de la Independencia de M\u00e9xico, en poli\u00e9ster de alta calidad, 72 x 164 cm.","og_url":"https:\/\/chbartdesign.com\/en\/product\/panuelo-hacia-la-luz-chb\/","og_site_name":"Chillida Belzunce Art &amp; Design - CHB","article_modified_time":"2026-03-09T09:50:13+00:00","og_image":[{"width":2560,"height":1829,"url":"https:\/\/chbartdesign.com\/wp-content\/uploads\/2023\/11\/DSC08371-scaled.jpg","type":"image\/jpeg"}],"twitter_card":"summary_large_image","twitter_misc":{"Estimated reading time":"1 minute"},"schema":{"@context":"https:\/\/schema.org","@graph":[{"@type":"WebPage","@id":"https:\/\/chbartdesign.com\/producto\/panuelo-hacia-la-luz-chb\/","url":"https:\/\/chbartdesign.com\/producto\/panuelo-hacia-la-luz-chb\/","name":"Pa\u00f1uelo \"Hacia la luz\" - Chillida Belzunce Art &amp; Design - CHB","isPartOf":{"@id":"https:\/\/chbartdesign.com\/#website"},"primaryImageOfPage":{"@id":"https:\/\/chbartdesign.com\/producto\/panuelo-hacia-la-luz-chb\/#primaryimage"},"image":{"@id":"https:\/\/chbartdesign.com\/producto\/panuelo-hacia-la-luz-chb\/#primaryimage"},"thumbnailUrl":"https:\/\/chbartdesign.com\/wp-content\/uploads\/2023\/11\/DSC08371-scaled.jpg","datePublished":"2023-12-12T09:21:52+00:00","dateModified":"2026-03-09T09:50:13+00:00","description":"Edici\u00f3n limitada de 100 pa\u00f1uelos \"Hacia la luz\"para el Bicentenario de la Independencia de M\u00e9xico, en poli\u00e9ster de alta calidad, 72 x 164 cm.","breadcrumb":{"@id":"https:\/\/chbartdesign.com\/producto\/panuelo-hacia-la-luz-chb\/#breadcrumb"},"inLanguage":"en-GB","potentialAction":[{"@type":"ReadAction","target":["https:\/\/chbartdesign.com\/producto\/panuelo-hacia-la-luz-chb\/"]}]},{"@type":"ImageObject","inLanguage":"en-GB","@id":"https:\/\/chbartdesign.com\/producto\/panuelo-hacia-la-luz-chb\/#primaryimage","url":"https:\/\/chbartdesign.com\/wp-content\/uploads\/2023\/11\/DSC08371-scaled.jpg","contentUrl":"https:\/\/chbartdesign.com\/wp-content\/uploads\/2023\/11\/DSC08371-scaled.jpg","width":2560,"height":1829,"caption":"Pa\u00f1uelo de seda 'Hacia la Luz' de CHB Art&Design, un accesorio elegante y distintivo."},{"@type":"BreadcrumbList","@id":"https:\/\/chbartdesign.com\/producto\/panuelo-hacia-la-luz-chb\/#breadcrumb","itemListElement":[{"@type":"ListItem","position":1,"name":"Portada","item":"https:\/\/chbartdesign.com\/"},{"@type":"ListItem","position":2,"name":"Tienda","item":"https:\/\/chbartdesign.com\/tienda\/"},{"@type":"ListItem","position":3,"name":"Pa\u00f1uelo &#8220;Hacia la luz&#8221;"}]},{"@type":"WebSite","@id":"https:\/\/chbartdesign.com\/#website","url":"https:\/\/chbartdesign.com\/","name":"Chillida Belzunce Art &amp; Design - CHB","description":"Chillida Belzunce Art &amp; Design - CHB: Exclusividad y arte en cada dise\u00f1o.","publisher":{"@id":"https:\/\/chbartdesign.com\/#organization"},"potentialAction":[{"@type":"SearchAction","target":{"@type":"EntryPoint","urlTemplate":"https:\/\/chbartdesign.com\/?s={search_term_string}"},"query-input":{"@type":"PropertyValueSpecification","valueRequired":true,"valueName":"search_term_string"}}],"inLanguage":"en-GB"},{"@type":"Organization","@id":"https:\/\/chbartdesign.com\/#organization","name":"Chillida Belzunce Art &amp; Design - CHB","url":"https:\/\/chbartdesign.com\/","logo":{"@type":"ImageObject","inLanguage":"en-GB","@id":"https:\/\/chbartdesign.com\/#\/schema\/logo\/image\/","url":"https:\/\/chbartdesign.com\/wp-content\/uploads\/2024\/06\/cropped-cropped-Logo-nuevo-CHB-para-web2024-e1760639568962.png","contentUrl":"https:\/\/chbartdesign.com\/wp-content\/uploads\/2024\/06\/cropped-cropped-Logo-nuevo-CHB-para-web2024-e1760639568962.png","width":512,"height":359,"caption":"Chillida Belzunce Art &amp; Design - CHB"},"image":{"@id":"https:\/\/chbartdesign.com\/#\/schema\/logo\/image\/"}}]}},"_links":{"self":[{"href":"https:\/\/chbartdesign.com\/en\/wp-json\/wp\/v2\/product\/6886","targetHints":{"allow":["GET"]}}],"collection":[{"href":"https:\/\/chbartdesign.com\/en\/wp-json\/wp\/v2\/product"}],"about":[{"href":"https:\/\/chbartdesign.com\/en\/wp-json\/wp\/v2\/types\/product"}],"wp:featuredmedia":[{"embeddable":true,"href":"https:\/\/chbartdesign.com\/en\/wp-json\/wp\/v2\/media\/6638"}],"wp:attachment":[{"href":"https:\/\/chbartdesign.com\/en\/wp-json\/wp\/v2\/media?parent=6886"}],"wp:term":[{"taxonomy":"product_brand","embeddable":true,"href":"https:\/\/chbartdesign.com\/en\/wp-json\/wp\/v2\/product_brand?post=6886"},{"taxonomy":"product_cat","embeddable":true,"href":"https:\/\/chbartdesign.com\/en\/wp-json\/wp\/v2\/product_cat?post=6886"},{"taxonomy":"product_tag","embeddable":true,"href":"https:\/\/chbartdesign.com\/en\/wp-json\/wp\/v2\/product_tag?post=6886"}],"curies":[{"name":"wp","href":"https:\/\/api.w.org\/{rel}","templated":true}]}}