{"id":6888,"date":"2023-12-12T10:39:43","date_gmt":"2023-12-12T09:39:43","guid":{"rendered":"https:\/\/chbartdesign.com\/?post_type=product&#038;p=6888"},"modified":"2026-03-09T10:36:47","modified_gmt":"2026-03-09T09:36:47","slug":"panuelo-torre-eiffel-chb","status":"publish","type":"product","link":"https:\/\/chbartdesign.com\/en\/product\/panuelo-torre-eiffel-chb\/","title":{"rendered":"Pa\u00f1uelo &#8220;Torre Eiffel&#8221;"},"content":{"rendered":"<p><strong>SPECIAL EDITION<\/strong>: Edici\u00f3n limitada de 100 pa\u00f1uelos con motivo de la Exposici\u00f3n \u201cDes lieux et des hommes\u201d en Place du Louvre, Par\u00eds. <span style=\"font-weight: 400;\">Cada ejemplar va acompa\u00f1ado de un certificado de autenticidad numerado.\u00a0<\/span><\/p>\n<p><strong>MATERIAL<\/strong>: 100% silk of superior quality.<\/p>\n<p><strong>DIMENSIONS<\/strong>: 137 cm x 120 cm, large and elegant.<\/p>\n<p><strong>PACKAGING<\/strong>: <span style=\"font-weight: 400;\">Presentaci\u00f3n en caja de cart\u00f3n de lujo hecha a mano.<\/span><\/p>\n<p><br style=\"font-weight: 400;\" \/><br style=\"font-weight: 400;\" \/><\/p>","protected":false},"excerpt":{"rendered":"<p>Pa\u00f1uelo de lujo &#8220;Torre Eiffel&#8221;, celebrando la exposici\u00f3n \u201cDes lieux et des hommes\u201d en Par\u00eds, hecho de 100% seda.<\/p>","protected":false},"featured_media":6647,"template":"","meta":[],"product_brand":[],"product_cat":[269,149],"product_tag":[160,157,216,163,224,176,161,218,215,193,168,225,195],"class_list":{"0":"post-6888","1":"product","2":"type-product","3":"status-publish","4":"has-post-thumbnail","6":"product_cat-panuelos-y-fulares","7":"product_cat-moda-y-complementos","8":"product_tag-accesorio-de-lujo","9":"product_tag-chb-artdesign","10":"product_tag-edicion-limitada","11":"product_tag-eduardo-chillida-belzunce","12":"product_tag-homenaje-a-paris-ii","13":"product_tag-lujo","14":"product_tag-moda","15":"product_tag-panuelo","16":"product_tag-panuelo-conmemorativo","17":"product_tag-paris","18":"product_tag-seda","19":"product_tag-seda-natural","20":"product_tag-torre-eiffel","22":"first","23":"instock","24":"taxable","25":"shipping-taxable","26":"purchasable","27":"product-type-simple","28":"add-to-wishlist-after_add_to_cart"},"yoast_head":"<!-- This site is optimized with the Yoast SEO plugin v27.1 - https:\/\/yoast.com\/product\/yoast-seo-wordpress\/ -->\n<title>Pa\u00f1uelo &quot;Torre Eiffel&quot; - Chillida Belzunce Art &amp; Design - CHB<\/title>\n<meta name=\"description\" content=\"El pa\u00f1uelo de lujo &#039;Torre Eiffel&quot; confeccionado en seda 100%, es un tributo de CHB a a la exposici\u00f3n &#039;Des lieux et des hommes&#039; en la plaza del Louvre.\" \/>\n<meta name=\"robots\" content=\"index, follow, max-snippet:-1, max-image-preview:large, max-video-preview:-1\" \/>\n<link rel=\"canonical\" href=\"https:\/\/chbartdesign.com\/en\/product\/panuelo-torre-eiffel-chb\/\" \/>\n<meta property=\"og:locale\" content=\"en_GB\" \/>\n<meta property=\"og:type\" content=\"article\" \/>\n<meta property=\"og:title\" content=\"Pa\u00f1uelo &quot;Torre Eiffel&quot; - Chillida Belzunce Art &amp; Design - CHB\" \/>\n<meta property=\"og:description\" content=\"El pa\u00f1uelo de lujo &#039;Torre Eiffel&quot; confeccionado en seda 100%, es un tributo de CHB a a la exposici\u00f3n &#039;Des lieux et des hommes&#039; en la plaza del Louvre.\" \/>\n<meta property=\"og:url\" content=\"https:\/\/chbartdesign.com\/en\/product\/panuelo-torre-eiffel-chb\/\" \/>\n<meta property=\"og:site_name\" content=\"Chillida Belzunce Art &amp; Design - CHB\" \/>\n<meta property=\"article:modified_time\" content=\"2026-03-09T09:36:47+00:00\" \/>\n<meta property=\"og:image\" content=\"https:\/\/chbartdesign.com\/wp-content\/uploads\/2023\/11\/DSC08399-scaled.jpg\" \/>\n\t<meta property=\"og:image:width\" content=\"2560\" \/>\n\t<meta property=\"og:image:height\" content=\"1829\" \/>\n\t<meta property=\"og:image:type\" content=\"image\/jpeg\" \/>\n<meta name=\"twitter:card\" content=\"summary_large_image\" \/>\n<meta name=\"twitter:label1\" content=\"Estimated reading time\" \/>\n\t<meta name=\"twitter:data1\" content=\"1 minute\" \/>\n<script type=\"application\/ld+json\" class=\"yoast-schema-graph\">{\"@context\":\"https:\/\/schema.org\",\"@graph\":[{\"@type\":\"WebPage\",\"@id\":\"https:\/\/chbartdesign.com\/producto\/panuelo-torre-eiffel-chb\/\",\"url\":\"https:\/\/chbartdesign.com\/producto\/panuelo-torre-eiffel-chb\/\",\"name\":\"Pa\u00f1uelo \\\"Torre Eiffel\\\" - Chillida Belzunce Art &amp; Design - CHB\",\"isPartOf\":{\"@id\":\"https:\/\/chbartdesign.com\/#website\"},\"primaryImageOfPage\":{\"@id\":\"https:\/\/chbartdesign.com\/producto\/panuelo-torre-eiffel-chb\/#primaryimage\"},\"image\":{\"@id\":\"https:\/\/chbartdesign.com\/producto\/panuelo-torre-eiffel-chb\/#primaryimage\"},\"thumbnailUrl\":\"https:\/\/chbartdesign.com\/wp-content\/uploads\/2023\/11\/DSC08399-scaled.jpg\",\"datePublished\":\"2023-12-12T09:39:43+00:00\",\"dateModified\":\"2026-03-09T09:36:47+00:00\",\"description\":\"El pa\u00f1uelo de lujo 'Torre Eiffel\\\" confeccionado en seda 100%, es un tributo de CHB a a la exposici\u00f3n 'Des lieux et des hommes' en la plaza del Louvre.\",\"breadcrumb\":{\"@id\":\"https:\/\/chbartdesign.com\/producto\/panuelo-torre-eiffel-chb\/#breadcrumb\"},\"inLanguage\":\"en-GB\",\"potentialAction\":[{\"@type\":\"ReadAction\",\"target\":[\"https:\/\/chbartdesign.com\/producto\/panuelo-torre-eiffel-chb\/\"]}]},{\"@type\":\"ImageObject\",\"inLanguage\":\"en-GB\",\"@id\":\"https:\/\/chbartdesign.com\/producto\/panuelo-torre-eiffel-chb\/#primaryimage\",\"url\":\"https:\/\/chbartdesign.com\/wp-content\/uploads\/2023\/11\/DSC08399-scaled.jpg\",\"contentUrl\":\"https:\/\/chbartdesign.com\/wp-content\/uploads\/2023\/11\/DSC08399-scaled.jpg\",\"width\":2560,\"height\":1829,\"caption\":\"Segunda foto del pa\u00f1uelo de seda con dise\u00f1o de la Torre Eiffel de CHB Art&Design, una obra de arte que combina elegancia y estilo.\"},{\"@type\":\"BreadcrumbList\",\"@id\":\"https:\/\/chbartdesign.com\/producto\/panuelo-torre-eiffel-chb\/#breadcrumb\",\"itemListElement\":[{\"@type\":\"ListItem\",\"position\":1,\"name\":\"Portada\",\"item\":\"https:\/\/chbartdesign.com\/\"},{\"@type\":\"ListItem\",\"position\":2,\"name\":\"Tienda\",\"item\":\"https:\/\/chbartdesign.com\/tienda\/\"},{\"@type\":\"ListItem\",\"position\":3,\"name\":\"Pa\u00f1uelo &#8220;Torre Eiffel&#8221;\"}]},{\"@type\":\"WebSite\",\"@id\":\"https:\/\/chbartdesign.com\/#website\",\"url\":\"https:\/\/chbartdesign.com\/\",\"name\":\"Chillida Belzunce Art &amp; Design - CHB\",\"description\":\"Chillida Belzunce Art &amp; Design - CHB: Exclusividad y arte en cada dise\u00f1o.\",\"publisher\":{\"@id\":\"https:\/\/chbartdesign.com\/#organization\"},\"potentialAction\":[{\"@type\":\"SearchAction\",\"target\":{\"@type\":\"EntryPoint\",\"urlTemplate\":\"https:\/\/chbartdesign.com\/?s={search_term_string}\"},\"query-input\":{\"@type\":\"PropertyValueSpecification\",\"valueRequired\":true,\"valueName\":\"search_term_string\"}}],\"inLanguage\":\"en-GB\"},{\"@type\":\"Organization\",\"@id\":\"https:\/\/chbartdesign.com\/#organization\",\"name\":\"Chillida Belzunce Art &amp; Design - CHB\",\"url\":\"https:\/\/chbartdesign.com\/\",\"logo\":{\"@type\":\"ImageObject\",\"inLanguage\":\"en-GB\",\"@id\":\"https:\/\/chbartdesign.com\/#\/schema\/logo\/image\/\",\"url\":\"https:\/\/chbartdesign.com\/wp-content\/uploads\/2024\/06\/cropped-cropped-Logo-nuevo-CHB-para-web2024-e1760639568962.png\",\"contentUrl\":\"https:\/\/chbartdesign.com\/wp-content\/uploads\/2024\/06\/cropped-cropped-Logo-nuevo-CHB-para-web2024-e1760639568962.png\",\"width\":512,\"height\":359,\"caption\":\"Chillida Belzunce Art &amp; Design - CHB\"},\"image\":{\"@id\":\"https:\/\/chbartdesign.com\/#\/schema\/logo\/image\/\"}}]}<\/script>\n<!-- \/ Yoast SEO plugin. -->","yoast_head_json":{"title":"Pa\u00f1uelo \"Torre Eiffel\" - Chillida Belzunce Art &amp; Design - CHB","description":"El pa\u00f1uelo de lujo 'Torre Eiffel\" confeccionado en seda 100%, es un tributo de CHB a a la exposici\u00f3n 'Des lieux et des hommes' en la plaza del Louvre.","robots":{"index":"index","follow":"follow","max-snippet":"max-snippet:-1","max-image-preview":"max-image-preview:large","max-video-preview":"max-video-preview:-1"},"canonical":"https:\/\/chbartdesign.com\/en\/product\/panuelo-torre-eiffel-chb\/","og_locale":"en_GB","og_type":"article","og_title":"Pa\u00f1uelo \"Torre Eiffel\" - Chillida Belzunce Art &amp; Design - CHB","og_description":"El pa\u00f1uelo de lujo 'Torre Eiffel\" confeccionado en seda 100%, es un tributo de CHB a a la exposici\u00f3n 'Des lieux et des hommes' en la plaza del Louvre.","og_url":"https:\/\/chbartdesign.com\/en\/product\/panuelo-torre-eiffel-chb\/","og_site_name":"Chillida Belzunce Art &amp; Design - CHB","article_modified_time":"2026-03-09T09:36:47+00:00","og_image":[{"width":2560,"height":1829,"url":"https:\/\/chbartdesign.com\/wp-content\/uploads\/2023\/11\/DSC08399-scaled.jpg","type":"image\/jpeg"}],"twitter_card":"summary_large_image","twitter_misc":{"Estimated reading time":"1 minute"},"schema":{"@context":"https:\/\/schema.org","@graph":[{"@type":"WebPage","@id":"https:\/\/chbartdesign.com\/producto\/panuelo-torre-eiffel-chb\/","url":"https:\/\/chbartdesign.com\/producto\/panuelo-torre-eiffel-chb\/","name":"Pa\u00f1uelo \"Torre Eiffel\" - Chillida Belzunce Art &amp; Design - CHB","isPartOf":{"@id":"https:\/\/chbartdesign.com\/#website"},"primaryImageOfPage":{"@id":"https:\/\/chbartdesign.com\/producto\/panuelo-torre-eiffel-chb\/#primaryimage"},"image":{"@id":"https:\/\/chbartdesign.com\/producto\/panuelo-torre-eiffel-chb\/#primaryimage"},"thumbnailUrl":"https:\/\/chbartdesign.com\/wp-content\/uploads\/2023\/11\/DSC08399-scaled.jpg","datePublished":"2023-12-12T09:39:43+00:00","dateModified":"2026-03-09T09:36:47+00:00","description":"El pa\u00f1uelo de lujo 'Torre Eiffel\" confeccionado en seda 100%, es un tributo de CHB a a la exposici\u00f3n 'Des lieux et des hommes' en la plaza del Louvre.","breadcrumb":{"@id":"https:\/\/chbartdesign.com\/producto\/panuelo-torre-eiffel-chb\/#breadcrumb"},"inLanguage":"en-GB","potentialAction":[{"@type":"ReadAction","target":["https:\/\/chbartdesign.com\/producto\/panuelo-torre-eiffel-chb\/"]}]},{"@type":"ImageObject","inLanguage":"en-GB","@id":"https:\/\/chbartdesign.com\/producto\/panuelo-torre-eiffel-chb\/#primaryimage","url":"https:\/\/chbartdesign.com\/wp-content\/uploads\/2023\/11\/DSC08399-scaled.jpg","contentUrl":"https:\/\/chbartdesign.com\/wp-content\/uploads\/2023\/11\/DSC08399-scaled.jpg","width":2560,"height":1829,"caption":"Segunda foto del pa\u00f1uelo de seda con dise\u00f1o de la Torre Eiffel de CHB Art&Design, una obra de arte que combina elegancia y estilo."},{"@type":"BreadcrumbList","@id":"https:\/\/chbartdesign.com\/producto\/panuelo-torre-eiffel-chb\/#breadcrumb","itemListElement":[{"@type":"ListItem","position":1,"name":"Portada","item":"https:\/\/chbartdesign.com\/"},{"@type":"ListItem","position":2,"name":"Tienda","item":"https:\/\/chbartdesign.com\/tienda\/"},{"@type":"ListItem","position":3,"name":"Pa\u00f1uelo &#8220;Torre Eiffel&#8221;"}]},{"@type":"WebSite","@id":"https:\/\/chbartdesign.com\/#website","url":"https:\/\/chbartdesign.com\/","name":"Chillida Belzunce Art &amp; Design - CHB","description":"Chillida Belzunce Art &amp; Design - CHB: Exclusividad y arte en cada dise\u00f1o.","publisher":{"@id":"https:\/\/chbartdesign.com\/#organization"},"potentialAction":[{"@type":"SearchAction","target":{"@type":"EntryPoint","urlTemplate":"https:\/\/chbartdesign.com\/?s={search_term_string}"},"query-input":{"@type":"PropertyValueSpecification","valueRequired":true,"valueName":"search_term_string"}}],"inLanguage":"en-GB"},{"@type":"Organization","@id":"https:\/\/chbartdesign.com\/#organization","name":"Chillida Belzunce Art &amp; Design - CHB","url":"https:\/\/chbartdesign.com\/","logo":{"@type":"ImageObject","inLanguage":"en-GB","@id":"https:\/\/chbartdesign.com\/#\/schema\/logo\/image\/","url":"https:\/\/chbartdesign.com\/wp-content\/uploads\/2024\/06\/cropped-cropped-Logo-nuevo-CHB-para-web2024-e1760639568962.png","contentUrl":"https:\/\/chbartdesign.com\/wp-content\/uploads\/2024\/06\/cropped-cropped-Logo-nuevo-CHB-para-web2024-e1760639568962.png","width":512,"height":359,"caption":"Chillida Belzunce Art &amp; Design - CHB"},"image":{"@id":"https:\/\/chbartdesign.com\/#\/schema\/logo\/image\/"}}]}},"_links":{"self":[{"href":"https:\/\/chbartdesign.com\/en\/wp-json\/wp\/v2\/product\/6888","targetHints":{"allow":["GET"]}}],"collection":[{"href":"https:\/\/chbartdesign.com\/en\/wp-json\/wp\/v2\/product"}],"about":[{"href":"https:\/\/chbartdesign.com\/en\/wp-json\/wp\/v2\/types\/product"}],"wp:featuredmedia":[{"embeddable":true,"href":"https:\/\/chbartdesign.com\/en\/wp-json\/wp\/v2\/media\/6647"}],"wp:attachment":[{"href":"https:\/\/chbartdesign.com\/en\/wp-json\/wp\/v2\/media?parent=6888"}],"wp:term":[{"taxonomy":"product_brand","embeddable":true,"href":"https:\/\/chbartdesign.com\/en\/wp-json\/wp\/v2\/product_brand?post=6888"},{"taxonomy":"product_cat","embeddable":true,"href":"https:\/\/chbartdesign.com\/en\/wp-json\/wp\/v2\/product_cat?post=6888"},{"taxonomy":"product_tag","embeddable":true,"href":"https:\/\/chbartdesign.com\/en\/wp-json\/wp\/v2\/product_tag?post=6888"}],"curies":[{"name":"wp","href":"https:\/\/api.w.org\/{rel}","templated":true}]}}