{"id":6891,"date":"2023-12-12T11:01:55","date_gmt":"2023-12-12T10:01:55","guid":{"rendered":"https:\/\/chbartdesign.com\/?post_type=product&#038;p=6891"},"modified":"2024-06-05T16:54:47","modified_gmt":"2024-06-05T14:54:47","slug":"poster-el-descanso-del-arma","status":"publish","type":"product","link":"https:\/\/chbartdesign.com\/en\/product\/poster-el-descanso-del-arma\/","title":{"rendered":"P\u00f3ster &#8220;El descanso del arma&#8221;"},"content":{"rendered":"<p><strong>SPECIAL EDITION<\/strong>:\u00a0<span style=\"font-weight: 400;\">Edition by UEE (Uni\u00f3n Espa\u00f1ola de Explosivos) of posters and calendars for 2006 with the reproduction of the painting acquired for its collection \"El descanso del arma\" by Eduardo Chillida Belzunce.<\/span><\/p>\n<p><strong>DIMENSIONS:\u00a0<\/strong>60 x 47 cm<\/p>\n<p><strong>PACKAGING<\/strong>: Carefully packaged to preserve poster quality.<\/p>","protected":false},"excerpt":{"rendered":"<p>Get the essence of Eduardo Chillida Belzunce with this exclusive 2006 UEE poster, 'El descanso del arma'. Perfect dimensions of 60 x 47 cm.<\/p>","protected":false},"featured_media":6680,"template":"","meta":[],"product_brand":[],"product_cat":[274,148],"product_tag":[159,219,157,179,200,216,163,176,230,178,227,173],"class_list":{"0":"post-6891","1":"product","2":"type-product","3":"status-publish","4":"has-post-thumbnail","6":"product_cat-posters","7":"product_cat-accesorios","8":"product_tag-arte","9":"product_tag-bahia-de-la-concha","10":"product_tag-chb-artdesign","11":"product_tag-coleccionista","12":"product_tag-decoracion","13":"product_tag-edicion-limitada","14":"product_tag-eduardo-chillida-belzunce","15":"product_tag-lujo","16":"product_tag-madrid","17":"product_tag-objetos-de-coleccion","18":"product_tag-poster","19":"product_tag-san-sebastian","21":"first","22":"instock","23":"featured","24":"taxable","25":"shipping-taxable","26":"purchasable","27":"product-type-simple","28":"add-to-wishlist-after_add_to_cart"},"yoast_head":"<!-- This site is optimized with the Yoast SEO plugin v27.1 - https:\/\/yoast.com\/product\/yoast-seo-wordpress\/ -->\n<title>P\u00f3ster &quot;El descanso del arma&quot; - Chillida Belzunce Art &amp; Design - CHB<\/title>\n<meta name=\"description\" content=\"P\u00f3ster &#039;El descanso del arma&#039; de Eduardo Chillida Belzunce, CHB, con motivo de la edici\u00f3n especial de p\u00f3sters y calendarios 2006 de la UEE.\" \/>\n<meta name=\"robots\" content=\"index, follow, max-snippet:-1, max-image-preview:large, max-video-preview:-1\" \/>\n<link rel=\"canonical\" href=\"https:\/\/chbartdesign.com\/en\/product\/poster-el-descanso-del-arma\/\" \/>\n<meta property=\"og:locale\" content=\"en_GB\" \/>\n<meta property=\"og:type\" content=\"article\" \/>\n<meta property=\"og:title\" content=\"P\u00f3ster &quot;El descanso del arma&quot; - Chillida Belzunce Art &amp; Design - CHB\" \/>\n<meta property=\"og:description\" content=\"P\u00f3ster &#039;El descanso del arma&#039; de Eduardo Chillida Belzunce, CHB, con motivo de la edici\u00f3n especial de p\u00f3sters y calendarios 2006 de la UEE.\" \/>\n<meta property=\"og:url\" content=\"https:\/\/chbartdesign.com\/en\/product\/poster-el-descanso-del-arma\/\" \/>\n<meta property=\"og:site_name\" content=\"Chillida Belzunce Art &amp; Design - CHB\" \/>\n<meta property=\"article:modified_time\" content=\"2024-06-05T14:54:47+00:00\" \/>\n<meta property=\"og:image\" content=\"https:\/\/chbartdesign.com\/wp-content\/uploads\/2023\/11\/DSC08534-scaled.jpg\" \/>\n\t<meta property=\"og:image:width\" content=\"2560\" \/>\n\t<meta property=\"og:image:height\" content=\"1689\" \/>\n\t<meta property=\"og:image:type\" content=\"image\/jpeg\" \/>\n<meta name=\"twitter:card\" content=\"summary_large_image\" \/>\n<meta name=\"twitter:label1\" content=\"Estimated reading time\" \/>\n\t<meta name=\"twitter:data1\" content=\"1 minute\" \/>\n<script type=\"application\/ld+json\" class=\"yoast-schema-graph\">{\"@context\":\"https:\/\/schema.org\",\"@graph\":[{\"@type\":\"WebPage\",\"@id\":\"https:\/\/chbartdesign.com\/producto\/poster-el-descanso-del-arma\/\",\"url\":\"https:\/\/chbartdesign.com\/producto\/poster-el-descanso-del-arma\/\",\"name\":\"P\u00f3ster \\\"El descanso del arma\\\" - Chillida Belzunce Art &amp; Design - CHB\",\"isPartOf\":{\"@id\":\"https:\/\/chbartdesign.com\/#website\"},\"primaryImageOfPage\":{\"@id\":\"https:\/\/chbartdesign.com\/producto\/poster-el-descanso-del-arma\/#primaryimage\"},\"image\":{\"@id\":\"https:\/\/chbartdesign.com\/producto\/poster-el-descanso-del-arma\/#primaryimage\"},\"thumbnailUrl\":\"https:\/\/chbartdesign.com\/wp-content\/uploads\/2023\/11\/DSC08534-scaled.jpg\",\"datePublished\":\"2023-12-12T10:01:55+00:00\",\"dateModified\":\"2024-06-05T14:54:47+00:00\",\"description\":\"P\u00f3ster 'El descanso del arma' de Eduardo Chillida Belzunce, CHB, con motivo de la edici\u00f3n especial de p\u00f3sters y calendarios 2006 de la UEE.\",\"breadcrumb\":{\"@id\":\"https:\/\/chbartdesign.com\/producto\/poster-el-descanso-del-arma\/#breadcrumb\"},\"inLanguage\":\"en-GB\",\"potentialAction\":[{\"@type\":\"ReadAction\",\"target\":[\"https:\/\/chbartdesign.com\/producto\/poster-el-descanso-del-arma\/\"]}]},{\"@type\":\"ImageObject\",\"inLanguage\":\"en-GB\",\"@id\":\"https:\/\/chbartdesign.com\/producto\/poster-el-descanso-del-arma\/#primaryimage\",\"url\":\"https:\/\/chbartdesign.com\/wp-content\/uploads\/2023\/11\/DSC08534-scaled.jpg\",\"contentUrl\":\"https:\/\/chbartdesign.com\/wp-content\/uploads\/2023\/11\/DSC08534-scaled.jpg\",\"width\":2560,\"height\":1689,\"caption\":\"Poster con la vista a la Bah\u00eda de San Sebasti\u00e1n de CHB Art & Design, una obra que captura la belleza de este lugar ic\u00f3nico.\"},{\"@type\":\"BreadcrumbList\",\"@id\":\"https:\/\/chbartdesign.com\/producto\/poster-el-descanso-del-arma\/#breadcrumb\",\"itemListElement\":[{\"@type\":\"ListItem\",\"position\":1,\"name\":\"Portada\",\"item\":\"https:\/\/chbartdesign.com\/\"},{\"@type\":\"ListItem\",\"position\":2,\"name\":\"Tienda\",\"item\":\"https:\/\/chbartdesign.com\/tienda\/\"},{\"@type\":\"ListItem\",\"position\":3,\"name\":\"P\u00f3ster &#8220;El descanso del arma&#8221;\"}]},{\"@type\":\"WebSite\",\"@id\":\"https:\/\/chbartdesign.com\/#website\",\"url\":\"https:\/\/chbartdesign.com\/\",\"name\":\"Chillida Belzunce Art &amp; Design - CHB\",\"description\":\"Chillida Belzunce Art &amp; Design - CHB: Exclusividad y arte en cada dise\u00f1o.\",\"publisher\":{\"@id\":\"https:\/\/chbartdesign.com\/#organization\"},\"potentialAction\":[{\"@type\":\"SearchAction\",\"target\":{\"@type\":\"EntryPoint\",\"urlTemplate\":\"https:\/\/chbartdesign.com\/?s={search_term_string}\"},\"query-input\":{\"@type\":\"PropertyValueSpecification\",\"valueRequired\":true,\"valueName\":\"search_term_string\"}}],\"inLanguage\":\"en-GB\"},{\"@type\":\"Organization\",\"@id\":\"https:\/\/chbartdesign.com\/#organization\",\"name\":\"Chillida Belzunce Art &amp; Design - CHB\",\"url\":\"https:\/\/chbartdesign.com\/\",\"logo\":{\"@type\":\"ImageObject\",\"inLanguage\":\"en-GB\",\"@id\":\"https:\/\/chbartdesign.com\/#\/schema\/logo\/image\/\",\"url\":\"https:\/\/chbartdesign.com\/wp-content\/uploads\/2024\/06\/cropped-cropped-Logo-nuevo-CHB-para-web2024-e1760639568962.png\",\"contentUrl\":\"https:\/\/chbartdesign.com\/wp-content\/uploads\/2024\/06\/cropped-cropped-Logo-nuevo-CHB-para-web2024-e1760639568962.png\",\"width\":512,\"height\":359,\"caption\":\"Chillida Belzunce Art &amp; Design - CHB\"},\"image\":{\"@id\":\"https:\/\/chbartdesign.com\/#\/schema\/logo\/image\/\"}}]}<\/script>\n<!-- \/ Yoast SEO plugin. -->","yoast_head_json":{"title":"P\u00f3ster \"El descanso del arma\" - Chillida Belzunce Art &amp; Design - CHB","description":"P\u00f3ster 'El descanso del arma' de Eduardo Chillida Belzunce, CHB, con motivo de la edici\u00f3n especial de p\u00f3sters y calendarios 2006 de la UEE.","robots":{"index":"index","follow":"follow","max-snippet":"max-snippet:-1","max-image-preview":"max-image-preview:large","max-video-preview":"max-video-preview:-1"},"canonical":"https:\/\/chbartdesign.com\/en\/product\/poster-el-descanso-del-arma\/","og_locale":"en_GB","og_type":"article","og_title":"P\u00f3ster \"El descanso del arma\" - Chillida Belzunce Art &amp; Design - CHB","og_description":"P\u00f3ster 'El descanso del arma' de Eduardo Chillida Belzunce, CHB, con motivo de la edici\u00f3n especial de p\u00f3sters y calendarios 2006 de la UEE.","og_url":"https:\/\/chbartdesign.com\/en\/product\/poster-el-descanso-del-arma\/","og_site_name":"Chillida Belzunce Art &amp; Design - CHB","article_modified_time":"2024-06-05T14:54:47+00:00","og_image":[{"width":2560,"height":1689,"url":"https:\/\/chbartdesign.com\/wp-content\/uploads\/2023\/11\/DSC08534-scaled.jpg","type":"image\/jpeg"}],"twitter_card":"summary_large_image","twitter_misc":{"Estimated reading time":"1 minute"},"schema":{"@context":"https:\/\/schema.org","@graph":[{"@type":"WebPage","@id":"https:\/\/chbartdesign.com\/producto\/poster-el-descanso-del-arma\/","url":"https:\/\/chbartdesign.com\/producto\/poster-el-descanso-del-arma\/","name":"P\u00f3ster \"El descanso del arma\" - Chillida Belzunce Art &amp; Design - CHB","isPartOf":{"@id":"https:\/\/chbartdesign.com\/#website"},"primaryImageOfPage":{"@id":"https:\/\/chbartdesign.com\/producto\/poster-el-descanso-del-arma\/#primaryimage"},"image":{"@id":"https:\/\/chbartdesign.com\/producto\/poster-el-descanso-del-arma\/#primaryimage"},"thumbnailUrl":"https:\/\/chbartdesign.com\/wp-content\/uploads\/2023\/11\/DSC08534-scaled.jpg","datePublished":"2023-12-12T10:01:55+00:00","dateModified":"2024-06-05T14:54:47+00:00","description":"P\u00f3ster 'El descanso del arma' de Eduardo Chillida Belzunce, CHB, con motivo de la edici\u00f3n especial de p\u00f3sters y calendarios 2006 de la UEE.","breadcrumb":{"@id":"https:\/\/chbartdesign.com\/producto\/poster-el-descanso-del-arma\/#breadcrumb"},"inLanguage":"en-GB","potentialAction":[{"@type":"ReadAction","target":["https:\/\/chbartdesign.com\/producto\/poster-el-descanso-del-arma\/"]}]},{"@type":"ImageObject","inLanguage":"en-GB","@id":"https:\/\/chbartdesign.com\/producto\/poster-el-descanso-del-arma\/#primaryimage","url":"https:\/\/chbartdesign.com\/wp-content\/uploads\/2023\/11\/DSC08534-scaled.jpg","contentUrl":"https:\/\/chbartdesign.com\/wp-content\/uploads\/2023\/11\/DSC08534-scaled.jpg","width":2560,"height":1689,"caption":"Poster con la vista a la Bah\u00eda de San Sebasti\u00e1n de CHB Art & Design, una obra que captura la belleza de este lugar ic\u00f3nico."},{"@type":"BreadcrumbList","@id":"https:\/\/chbartdesign.com\/producto\/poster-el-descanso-del-arma\/#breadcrumb","itemListElement":[{"@type":"ListItem","position":1,"name":"Portada","item":"https:\/\/chbartdesign.com\/"},{"@type":"ListItem","position":2,"name":"Tienda","item":"https:\/\/chbartdesign.com\/tienda\/"},{"@type":"ListItem","position":3,"name":"P\u00f3ster &#8220;El descanso del arma&#8221;"}]},{"@type":"WebSite","@id":"https:\/\/chbartdesign.com\/#website","url":"https:\/\/chbartdesign.com\/","name":"Chillida Belzunce Art &amp; Design - CHB","description":"Chillida Belzunce Art &amp; Design - CHB: Exclusividad y arte en cada dise\u00f1o.","publisher":{"@id":"https:\/\/chbartdesign.com\/#organization"},"potentialAction":[{"@type":"SearchAction","target":{"@type":"EntryPoint","urlTemplate":"https:\/\/chbartdesign.com\/?s={search_term_string}"},"query-input":{"@type":"PropertyValueSpecification","valueRequired":true,"valueName":"search_term_string"}}],"inLanguage":"en-GB"},{"@type":"Organization","@id":"https:\/\/chbartdesign.com\/#organization","name":"Chillida Belzunce Art &amp; Design - CHB","url":"https:\/\/chbartdesign.com\/","logo":{"@type":"ImageObject","inLanguage":"en-GB","@id":"https:\/\/chbartdesign.com\/#\/schema\/logo\/image\/","url":"https:\/\/chbartdesign.com\/wp-content\/uploads\/2024\/06\/cropped-cropped-Logo-nuevo-CHB-para-web2024-e1760639568962.png","contentUrl":"https:\/\/chbartdesign.com\/wp-content\/uploads\/2024\/06\/cropped-cropped-Logo-nuevo-CHB-para-web2024-e1760639568962.png","width":512,"height":359,"caption":"Chillida Belzunce Art &amp; Design - CHB"},"image":{"@id":"https:\/\/chbartdesign.com\/#\/schema\/logo\/image\/"}}]}},"_links":{"self":[{"href":"https:\/\/chbartdesign.com\/en\/wp-json\/wp\/v2\/product\/6891","targetHints":{"allow":["GET"]}}],"collection":[{"href":"https:\/\/chbartdesign.com\/en\/wp-json\/wp\/v2\/product"}],"about":[{"href":"https:\/\/chbartdesign.com\/en\/wp-json\/wp\/v2\/types\/product"}],"wp:featuredmedia":[{"embeddable":true,"href":"https:\/\/chbartdesign.com\/en\/wp-json\/wp\/v2\/media\/6680"}],"wp:attachment":[{"href":"https:\/\/chbartdesign.com\/en\/wp-json\/wp\/v2\/media?parent=6891"}],"wp:term":[{"taxonomy":"product_brand","embeddable":true,"href":"https:\/\/chbartdesign.com\/en\/wp-json\/wp\/v2\/product_brand?post=6891"},{"taxonomy":"product_cat","embeddable":true,"href":"https:\/\/chbartdesign.com\/en\/wp-json\/wp\/v2\/product_cat?post=6891"},{"taxonomy":"product_tag","embeddable":true,"href":"https:\/\/chbartdesign.com\/en\/wp-json\/wp\/v2\/product_tag?post=6891"}],"curies":[{"name":"wp","href":"https:\/\/api.w.org\/{rel}","templated":true}]}}