{"id":6892,"date":"2023-12-12T11:05:25","date_gmt":"2023-12-12T10:05:25","guid":{"rendered":"https:\/\/chbartdesign.com\/?post_type=product&#038;p=6892"},"modified":"2024-06-05T16:53:40","modified_gmt":"2024-06-05T14:53:40","slug":"poster-mas-alla-del-horizonte-chb","status":"publish","type":"product","link":"https:\/\/chbartdesign.com\/en\/product\/poster-mas-alla-del-horizonte-chb\/","title":{"rendered":"P\u00f3ster &#8220;M\u00e1s all\u00e1 del horizonte&#8221;"},"content":{"rendered":"<p><strong>SPECIAL EDITION<\/strong>: Limited edition of 200 posters on the occasion of the Exhibition \u201cM\u00e1s all\u00e1 del horizonte\u201d at the Cervantes Institute in Damascus, 2011.<\/p>\n<p><strong>DIMENSIONS: <\/strong>48 x 68 cm<\/p>\n<p><strong>PACKAGING<\/strong>: Carefully packaged to preserve poster quality.<\/p>","protected":false},"excerpt":{"rendered":"<p>Limited edition poster 'M\u00e1s all\u00e1 del horizonte', exclusive of the 2011 exhibition at the Cervantes Institute in Damascus. Elegant dimensions of 48 x 68 cm.<\/p>","protected":false},"featured_media":6679,"template":"","meta":[],"product_brand":[],"product_cat":[274,148],"product_tag":[229,159,157,179,234,200,216,163,232,233,176,230,184,178,227],"class_list":{"0":"post-6892","1":"product","2":"type-product","3":"status-publish","4":"has-post-thumbnail","6":"product_cat-posters","7":"product_cat-accesorios","8":"product_tag-229","9":"product_tag-arte","10":"product_tag-chb-artdesign","11":"product_tag-coleccionista","12":"product_tag-damasco","13":"product_tag-decoracion","14":"product_tag-edicion-limitada","15":"product_tag-eduardo-chillida-belzunce","16":"product_tag-exclusivo","17":"product_tag-instituto-cervantes","18":"product_tag-lujo","19":"product_tag-madrid","20":"product_tag-mas-alla-del-horizonte","21":"product_tag-objetos-de-coleccion","22":"product_tag-poster","24":"first","25":"instock","26":"featured","27":"taxable","28":"shipping-taxable","29":"purchasable","30":"product-type-simple","31":"add-to-wishlist-after_add_to_cart"},"yoast_head":"<!-- This site is optimized with the Yoast SEO plugin v27.1 - https:\/\/yoast.com\/product\/yoast-seo-wordpress\/ -->\n<title>P\u00f3ster &quot;M\u00e1s all\u00e1 del horizonte&quot; - Chillida Belzunce Art &amp; Design - CHB<\/title>\n<meta name=\"description\" content=\"P\u00f3ster de edici\u00f3n limitada &#039;M\u00e1s all\u00e1 del horizonte&#039; de Eduardo Chillida Belzunce, CHB, celebrada en 2011 en el Instituto Cervantes de Damasco.\" \/>\n<meta name=\"robots\" content=\"index, follow, max-snippet:-1, max-image-preview:large, max-video-preview:-1\" \/>\n<link rel=\"canonical\" href=\"https:\/\/chbartdesign.com\/en\/product\/poster-mas-alla-del-horizonte-chb\/\" \/>\n<meta property=\"og:locale\" content=\"en_GB\" \/>\n<meta property=\"og:type\" content=\"article\" \/>\n<meta property=\"og:title\" content=\"P\u00f3ster &quot;M\u00e1s all\u00e1 del horizonte&quot; - Chillida Belzunce Art &amp; Design - CHB\" \/>\n<meta property=\"og:description\" content=\"P\u00f3ster de edici\u00f3n limitada &#039;M\u00e1s all\u00e1 del horizonte&#039; de Eduardo Chillida Belzunce, CHB, celebrada en 2011 en el Instituto Cervantes de Damasco.\" \/>\n<meta property=\"og:url\" content=\"https:\/\/chbartdesign.com\/en\/product\/poster-mas-alla-del-horizonte-chb\/\" \/>\n<meta property=\"og:site_name\" content=\"Chillida Belzunce Art &amp; Design - CHB\" \/>\n<meta property=\"article:modified_time\" content=\"2024-06-05T14:53:40+00:00\" \/>\n<meta property=\"og:image\" content=\"https:\/\/chbartdesign.com\/wp-content\/uploads\/2023\/11\/DSC08533-scaled.jpg\" \/>\n\t<meta property=\"og:image:width\" content=\"2560\" \/>\n\t<meta property=\"og:image:height\" content=\"1707\" \/>\n\t<meta property=\"og:image:type\" content=\"image\/jpeg\" \/>\n<meta name=\"twitter:card\" content=\"summary_large_image\" \/>\n<meta name=\"twitter:label1\" content=\"Estimated reading time\" \/>\n\t<meta name=\"twitter:data1\" content=\"1 minute\" \/>\n<script type=\"application\/ld+json\" class=\"yoast-schema-graph\">{\"@context\":\"https:\/\/schema.org\",\"@graph\":[{\"@type\":\"WebPage\",\"@id\":\"https:\/\/chbartdesign.com\/producto\/poster-mas-alla-del-horizonte-chb\/\",\"url\":\"https:\/\/chbartdesign.com\/producto\/poster-mas-alla-del-horizonte-chb\/\",\"name\":\"P\u00f3ster \\\"M\u00e1s all\u00e1 del horizonte\\\" - Chillida Belzunce Art &amp; Design - CHB\",\"isPartOf\":{\"@id\":\"https:\/\/chbartdesign.com\/#website\"},\"primaryImageOfPage\":{\"@id\":\"https:\/\/chbartdesign.com\/producto\/poster-mas-alla-del-horizonte-chb\/#primaryimage\"},\"image\":{\"@id\":\"https:\/\/chbartdesign.com\/producto\/poster-mas-alla-del-horizonte-chb\/#primaryimage\"},\"thumbnailUrl\":\"https:\/\/chbartdesign.com\/wp-content\/uploads\/2023\/11\/DSC08533-scaled.jpg\",\"datePublished\":\"2023-12-12T10:05:25+00:00\",\"dateModified\":\"2024-06-05T14:53:40+00:00\",\"description\":\"P\u00f3ster de edici\u00f3n limitada 'M\u00e1s all\u00e1 del horizonte' de Eduardo Chillida Belzunce, CHB, celebrada en 2011 en el Instituto Cervantes de Damasco.\",\"breadcrumb\":{\"@id\":\"https:\/\/chbartdesign.com\/producto\/poster-mas-alla-del-horizonte-chb\/#breadcrumb\"},\"inLanguage\":\"en-GB\",\"potentialAction\":[{\"@type\":\"ReadAction\",\"target\":[\"https:\/\/chbartdesign.com\/producto\/poster-mas-alla-del-horizonte-chb\/\"]}]},{\"@type\":\"ImageObject\",\"inLanguage\":\"en-GB\",\"@id\":\"https:\/\/chbartdesign.com\/producto\/poster-mas-alla-del-horizonte-chb\/#primaryimage\",\"url\":\"https:\/\/chbartdesign.com\/wp-content\/uploads\/2023\/11\/DSC08533-scaled.jpg\",\"contentUrl\":\"https:\/\/chbartdesign.com\/wp-content\/uploads\/2023\/11\/DSC08533-scaled.jpg\",\"width\":2560,\"height\":1707,\"caption\":\"Poster 'M\u00e1s all\u00e1 del horizonte' de CHB Art & Design, una obra que trasciende las fronteras de la imaginaci\u00f3n.\"},{\"@type\":\"BreadcrumbList\",\"@id\":\"https:\/\/chbartdesign.com\/producto\/poster-mas-alla-del-horizonte-chb\/#breadcrumb\",\"itemListElement\":[{\"@type\":\"ListItem\",\"position\":1,\"name\":\"Portada\",\"item\":\"https:\/\/chbartdesign.com\/\"},{\"@type\":\"ListItem\",\"position\":2,\"name\":\"Tienda\",\"item\":\"https:\/\/chbartdesign.com\/tienda\/\"},{\"@type\":\"ListItem\",\"position\":3,\"name\":\"P\u00f3ster &#8220;M\u00e1s all\u00e1 del horizonte&#8221;\"}]},{\"@type\":\"WebSite\",\"@id\":\"https:\/\/chbartdesign.com\/#website\",\"url\":\"https:\/\/chbartdesign.com\/\",\"name\":\"Chillida Belzunce Art &amp; Design - CHB\",\"description\":\"Chillida Belzunce Art &amp; Design - CHB: Exclusividad y arte en cada dise\u00f1o.\",\"publisher\":{\"@id\":\"https:\/\/chbartdesign.com\/#organization\"},\"potentialAction\":[{\"@type\":\"SearchAction\",\"target\":{\"@type\":\"EntryPoint\",\"urlTemplate\":\"https:\/\/chbartdesign.com\/?s={search_term_string}\"},\"query-input\":{\"@type\":\"PropertyValueSpecification\",\"valueRequired\":true,\"valueName\":\"search_term_string\"}}],\"inLanguage\":\"en-GB\"},{\"@type\":\"Organization\",\"@id\":\"https:\/\/chbartdesign.com\/#organization\",\"name\":\"Chillida Belzunce Art &amp; Design - CHB\",\"url\":\"https:\/\/chbartdesign.com\/\",\"logo\":{\"@type\":\"ImageObject\",\"inLanguage\":\"en-GB\",\"@id\":\"https:\/\/chbartdesign.com\/#\/schema\/logo\/image\/\",\"url\":\"https:\/\/chbartdesign.com\/wp-content\/uploads\/2024\/06\/cropped-cropped-Logo-nuevo-CHB-para-web2024-e1760639568962.png\",\"contentUrl\":\"https:\/\/chbartdesign.com\/wp-content\/uploads\/2024\/06\/cropped-cropped-Logo-nuevo-CHB-para-web2024-e1760639568962.png\",\"width\":512,\"height\":359,\"caption\":\"Chillida Belzunce Art &amp; Design - CHB\"},\"image\":{\"@id\":\"https:\/\/chbartdesign.com\/#\/schema\/logo\/image\/\"}}]}<\/script>\n<!-- \/ Yoast SEO plugin. -->","yoast_head_json":{"title":"P\u00f3ster \"M\u00e1s all\u00e1 del horizonte\" - Chillida Belzunce Art &amp; Design - CHB","description":"P\u00f3ster de edici\u00f3n limitada 'M\u00e1s all\u00e1 del horizonte' de Eduardo Chillida Belzunce, CHB, celebrada en 2011 en el Instituto Cervantes de Damasco.","robots":{"index":"index","follow":"follow","max-snippet":"max-snippet:-1","max-image-preview":"max-image-preview:large","max-video-preview":"max-video-preview:-1"},"canonical":"https:\/\/chbartdesign.com\/en\/product\/poster-mas-alla-del-horizonte-chb\/","og_locale":"en_GB","og_type":"article","og_title":"P\u00f3ster \"M\u00e1s all\u00e1 del horizonte\" - Chillida Belzunce Art &amp; Design - CHB","og_description":"P\u00f3ster de edici\u00f3n limitada 'M\u00e1s all\u00e1 del horizonte' de Eduardo Chillida Belzunce, CHB, celebrada en 2011 en el Instituto Cervantes de Damasco.","og_url":"https:\/\/chbartdesign.com\/en\/product\/poster-mas-alla-del-horizonte-chb\/","og_site_name":"Chillida Belzunce Art &amp; Design - CHB","article_modified_time":"2024-06-05T14:53:40+00:00","og_image":[{"width":2560,"height":1707,"url":"https:\/\/chbartdesign.com\/wp-content\/uploads\/2023\/11\/DSC08533-scaled.jpg","type":"image\/jpeg"}],"twitter_card":"summary_large_image","twitter_misc":{"Estimated reading time":"1 minute"},"schema":{"@context":"https:\/\/schema.org","@graph":[{"@type":"WebPage","@id":"https:\/\/chbartdesign.com\/producto\/poster-mas-alla-del-horizonte-chb\/","url":"https:\/\/chbartdesign.com\/producto\/poster-mas-alla-del-horizonte-chb\/","name":"P\u00f3ster \"M\u00e1s all\u00e1 del horizonte\" - Chillida Belzunce Art &amp; Design - CHB","isPartOf":{"@id":"https:\/\/chbartdesign.com\/#website"},"primaryImageOfPage":{"@id":"https:\/\/chbartdesign.com\/producto\/poster-mas-alla-del-horizonte-chb\/#primaryimage"},"image":{"@id":"https:\/\/chbartdesign.com\/producto\/poster-mas-alla-del-horizonte-chb\/#primaryimage"},"thumbnailUrl":"https:\/\/chbartdesign.com\/wp-content\/uploads\/2023\/11\/DSC08533-scaled.jpg","datePublished":"2023-12-12T10:05:25+00:00","dateModified":"2024-06-05T14:53:40+00:00","description":"P\u00f3ster de edici\u00f3n limitada 'M\u00e1s all\u00e1 del horizonte' de Eduardo Chillida Belzunce, CHB, celebrada en 2011 en el Instituto Cervantes de Damasco.","breadcrumb":{"@id":"https:\/\/chbartdesign.com\/producto\/poster-mas-alla-del-horizonte-chb\/#breadcrumb"},"inLanguage":"en-GB","potentialAction":[{"@type":"ReadAction","target":["https:\/\/chbartdesign.com\/producto\/poster-mas-alla-del-horizonte-chb\/"]}]},{"@type":"ImageObject","inLanguage":"en-GB","@id":"https:\/\/chbartdesign.com\/producto\/poster-mas-alla-del-horizonte-chb\/#primaryimage","url":"https:\/\/chbartdesign.com\/wp-content\/uploads\/2023\/11\/DSC08533-scaled.jpg","contentUrl":"https:\/\/chbartdesign.com\/wp-content\/uploads\/2023\/11\/DSC08533-scaled.jpg","width":2560,"height":1707,"caption":"Poster 'M\u00e1s all\u00e1 del horizonte' de CHB Art & Design, una obra que trasciende las fronteras de la imaginaci\u00f3n."},{"@type":"BreadcrumbList","@id":"https:\/\/chbartdesign.com\/producto\/poster-mas-alla-del-horizonte-chb\/#breadcrumb","itemListElement":[{"@type":"ListItem","position":1,"name":"Portada","item":"https:\/\/chbartdesign.com\/"},{"@type":"ListItem","position":2,"name":"Tienda","item":"https:\/\/chbartdesign.com\/tienda\/"},{"@type":"ListItem","position":3,"name":"P\u00f3ster &#8220;M\u00e1s all\u00e1 del horizonte&#8221;"}]},{"@type":"WebSite","@id":"https:\/\/chbartdesign.com\/#website","url":"https:\/\/chbartdesign.com\/","name":"Chillida Belzunce Art &amp; Design - CHB","description":"Chillida Belzunce Art &amp; Design - CHB: Exclusividad y arte en cada dise\u00f1o.","publisher":{"@id":"https:\/\/chbartdesign.com\/#organization"},"potentialAction":[{"@type":"SearchAction","target":{"@type":"EntryPoint","urlTemplate":"https:\/\/chbartdesign.com\/?s={search_term_string}"},"query-input":{"@type":"PropertyValueSpecification","valueRequired":true,"valueName":"search_term_string"}}],"inLanguage":"en-GB"},{"@type":"Organization","@id":"https:\/\/chbartdesign.com\/#organization","name":"Chillida Belzunce Art &amp; Design - CHB","url":"https:\/\/chbartdesign.com\/","logo":{"@type":"ImageObject","inLanguage":"en-GB","@id":"https:\/\/chbartdesign.com\/#\/schema\/logo\/image\/","url":"https:\/\/chbartdesign.com\/wp-content\/uploads\/2024\/06\/cropped-cropped-Logo-nuevo-CHB-para-web2024-e1760639568962.png","contentUrl":"https:\/\/chbartdesign.com\/wp-content\/uploads\/2024\/06\/cropped-cropped-Logo-nuevo-CHB-para-web2024-e1760639568962.png","width":512,"height":359,"caption":"Chillida Belzunce Art &amp; Design - CHB"},"image":{"@id":"https:\/\/chbartdesign.com\/#\/schema\/logo\/image\/"}}]}},"_links":{"self":[{"href":"https:\/\/chbartdesign.com\/en\/wp-json\/wp\/v2\/product\/6892","targetHints":{"allow":["GET"]}}],"collection":[{"href":"https:\/\/chbartdesign.com\/en\/wp-json\/wp\/v2\/product"}],"about":[{"href":"https:\/\/chbartdesign.com\/en\/wp-json\/wp\/v2\/types\/product"}],"wp:featuredmedia":[{"embeddable":true,"href":"https:\/\/chbartdesign.com\/en\/wp-json\/wp\/v2\/media\/6679"}],"wp:attachment":[{"href":"https:\/\/chbartdesign.com\/en\/wp-json\/wp\/v2\/media?parent=6892"}],"wp:term":[{"taxonomy":"product_brand","embeddable":true,"href":"https:\/\/chbartdesign.com\/en\/wp-json\/wp\/v2\/product_brand?post=6892"},{"taxonomy":"product_cat","embeddable":true,"href":"https:\/\/chbartdesign.com\/en\/wp-json\/wp\/v2\/product_cat?post=6892"},{"taxonomy":"product_tag","embeddable":true,"href":"https:\/\/chbartdesign.com\/en\/wp-json\/wp\/v2\/product_tag?post=6892"}],"curies":[{"name":"wp","href":"https:\/\/api.w.org\/{rel}","templated":true}]}}