{"id":6897,"date":"2023-12-13T09:59:53","date_gmt":"2023-12-13T08:59:53","guid":{"rendered":"https:\/\/chbartdesign.com\/?post_type=product&#038;p=6897"},"modified":"2026-03-03T12:30:48","modified_gmt":"2026-03-03T11:30:48","slug":"skate-sunset-in-the-city","status":"publish","type":"product","link":"https:\/\/chbartdesign.com\/en\/product\/skate-sunset-in-the-city\/","title":{"rendered":"Skate &#8220;Sunset in the city&#8221;"},"content":{"rendered":"<p><strong>MATERIAL<\/strong>: <span style=\"font-weight: 400;\">Canadian maple<\/span>.<\/p>\n<p><strong>DESIGN<\/strong>: O<span style=\"font-weight: 400;\">leo sobre papel hecho a mano realizado para la edici\u00f3n limitada de 10 skates en colaboraci\u00f3n con Trist\u00e1n Grijalbo de C4RAMELO.<\/span><\/p>\n<p><strong>DIMENSIONS<\/strong>: 82 x 21 cm<\/p>\n<p><strong>AVAILABILITY<\/strong>: Exclusive design, ideal for collectors of artistic skateboards.<\/p>\n<p><strong>PACKAGING<\/strong>: Safely and attractively packaged, highlighting the art of skateboarding.<\/p>","protected":false},"excerpt":{"rendered":"<p><span style=\"font-weight: 400;\">Limited edition of 10 units in collaboration with the skate brand C4RAMELO. Numbered and with certificate of authenticity. A real collector's delight.<\/span><\/p>\n<p><br style=\"font-weight: 400;\" \/><br style=\"font-weight: 400;\" \/><\/p>","protected":false},"featured_media":6709,"template":"","meta":[],"product_brand":[],"product_cat":[276,147],"product_tag":[159,219,157,179,245,200,241,163,232,176,240,178,173,235],"class_list":{"0":"post-6897","1":"product","2":"type-product","3":"status-publish","4":"has-post-thumbnail","6":"product_cat-tablas-skate-de-coleccion","7":"product_cat-decoracion-y-hogar","8":"product_tag-arte","9":"product_tag-bahia-de-la-concha","10":"product_tag-chb-artdesign","11":"product_tag-coleccionista","12":"product_tag-cuadro","13":"product_tag-decoracion","14":"product_tag-decorativo","15":"product_tag-eduardo-chillida-belzunce","16":"product_tag-exclusivo","17":"product_tag-lujo","18":"product_tag-madera","19":"product_tag-objetos-de-coleccion","20":"product_tag-san-sebastian","21":"product_tag-skate","23":"first","24":"instock","25":"featured","26":"taxable","27":"shipping-taxable","28":"purchasable","29":"product-type-simple","30":"add-to-wishlist-after_add_to_cart"},"yoast_head":"<!-- This site is optimized with the Yoast SEO plugin v27.1 - https:\/\/yoast.com\/product\/yoast-seo-wordpress\/ -->\n<title>Skate &quot;Sunset in the city&quot; - Chillida Belzunce Art &amp; Design - CHB<\/title>\n<meta name=\"description\" content=\"Skate &quot;Sunset in the city&quot; es una colaboraci\u00f3n \u00fanica entre Eduardo Chillida Belzunce y C4RAMELO. Una obra maestra numerada con certificado de autenticidad.\" \/>\n<meta name=\"robots\" content=\"index, follow, max-snippet:-1, max-image-preview:large, max-video-preview:-1\" \/>\n<link rel=\"canonical\" href=\"https:\/\/chbartdesign.com\/en\/product\/skate-sunset-in-the-city\/\" \/>\n<meta property=\"og:locale\" content=\"en_GB\" \/>\n<meta property=\"og:type\" content=\"article\" \/>\n<meta property=\"og:title\" content=\"Skate &quot;Sunset in the city&quot; - Chillida Belzunce Art &amp; Design - CHB\" \/>\n<meta property=\"og:description\" content=\"Skate &quot;Sunset in the city&quot; es una colaboraci\u00f3n \u00fanica entre Eduardo Chillida Belzunce y C4RAMELO. Una obra maestra numerada con certificado de autenticidad.\" \/>\n<meta property=\"og:url\" content=\"https:\/\/chbartdesign.com\/en\/product\/skate-sunset-in-the-city\/\" \/>\n<meta property=\"og:site_name\" content=\"Chillida Belzunce Art &amp; Design - CHB\" \/>\n<meta property=\"article:modified_time\" content=\"2026-03-03T11:30:48+00:00\" \/>\n<meta property=\"og:image\" content=\"https:\/\/chbartdesign.com\/wp-content\/uploads\/2023\/11\/DSC08683-copia-scaled.jpg\" \/>\n\t<meta property=\"og:image:width\" content=\"2560\" \/>\n\t<meta property=\"og:image:height\" content=\"1707\" \/>\n\t<meta property=\"og:image:type\" content=\"image\/jpeg\" \/>\n<meta name=\"twitter:card\" content=\"summary_large_image\" \/>\n<meta name=\"twitter:label1\" content=\"Estimated reading time\" \/>\n\t<meta name=\"twitter:data1\" content=\"1 minute\" \/>\n<script type=\"application\/ld+json\" class=\"yoast-schema-graph\">{\"@context\":\"https:\/\/schema.org\",\"@graph\":[{\"@type\":\"WebPage\",\"@id\":\"https:\/\/chbartdesign.com\/producto\/skate-sunset-in-the-city\/\",\"url\":\"https:\/\/chbartdesign.com\/producto\/skate-sunset-in-the-city\/\",\"name\":\"Skate \\\"Sunset in the city\\\" - Chillida Belzunce Art &amp; Design - CHB\",\"isPartOf\":{\"@id\":\"https:\/\/chbartdesign.com\/#website\"},\"primaryImageOfPage\":{\"@id\":\"https:\/\/chbartdesign.com\/producto\/skate-sunset-in-the-city\/#primaryimage\"},\"image\":{\"@id\":\"https:\/\/chbartdesign.com\/producto\/skate-sunset-in-the-city\/#primaryimage\"},\"thumbnailUrl\":\"https:\/\/chbartdesign.com\/wp-content\/uploads\/2023\/11\/DSC08683-copia-scaled.jpg\",\"datePublished\":\"2023-12-13T08:59:53+00:00\",\"dateModified\":\"2026-03-03T11:30:48+00:00\",\"description\":\"Skate \\\"Sunset in the city\\\" es una colaboraci\u00f3n \u00fanica entre Eduardo Chillida Belzunce y C4RAMELO. Una obra maestra numerada con certificado de autenticidad.\",\"breadcrumb\":{\"@id\":\"https:\/\/chbartdesign.com\/producto\/skate-sunset-in-the-city\/#breadcrumb\"},\"inLanguage\":\"en-GB\",\"potentialAction\":[{\"@type\":\"ReadAction\",\"target\":[\"https:\/\/chbartdesign.com\/producto\/skate-sunset-in-the-city\/\"]}]},{\"@type\":\"ImageObject\",\"inLanguage\":\"en-GB\",\"@id\":\"https:\/\/chbartdesign.com\/producto\/skate-sunset-in-the-city\/#primaryimage\",\"url\":\"https:\/\/chbartdesign.com\/wp-content\/uploads\/2023\/11\/DSC08683-copia-scaled.jpg\",\"contentUrl\":\"https:\/\/chbartdesign.com\/wp-content\/uploads\/2023\/11\/DSC08683-copia-scaled.jpg\",\"width\":2560,\"height\":1707,\"caption\":\"Fotograf\u00eda de un skate con la bah\u00eda de San Sebasti\u00e1n de fondo, destacando la combinaci\u00f3n del deporte urbano con el paisaje costero.\"},{\"@type\":\"BreadcrumbList\",\"@id\":\"https:\/\/chbartdesign.com\/producto\/skate-sunset-in-the-city\/#breadcrumb\",\"itemListElement\":[{\"@type\":\"ListItem\",\"position\":1,\"name\":\"Portada\",\"item\":\"https:\/\/chbartdesign.com\/\"},{\"@type\":\"ListItem\",\"position\":2,\"name\":\"Tienda\",\"item\":\"https:\/\/chbartdesign.com\/tienda\/\"},{\"@type\":\"ListItem\",\"position\":3,\"name\":\"Skate &#8220;Sunset in the city&#8221;\"}]},{\"@type\":\"WebSite\",\"@id\":\"https:\/\/chbartdesign.com\/#website\",\"url\":\"https:\/\/chbartdesign.com\/\",\"name\":\"Chillida Belzunce Art &amp; Design - CHB\",\"description\":\"Chillida Belzunce Art &amp; Design - CHB: Exclusividad y arte en cada dise\u00f1o.\",\"publisher\":{\"@id\":\"https:\/\/chbartdesign.com\/#organization\"},\"potentialAction\":[{\"@type\":\"SearchAction\",\"target\":{\"@type\":\"EntryPoint\",\"urlTemplate\":\"https:\/\/chbartdesign.com\/?s={search_term_string}\"},\"query-input\":{\"@type\":\"PropertyValueSpecification\",\"valueRequired\":true,\"valueName\":\"search_term_string\"}}],\"inLanguage\":\"en-GB\"},{\"@type\":\"Organization\",\"@id\":\"https:\/\/chbartdesign.com\/#organization\",\"name\":\"Chillida Belzunce Art &amp; Design - CHB\",\"url\":\"https:\/\/chbartdesign.com\/\",\"logo\":{\"@type\":\"ImageObject\",\"inLanguage\":\"en-GB\",\"@id\":\"https:\/\/chbartdesign.com\/#\/schema\/logo\/image\/\",\"url\":\"https:\/\/chbartdesign.com\/wp-content\/uploads\/2024\/06\/cropped-cropped-Logo-nuevo-CHB-para-web2024-e1760639568962.png\",\"contentUrl\":\"https:\/\/chbartdesign.com\/wp-content\/uploads\/2024\/06\/cropped-cropped-Logo-nuevo-CHB-para-web2024-e1760639568962.png\",\"width\":512,\"height\":359,\"caption\":\"Chillida Belzunce Art &amp; Design - CHB\"},\"image\":{\"@id\":\"https:\/\/chbartdesign.com\/#\/schema\/logo\/image\/\"}}]}<\/script>\n<!-- \/ Yoast SEO plugin. -->","yoast_head_json":{"title":"Skate \"Sunset in the city\" - Chillida Belzunce Art &amp; Design - CHB","description":"Skate \"Sunset in the city\" es una colaboraci\u00f3n \u00fanica entre Eduardo Chillida Belzunce y C4RAMELO. Una obra maestra numerada con certificado de autenticidad.","robots":{"index":"index","follow":"follow","max-snippet":"max-snippet:-1","max-image-preview":"max-image-preview:large","max-video-preview":"max-video-preview:-1"},"canonical":"https:\/\/chbartdesign.com\/en\/product\/skate-sunset-in-the-city\/","og_locale":"en_GB","og_type":"article","og_title":"Skate \"Sunset in the city\" - Chillida Belzunce Art &amp; Design - CHB","og_description":"Skate \"Sunset in the city\" es una colaboraci\u00f3n \u00fanica entre Eduardo Chillida Belzunce y C4RAMELO. Una obra maestra numerada con certificado de autenticidad.","og_url":"https:\/\/chbartdesign.com\/en\/product\/skate-sunset-in-the-city\/","og_site_name":"Chillida Belzunce Art &amp; Design - CHB","article_modified_time":"2026-03-03T11:30:48+00:00","og_image":[{"width":2560,"height":1707,"url":"https:\/\/chbartdesign.com\/wp-content\/uploads\/2023\/11\/DSC08683-copia-scaled.jpg","type":"image\/jpeg"}],"twitter_card":"summary_large_image","twitter_misc":{"Estimated reading time":"1 minute"},"schema":{"@context":"https:\/\/schema.org","@graph":[{"@type":"WebPage","@id":"https:\/\/chbartdesign.com\/producto\/skate-sunset-in-the-city\/","url":"https:\/\/chbartdesign.com\/producto\/skate-sunset-in-the-city\/","name":"Skate \"Sunset in the city\" - Chillida Belzunce Art &amp; Design - CHB","isPartOf":{"@id":"https:\/\/chbartdesign.com\/#website"},"primaryImageOfPage":{"@id":"https:\/\/chbartdesign.com\/producto\/skate-sunset-in-the-city\/#primaryimage"},"image":{"@id":"https:\/\/chbartdesign.com\/producto\/skate-sunset-in-the-city\/#primaryimage"},"thumbnailUrl":"https:\/\/chbartdesign.com\/wp-content\/uploads\/2023\/11\/DSC08683-copia-scaled.jpg","datePublished":"2023-12-13T08:59:53+00:00","dateModified":"2026-03-03T11:30:48+00:00","description":"Skate \"Sunset in the city\" es una colaboraci\u00f3n \u00fanica entre Eduardo Chillida Belzunce y C4RAMELO. Una obra maestra numerada con certificado de autenticidad.","breadcrumb":{"@id":"https:\/\/chbartdesign.com\/producto\/skate-sunset-in-the-city\/#breadcrumb"},"inLanguage":"en-GB","potentialAction":[{"@type":"ReadAction","target":["https:\/\/chbartdesign.com\/producto\/skate-sunset-in-the-city\/"]}]},{"@type":"ImageObject","inLanguage":"en-GB","@id":"https:\/\/chbartdesign.com\/producto\/skate-sunset-in-the-city\/#primaryimage","url":"https:\/\/chbartdesign.com\/wp-content\/uploads\/2023\/11\/DSC08683-copia-scaled.jpg","contentUrl":"https:\/\/chbartdesign.com\/wp-content\/uploads\/2023\/11\/DSC08683-copia-scaled.jpg","width":2560,"height":1707,"caption":"Fotograf\u00eda de un skate con la bah\u00eda de San Sebasti\u00e1n de fondo, destacando la combinaci\u00f3n del deporte urbano con el paisaje costero."},{"@type":"BreadcrumbList","@id":"https:\/\/chbartdesign.com\/producto\/skate-sunset-in-the-city\/#breadcrumb","itemListElement":[{"@type":"ListItem","position":1,"name":"Portada","item":"https:\/\/chbartdesign.com\/"},{"@type":"ListItem","position":2,"name":"Tienda","item":"https:\/\/chbartdesign.com\/tienda\/"},{"@type":"ListItem","position":3,"name":"Skate &#8220;Sunset in the city&#8221;"}]},{"@type":"WebSite","@id":"https:\/\/chbartdesign.com\/#website","url":"https:\/\/chbartdesign.com\/","name":"Chillida Belzunce Art &amp; Design - CHB","description":"Chillida Belzunce Art &amp; Design - CHB: Exclusividad y arte en cada dise\u00f1o.","publisher":{"@id":"https:\/\/chbartdesign.com\/#organization"},"potentialAction":[{"@type":"SearchAction","target":{"@type":"EntryPoint","urlTemplate":"https:\/\/chbartdesign.com\/?s={search_term_string}"},"query-input":{"@type":"PropertyValueSpecification","valueRequired":true,"valueName":"search_term_string"}}],"inLanguage":"en-GB"},{"@type":"Organization","@id":"https:\/\/chbartdesign.com\/#organization","name":"Chillida Belzunce Art &amp; Design - CHB","url":"https:\/\/chbartdesign.com\/","logo":{"@type":"ImageObject","inLanguage":"en-GB","@id":"https:\/\/chbartdesign.com\/#\/schema\/logo\/image\/","url":"https:\/\/chbartdesign.com\/wp-content\/uploads\/2024\/06\/cropped-cropped-Logo-nuevo-CHB-para-web2024-e1760639568962.png","contentUrl":"https:\/\/chbartdesign.com\/wp-content\/uploads\/2024\/06\/cropped-cropped-Logo-nuevo-CHB-para-web2024-e1760639568962.png","width":512,"height":359,"caption":"Chillida Belzunce Art &amp; Design - CHB"},"image":{"@id":"https:\/\/chbartdesign.com\/#\/schema\/logo\/image\/"}}]}},"_links":{"self":[{"href":"https:\/\/chbartdesign.com\/en\/wp-json\/wp\/v2\/product\/6897","targetHints":{"allow":["GET"]}}],"collection":[{"href":"https:\/\/chbartdesign.com\/en\/wp-json\/wp\/v2\/product"}],"about":[{"href":"https:\/\/chbartdesign.com\/en\/wp-json\/wp\/v2\/types\/product"}],"wp:featuredmedia":[{"embeddable":true,"href":"https:\/\/chbartdesign.com\/en\/wp-json\/wp\/v2\/media\/6709"}],"wp:attachment":[{"href":"https:\/\/chbartdesign.com\/en\/wp-json\/wp\/v2\/media?parent=6897"}],"wp:term":[{"taxonomy":"product_brand","embeddable":true,"href":"https:\/\/chbartdesign.com\/en\/wp-json\/wp\/v2\/product_brand?post=6897"},{"taxonomy":"product_cat","embeddable":true,"href":"https:\/\/chbartdesign.com\/en\/wp-json\/wp\/v2\/product_cat?post=6897"},{"taxonomy":"product_tag","embeddable":true,"href":"https:\/\/chbartdesign.com\/en\/wp-json\/wp\/v2\/product_tag?post=6897"}],"curies":[{"name":"wp","href":"https:\/\/api.w.org\/{rel}","templated":true}]}}