{"id":6904,"date":"2023-12-13T10:27:11","date_gmt":"2023-12-13T09:27:11","guid":{"rendered":"https:\/\/chbartdesign.com\/?post_type=product&#038;p=6904"},"modified":"2025-08-14T09:36:00","modified_gmt":"2025-08-14T07:36:00","slug":"vestido-kitty-shcherbatsky-chb","status":"publish","type":"product","link":"https:\/\/chbartdesign.com\/en\/product\/vestido-kitty-shcherbatsky-chb\/","title":{"rendered":"Vestido &#8220;Kitty Shcherbatsky&#8221;"},"content":{"rendered":"<p><strong>DESIGN<\/strong>: Exclusive print of the Eiffel Tower as seen from the Trocadero.<\/p>\n<p><strong>STYLE<\/strong>: Straps, ankle-length, with an elegant and flowing cut.<\/p>\n<p><strong>SIZE<\/strong>: Single size.<\/p>\n<ul>\n<li>Pecho: 96 cm<\/li>\n<li>Cintura: 110 cm<\/li>\n<li>Cadera: 114 cm<\/li>\n<li>Cintur\u00f3n: 125 cm<\/li>\n<li>Largo: 125 cm (delantero) \/ 128 cm (trasero)<\/li>\n<\/ul>\n<p><strong>MATERIAL<\/strong>: 100% natural silk, soft and high quality.<\/p>\n<p><strong>AVAILABILITY<\/strong>: Exclusive design, perfect for those who are looking for a unique and elegant garment.<\/p>\n<p><strong>PACKAGING<\/strong>: Hemos creado un packaging exclusivo que refleja el valor y la esencia de nuestro producto. Cada unidad va presentada en una bolsa de algod\u00f3n 100% natural, ilustrada con una obra original de Chillida Belzunce, y se entrega en una caja de cart\u00f3n forrada a mano, cuidando cada detalle para ofrecer una experiencia \u00fanica desde el primer momento. Adem\u00e1s, cada vestido lleva su certificado de autenticidad con su numeraci\u00f3n.<\/p>\n<p><br style=\"font-weight: 400;\" \/><br style=\"font-weight: 400;\" \/>.<\/p>","protected":false},"excerpt":{"rendered":"<p><span style=\"font-weight: 400;\">Torre Eiffel desde Trocadero es una obra de arte en s\u00ed mismo. Confeccionado en 100% seda natural y un estampado exclusivo. Este elegante vestido de tirantes es la elecci\u00f3n perfecta para un estilo lujoso y distintivo. Un homenaje a la fabulosa Kitty, personaje de Tolst\u00f3i en Anna Kar\u00e9nina; es la representaci\u00f3n de todo lo que la mujer debe ser.<\/span><\/p>\n<p><strong>Edici\u00f3n limitada de 10 vestidos, numerados y con su certificado de autenticidad.<\/strong><\/p>\n<p><br style=\"font-weight: 400;\" \/><br style=\"font-weight: 400;\" \/><\/p>","protected":false},"featured_media":8509,"template":"","meta":[],"product_brand":[],"product_cat":[308,149],"product_tag":[250,159,157,179,245,163,232,252,224,176,251,161,169,178,168,225,195,244,253],"class_list":{"0":"post-6904","1":"product","2":"type-product","3":"status-publish","4":"has-post-thumbnail","6":"product_cat-vestidos","7":"product_cat-moda-y-complementos","8":"product_tag-250","9":"product_tag-arte","10":"product_tag-chb-artdesign","11":"product_tag-coleccionista","12":"product_tag-cuadro","13":"product_tag-eduardo-chillida-belzunce","14":"product_tag-exclusivo","15":"product_tag-fluido","16":"product_tag-homenaje-a-paris-ii","17":"product_tag-lujo","18":"product_tag-manga-larga","19":"product_tag-moda","20":"product_tag-natural","21":"product_tag-objetos-de-coleccion","22":"product_tag-seda","23":"product_tag-seda-natural","24":"product_tag-torre-eiffel","25":"product_tag-trocadero","26":"product_tag-vestido","28":"first","29":"instock","30":"featured","31":"taxable","32":"shipping-taxable","33":"purchasable","34":"product-type-simple","35":"add-to-wishlist-after_add_to_cart"},"yoast_head":"<!-- This site is optimized with the Yoast SEO plugin v27.1 - https:\/\/yoast.com\/product\/yoast-seo-wordpress\/ -->\n<title>Vestido &quot;Kitty Shcherbatsky&quot; - Chillida Belzunce Art &amp; Design - CHB<\/title>\n<meta name=\"description\" content=\"Vestido &#039;Kitty Shcherbatsky&#039; de 100% seda natural con estampado exclusivo de CHB. Elegante y distintivo, un homenaje a la fabulosa Kitty de Anna Kar\u00e9nina.\" \/>\n<meta name=\"robots\" content=\"index, follow, max-snippet:-1, max-image-preview:large, max-video-preview:-1\" \/>\n<link rel=\"canonical\" href=\"https:\/\/chbartdesign.com\/en\/product\/vestido-kitty-shcherbatsky-chb\/\" \/>\n<meta property=\"og:locale\" content=\"en_GB\" \/>\n<meta property=\"og:type\" content=\"article\" \/>\n<meta property=\"og:title\" content=\"Vestido &quot;Kitty Shcherbatsky&quot; - Chillida Belzunce Art &amp; Design - CHB\" \/>\n<meta property=\"og:description\" content=\"Vestido &#039;Kitty Shcherbatsky&#039; de 100% seda natural con estampado exclusivo de CHB. Elegante y distintivo, un homenaje a la fabulosa Kitty de Anna Kar\u00e9nina.\" \/>\n<meta property=\"og:url\" content=\"https:\/\/chbartdesign.com\/en\/product\/vestido-kitty-shcherbatsky-chb\/\" \/>\n<meta property=\"og:site_name\" content=\"Chillida Belzunce Art &amp; Design - CHB\" \/>\n<meta property=\"article:modified_time\" content=\"2025-08-14T07:36:00+00:00\" \/>\n<meta property=\"og:image\" content=\"https:\/\/chbartdesign.com\/wp-content\/uploads\/2023\/12\/DSC07917copia2-Photoroom-e1707911183948.jpg\" \/>\n\t<meta property=\"og:image:width\" content=\"2560\" \/>\n\t<meta property=\"og:image:height\" content=\"1753\" \/>\n\t<meta property=\"og:image:type\" content=\"image\/jpeg\" \/>\n<meta name=\"twitter:card\" content=\"summary_large_image\" \/>\n<meta name=\"twitter:label1\" content=\"Estimated reading time\" \/>\n\t<meta name=\"twitter:data1\" content=\"1 minute\" \/>\n<script type=\"application\/ld+json\" class=\"yoast-schema-graph\">{\"@context\":\"https:\/\/schema.org\",\"@graph\":[{\"@type\":\"WebPage\",\"@id\":\"https:\/\/chbartdesign.com\/producto\/vestido-kitty-shcherbatsky-chb\/\",\"url\":\"https:\/\/chbartdesign.com\/producto\/vestido-kitty-shcherbatsky-chb\/\",\"name\":\"Vestido \\\"Kitty Shcherbatsky\\\" - Chillida Belzunce Art &amp; Design - CHB\",\"isPartOf\":{\"@id\":\"https:\/\/chbartdesign.com\/#website\"},\"primaryImageOfPage\":{\"@id\":\"https:\/\/chbartdesign.com\/producto\/vestido-kitty-shcherbatsky-chb\/#primaryimage\"},\"image\":{\"@id\":\"https:\/\/chbartdesign.com\/producto\/vestido-kitty-shcherbatsky-chb\/#primaryimage\"},\"thumbnailUrl\":\"https:\/\/chbartdesign.com\/wp-content\/uploads\/2023\/12\/DSC07917copia2-Photoroom-e1707911183948.jpg\",\"datePublished\":\"2023-12-13T09:27:11+00:00\",\"dateModified\":\"2025-08-14T07:36:00+00:00\",\"description\":\"Vestido 'Kitty Shcherbatsky' de 100% seda natural con estampado exclusivo de CHB. Elegante y distintivo, un homenaje a la fabulosa Kitty de Anna Kar\u00e9nina.\",\"breadcrumb\":{\"@id\":\"https:\/\/chbartdesign.com\/producto\/vestido-kitty-shcherbatsky-chb\/#breadcrumb\"},\"inLanguage\":\"en-GB\",\"potentialAction\":[{\"@type\":\"ReadAction\",\"target\":[\"https:\/\/chbartdesign.com\/producto\/vestido-kitty-shcherbatsky-chb\/\"]}]},{\"@type\":\"ImageObject\",\"inLanguage\":\"en-GB\",\"@id\":\"https:\/\/chbartdesign.com\/producto\/vestido-kitty-shcherbatsky-chb\/#primaryimage\",\"url\":\"https:\/\/chbartdesign.com\/wp-content\/uploads\/2023\/12\/DSC07917copia2-Photoroom-e1707911183948.jpg\",\"contentUrl\":\"https:\/\/chbartdesign.com\/wp-content\/uploads\/2023\/12\/DSC07917copia2-Photoroom-e1707911183948.jpg\",\"width\":2560,\"height\":1753},{\"@type\":\"BreadcrumbList\",\"@id\":\"https:\/\/chbartdesign.com\/producto\/vestido-kitty-shcherbatsky-chb\/#breadcrumb\",\"itemListElement\":[{\"@type\":\"ListItem\",\"position\":1,\"name\":\"Portada\",\"item\":\"https:\/\/chbartdesign.com\/\"},{\"@type\":\"ListItem\",\"position\":2,\"name\":\"Tienda\",\"item\":\"https:\/\/chbartdesign.com\/tienda\/\"},{\"@type\":\"ListItem\",\"position\":3,\"name\":\"Vestido &#8220;Kitty Shcherbatsky&#8221;\"}]},{\"@type\":\"WebSite\",\"@id\":\"https:\/\/chbartdesign.com\/#website\",\"url\":\"https:\/\/chbartdesign.com\/\",\"name\":\"Chillida Belzunce Art &amp; Design - CHB\",\"description\":\"Chillida Belzunce Art &amp; Design - CHB: Exclusividad y arte en cada dise\u00f1o.\",\"publisher\":{\"@id\":\"https:\/\/chbartdesign.com\/#organization\"},\"potentialAction\":[{\"@type\":\"SearchAction\",\"target\":{\"@type\":\"EntryPoint\",\"urlTemplate\":\"https:\/\/chbartdesign.com\/?s={search_term_string}\"},\"query-input\":{\"@type\":\"PropertyValueSpecification\",\"valueRequired\":true,\"valueName\":\"search_term_string\"}}],\"inLanguage\":\"en-GB\"},{\"@type\":\"Organization\",\"@id\":\"https:\/\/chbartdesign.com\/#organization\",\"name\":\"Chillida Belzunce Art &amp; Design - CHB\",\"url\":\"https:\/\/chbartdesign.com\/\",\"logo\":{\"@type\":\"ImageObject\",\"inLanguage\":\"en-GB\",\"@id\":\"https:\/\/chbartdesign.com\/#\/schema\/logo\/image\/\",\"url\":\"https:\/\/chbartdesign.com\/wp-content\/uploads\/2024\/06\/cropped-cropped-Logo-nuevo-CHB-para-web2024-e1760639568962.png\",\"contentUrl\":\"https:\/\/chbartdesign.com\/wp-content\/uploads\/2024\/06\/cropped-cropped-Logo-nuevo-CHB-para-web2024-e1760639568962.png\",\"width\":512,\"height\":359,\"caption\":\"Chillida Belzunce Art &amp; Design - CHB\"},\"image\":{\"@id\":\"https:\/\/chbartdesign.com\/#\/schema\/logo\/image\/\"}}]}<\/script>\n<!-- \/ Yoast SEO plugin. -->","yoast_head_json":{"title":"Vestido \"Kitty Shcherbatsky\" - Chillida Belzunce Art &amp; Design - CHB","description":"Vestido 'Kitty Shcherbatsky' de 100% seda natural con estampado exclusivo de CHB. Elegante y distintivo, un homenaje a la fabulosa Kitty de Anna Kar\u00e9nina.","robots":{"index":"index","follow":"follow","max-snippet":"max-snippet:-1","max-image-preview":"max-image-preview:large","max-video-preview":"max-video-preview:-1"},"canonical":"https:\/\/chbartdesign.com\/en\/product\/vestido-kitty-shcherbatsky-chb\/","og_locale":"en_GB","og_type":"article","og_title":"Vestido \"Kitty Shcherbatsky\" - Chillida Belzunce Art &amp; Design - CHB","og_description":"Vestido 'Kitty Shcherbatsky' de 100% seda natural con estampado exclusivo de CHB. Elegante y distintivo, un homenaje a la fabulosa Kitty de Anna Kar\u00e9nina.","og_url":"https:\/\/chbartdesign.com\/en\/product\/vestido-kitty-shcherbatsky-chb\/","og_site_name":"Chillida Belzunce Art &amp; Design - CHB","article_modified_time":"2025-08-14T07:36:00+00:00","og_image":[{"width":2560,"height":1753,"url":"https:\/\/chbartdesign.com\/wp-content\/uploads\/2023\/12\/DSC07917copia2-Photoroom-e1707911183948.jpg","type":"image\/jpeg"}],"twitter_card":"summary_large_image","twitter_misc":{"Estimated reading time":"1 minute"},"schema":{"@context":"https:\/\/schema.org","@graph":[{"@type":"WebPage","@id":"https:\/\/chbartdesign.com\/producto\/vestido-kitty-shcherbatsky-chb\/","url":"https:\/\/chbartdesign.com\/producto\/vestido-kitty-shcherbatsky-chb\/","name":"Vestido \"Kitty Shcherbatsky\" - Chillida Belzunce Art &amp; Design - CHB","isPartOf":{"@id":"https:\/\/chbartdesign.com\/#website"},"primaryImageOfPage":{"@id":"https:\/\/chbartdesign.com\/producto\/vestido-kitty-shcherbatsky-chb\/#primaryimage"},"image":{"@id":"https:\/\/chbartdesign.com\/producto\/vestido-kitty-shcherbatsky-chb\/#primaryimage"},"thumbnailUrl":"https:\/\/chbartdesign.com\/wp-content\/uploads\/2023\/12\/DSC07917copia2-Photoroom-e1707911183948.jpg","datePublished":"2023-12-13T09:27:11+00:00","dateModified":"2025-08-14T07:36:00+00:00","description":"Vestido 'Kitty Shcherbatsky' de 100% seda natural con estampado exclusivo de CHB. Elegante y distintivo, un homenaje a la fabulosa Kitty de Anna Kar\u00e9nina.","breadcrumb":{"@id":"https:\/\/chbartdesign.com\/producto\/vestido-kitty-shcherbatsky-chb\/#breadcrumb"},"inLanguage":"en-GB","potentialAction":[{"@type":"ReadAction","target":["https:\/\/chbartdesign.com\/producto\/vestido-kitty-shcherbatsky-chb\/"]}]},{"@type":"ImageObject","inLanguage":"en-GB","@id":"https:\/\/chbartdesign.com\/producto\/vestido-kitty-shcherbatsky-chb\/#primaryimage","url":"https:\/\/chbartdesign.com\/wp-content\/uploads\/2023\/12\/DSC07917copia2-Photoroom-e1707911183948.jpg","contentUrl":"https:\/\/chbartdesign.com\/wp-content\/uploads\/2023\/12\/DSC07917copia2-Photoroom-e1707911183948.jpg","width":2560,"height":1753},{"@type":"BreadcrumbList","@id":"https:\/\/chbartdesign.com\/producto\/vestido-kitty-shcherbatsky-chb\/#breadcrumb","itemListElement":[{"@type":"ListItem","position":1,"name":"Portada","item":"https:\/\/chbartdesign.com\/"},{"@type":"ListItem","position":2,"name":"Tienda","item":"https:\/\/chbartdesign.com\/tienda\/"},{"@type":"ListItem","position":3,"name":"Vestido &#8220;Kitty Shcherbatsky&#8221;"}]},{"@type":"WebSite","@id":"https:\/\/chbartdesign.com\/#website","url":"https:\/\/chbartdesign.com\/","name":"Chillida Belzunce Art &amp; Design - CHB","description":"Chillida Belzunce Art &amp; Design - CHB: Exclusividad y arte en cada dise\u00f1o.","publisher":{"@id":"https:\/\/chbartdesign.com\/#organization"},"potentialAction":[{"@type":"SearchAction","target":{"@type":"EntryPoint","urlTemplate":"https:\/\/chbartdesign.com\/?s={search_term_string}"},"query-input":{"@type":"PropertyValueSpecification","valueRequired":true,"valueName":"search_term_string"}}],"inLanguage":"en-GB"},{"@type":"Organization","@id":"https:\/\/chbartdesign.com\/#organization","name":"Chillida Belzunce Art &amp; Design - CHB","url":"https:\/\/chbartdesign.com\/","logo":{"@type":"ImageObject","inLanguage":"en-GB","@id":"https:\/\/chbartdesign.com\/#\/schema\/logo\/image\/","url":"https:\/\/chbartdesign.com\/wp-content\/uploads\/2024\/06\/cropped-cropped-Logo-nuevo-CHB-para-web2024-e1760639568962.png","contentUrl":"https:\/\/chbartdesign.com\/wp-content\/uploads\/2024\/06\/cropped-cropped-Logo-nuevo-CHB-para-web2024-e1760639568962.png","width":512,"height":359,"caption":"Chillida Belzunce Art &amp; Design - CHB"},"image":{"@id":"https:\/\/chbartdesign.com\/#\/schema\/logo\/image\/"}}]}},"_links":{"self":[{"href":"https:\/\/chbartdesign.com\/en\/wp-json\/wp\/v2\/product\/6904","targetHints":{"allow":["GET"]}}],"collection":[{"href":"https:\/\/chbartdesign.com\/en\/wp-json\/wp\/v2\/product"}],"about":[{"href":"https:\/\/chbartdesign.com\/en\/wp-json\/wp\/v2\/types\/product"}],"wp:featuredmedia":[{"embeddable":true,"href":"https:\/\/chbartdesign.com\/en\/wp-json\/wp\/v2\/media\/8509"}],"wp:attachment":[{"href":"https:\/\/chbartdesign.com\/en\/wp-json\/wp\/v2\/media?parent=6904"}],"wp:term":[{"taxonomy":"product_brand","embeddable":true,"href":"https:\/\/chbartdesign.com\/en\/wp-json\/wp\/v2\/product_brand?post=6904"},{"taxonomy":"product_cat","embeddable":true,"href":"https:\/\/chbartdesign.com\/en\/wp-json\/wp\/v2\/product_cat?post=6904"},{"taxonomy":"product_tag","embeddable":true,"href":"https:\/\/chbartdesign.com\/en\/wp-json\/wp\/v2\/product_tag?post=6904"}],"curies":[{"name":"wp","href":"https:\/\/api.w.org\/{rel}","templated":true}]}}