{"id":8369,"date":"2024-02-13T10:10:12","date_gmt":"2024-02-13T09:10:12","guid":{"rendered":"https:\/\/chbartdesign.com\/?post_type=product&#038;p=8369"},"modified":"2025-08-18T11:36:47","modified_gmt":"2025-08-18T09:36:47","slug":"bandana","status":"publish","type":"product","link":"https:\/\/chbartdesign.com\/en\/product\/bandana\/","title":{"rendered":"Bandana"},"content":{"rendered":"<p>Bandana de CHB Art &amp; Design. \u00a0Tela de seda, ligera y suave, ideal para ser usada tanto en la cabeza como alrededor del cuello, ofreciendo versatilidad y comodidad. Su dise\u00f1o no es solo est\u00e9ticamente atractivo, sino que tambi\u00e9n refleja \u00a0la esencia del arte de Eduardo Chillida Belzunce , haci\u00e9ndola perfecta para cualquier ocasi\u00f3n. Esta banana no es solo un accesorio, sino una pieza que complementa cualquier atuendo.<\/p>\n<p>Hemos creado un packaging exclusivo que refleja el valor y la esencia de nuestro producto. Cada unidad va presentada en una bolsa de algod\u00f3n 100% natural, ilustrada con una obra original de Chillida Belzunce, y se entrega en una caja de cart\u00f3n forrada a mano, cuidando cada detalle para ofrecer una experiencia \u00fanica desde el primer momento.<\/p>\n<p>Seda 100%.<\/p>","protected":false},"excerpt":{"rendered":"<p>Bandana de CHB Art &amp; Design. \u00a0Tela de seda, ligera y suave, ideal para ser usada tanto en la cabeza como alrededor del cuello, ofreciendo versatilidad y comodidad. Su dise\u00f1o no es solo est\u00e9ticamente atractivo, sino que tambi\u00e9n refleja \u00a0la esencia del arte de Eduardo Chillida Belzunce , haci\u00e9ndola perfecta para cualquier ocasi\u00f3n. Esta banana no es solo un accesorio, sino una pieza que complementa cualquier atuendo.<\/p>","protected":false},"featured_media":8512,"template":"","meta":[],"product_brand":[],"product_cat":[305,149],"product_tag":[159,180,188,174,177,157,179,163,187,181,176,178],"class_list":{"0":"post-8369","1":"product","2":"type-product","3":"status-publish","4":"has-post-thumbnail","6":"product_cat-bandanas","7":"product_cat-moda-y-complementos","8":"product_tag-arte","9":"product_tag-arte-contemporaneo","10":"product_tag-beige","11":"product_tag-catalogo","12":"product_tag-catalogo-de-arte","13":"product_tag-chb-artdesign","14":"product_tag-coleccionista","15":"product_tag-eduardo-chillida-belzunce","16":"product_tag-galeria-nieves-fernandez","17":"product_tag-inspiracion-artistica","18":"product_tag-lujo","19":"product_tag-objetos-de-coleccion","21":"first","22":"instock","23":"featured","24":"taxable","25":"shipping-taxable","26":"purchasable","27":"product-type-simple","28":"add-to-wishlist-after_add_to_cart"},"yoast_head":"<!-- This site is optimized with the Yoast SEO plugin v27.1 - https:\/\/yoast.com\/product\/yoast-seo-wordpress\/ -->\n<title>Bandana - Chillida Belzunce Art &amp; Design - CHB<\/title>\n<meta name=\"robots\" content=\"index, follow, max-snippet:-1, max-image-preview:large, max-video-preview:-1\" \/>\n<link rel=\"canonical\" href=\"https:\/\/chbartdesign.com\/en\/product\/bandana\/\" \/>\n<meta property=\"og:locale\" content=\"en_GB\" \/>\n<meta property=\"og:type\" content=\"article\" \/>\n<meta property=\"og:title\" content=\"Bandana - Chillida Belzunce Art &amp; Design - CHB\" \/>\n<meta property=\"og:description\" content=\"Bandana de CHB Art &amp; Design. \u00a0Tela de seda, ligera y suave, ideal para ser usada tanto en la cabeza como alrededor del cuello, ofreciendo versatilidad y comodidad. Su dise\u00f1o no es solo est\u00e9ticamente atractivo, sino que tambi\u00e9n refleja \u00a0la esencia del arte de Eduardo Chillida Belzunce , haci\u00e9ndola perfecta para cualquier ocasi\u00f3n. Esta banana no es solo un accesorio, sino una pieza que complementa cualquier atuendo.\" \/>\n<meta property=\"og:url\" content=\"https:\/\/chbartdesign.com\/en\/product\/bandana\/\" \/>\n<meta property=\"og:site_name\" content=\"Chillida Belzunce Art &amp; Design - CHB\" \/>\n<meta property=\"article:modified_time\" content=\"2025-08-18T09:36:47+00:00\" \/>\n<meta property=\"og:image\" content=\"https:\/\/chbartdesign.com\/wp-content\/uploads\/2024\/02\/DSC08233-copii-Photoroom-3-scaled.jpg\" \/>\n\t<meta property=\"og:image:width\" content=\"2560\" \/>\n\t<meta property=\"og:image:height\" content=\"1707\" \/>\n\t<meta property=\"og:image:type\" content=\"image\/jpeg\" \/>\n<meta name=\"twitter:card\" content=\"summary_large_image\" \/>\n<meta name=\"twitter:label1\" content=\"Estimated reading time\" \/>\n\t<meta name=\"twitter:data1\" content=\"1 minute\" \/>\n<script type=\"application\/ld+json\" class=\"yoast-schema-graph\">{\"@context\":\"https:\/\/schema.org\",\"@graph\":[{\"@type\":\"WebPage\",\"@id\":\"https:\/\/chbartdesign.com\/producto\/bandana\/\",\"url\":\"https:\/\/chbartdesign.com\/producto\/bandana\/\",\"name\":\"Bandana - Chillida Belzunce Art &amp; Design - CHB\",\"isPartOf\":{\"@id\":\"https:\/\/chbartdesign.com\/#website\"},\"primaryImageOfPage\":{\"@id\":\"https:\/\/chbartdesign.com\/producto\/bandana\/#primaryimage\"},\"image\":{\"@id\":\"https:\/\/chbartdesign.com\/producto\/bandana\/#primaryimage\"},\"thumbnailUrl\":\"https:\/\/chbartdesign.com\/wp-content\/uploads\/2024\/02\/DSC08233-copii-Photoroom-3-scaled.jpg\",\"datePublished\":\"2024-02-13T09:10:12+00:00\",\"dateModified\":\"2025-08-18T09:36:47+00:00\",\"breadcrumb\":{\"@id\":\"https:\/\/chbartdesign.com\/producto\/bandana\/#breadcrumb\"},\"inLanguage\":\"en-GB\",\"potentialAction\":[{\"@type\":\"ReadAction\",\"target\":[\"https:\/\/chbartdesign.com\/producto\/bandana\/\"]}]},{\"@type\":\"ImageObject\",\"inLanguage\":\"en-GB\",\"@id\":\"https:\/\/chbartdesign.com\/producto\/bandana\/#primaryimage\",\"url\":\"https:\/\/chbartdesign.com\/wp-content\/uploads\/2024\/02\/DSC08233-copii-Photoroom-3-scaled.jpg\",\"contentUrl\":\"https:\/\/chbartdesign.com\/wp-content\/uploads\/2024\/02\/DSC08233-copii-Photoroom-3-scaled.jpg\",\"width\":2560,\"height\":1707},{\"@type\":\"BreadcrumbList\",\"@id\":\"https:\/\/chbartdesign.com\/producto\/bandana\/#breadcrumb\",\"itemListElement\":[{\"@type\":\"ListItem\",\"position\":1,\"name\":\"Portada\",\"item\":\"https:\/\/chbartdesign.com\/\"},{\"@type\":\"ListItem\",\"position\":2,\"name\":\"Tienda\",\"item\":\"https:\/\/chbartdesign.com\/tienda\/\"},{\"@type\":\"ListItem\",\"position\":3,\"name\":\"Bandana\"}]},{\"@type\":\"WebSite\",\"@id\":\"https:\/\/chbartdesign.com\/#website\",\"url\":\"https:\/\/chbartdesign.com\/\",\"name\":\"Chillida Belzunce Art &amp; Design - CHB\",\"description\":\"Chillida Belzunce Art &amp; Design - CHB: Exclusividad y arte en cada dise\u00f1o.\",\"publisher\":{\"@id\":\"https:\/\/chbartdesign.com\/#organization\"},\"potentialAction\":[{\"@type\":\"SearchAction\",\"target\":{\"@type\":\"EntryPoint\",\"urlTemplate\":\"https:\/\/chbartdesign.com\/?s={search_term_string}\"},\"query-input\":{\"@type\":\"PropertyValueSpecification\",\"valueRequired\":true,\"valueName\":\"search_term_string\"}}],\"inLanguage\":\"en-GB\"},{\"@type\":\"Organization\",\"@id\":\"https:\/\/chbartdesign.com\/#organization\",\"name\":\"Chillida Belzunce Art &amp; Design - CHB\",\"url\":\"https:\/\/chbartdesign.com\/\",\"logo\":{\"@type\":\"ImageObject\",\"inLanguage\":\"en-GB\",\"@id\":\"https:\/\/chbartdesign.com\/#\/schema\/logo\/image\/\",\"url\":\"https:\/\/chbartdesign.com\/wp-content\/uploads\/2024\/06\/cropped-cropped-Logo-nuevo-CHB-para-web2024-e1760639568962.png\",\"contentUrl\":\"https:\/\/chbartdesign.com\/wp-content\/uploads\/2024\/06\/cropped-cropped-Logo-nuevo-CHB-para-web2024-e1760639568962.png\",\"width\":512,\"height\":359,\"caption\":\"Chillida Belzunce Art &amp; Design - CHB\"},\"image\":{\"@id\":\"https:\/\/chbartdesign.com\/#\/schema\/logo\/image\/\"}}]}<\/script>\n<!-- \/ Yoast SEO plugin. -->","yoast_head_json":{"title":"Bandana - Chillida Belzunce Art &amp; Design - CHB","robots":{"index":"index","follow":"follow","max-snippet":"max-snippet:-1","max-image-preview":"max-image-preview:large","max-video-preview":"max-video-preview:-1"},"canonical":"https:\/\/chbartdesign.com\/en\/product\/bandana\/","og_locale":"en_GB","og_type":"article","og_title":"Bandana - Chillida Belzunce Art &amp; Design - CHB","og_description":"Bandana de CHB Art &amp; Design. \u00a0Tela de seda, ligera y suave, ideal para ser usada tanto en la cabeza como alrededor del cuello, ofreciendo versatilidad y comodidad. Su dise\u00f1o no es solo est\u00e9ticamente atractivo, sino que tambi\u00e9n refleja \u00a0la esencia del arte de Eduardo Chillida Belzunce , haci\u00e9ndola perfecta para cualquier ocasi\u00f3n. Esta banana no es solo un accesorio, sino una pieza que complementa cualquier atuendo.","og_url":"https:\/\/chbartdesign.com\/en\/product\/bandana\/","og_site_name":"Chillida Belzunce Art &amp; Design - CHB","article_modified_time":"2025-08-18T09:36:47+00:00","og_image":[{"width":2560,"height":1707,"url":"https:\/\/chbartdesign.com\/wp-content\/uploads\/2024\/02\/DSC08233-copii-Photoroom-3-scaled.jpg","type":"image\/jpeg"}],"twitter_card":"summary_large_image","twitter_misc":{"Estimated reading time":"1 minute"},"schema":{"@context":"https:\/\/schema.org","@graph":[{"@type":"WebPage","@id":"https:\/\/chbartdesign.com\/producto\/bandana\/","url":"https:\/\/chbartdesign.com\/producto\/bandana\/","name":"Bandana - Chillida Belzunce Art &amp; Design - CHB","isPartOf":{"@id":"https:\/\/chbartdesign.com\/#website"},"primaryImageOfPage":{"@id":"https:\/\/chbartdesign.com\/producto\/bandana\/#primaryimage"},"image":{"@id":"https:\/\/chbartdesign.com\/producto\/bandana\/#primaryimage"},"thumbnailUrl":"https:\/\/chbartdesign.com\/wp-content\/uploads\/2024\/02\/DSC08233-copii-Photoroom-3-scaled.jpg","datePublished":"2024-02-13T09:10:12+00:00","dateModified":"2025-08-18T09:36:47+00:00","breadcrumb":{"@id":"https:\/\/chbartdesign.com\/producto\/bandana\/#breadcrumb"},"inLanguage":"en-GB","potentialAction":[{"@type":"ReadAction","target":["https:\/\/chbartdesign.com\/producto\/bandana\/"]}]},{"@type":"ImageObject","inLanguage":"en-GB","@id":"https:\/\/chbartdesign.com\/producto\/bandana\/#primaryimage","url":"https:\/\/chbartdesign.com\/wp-content\/uploads\/2024\/02\/DSC08233-copii-Photoroom-3-scaled.jpg","contentUrl":"https:\/\/chbartdesign.com\/wp-content\/uploads\/2024\/02\/DSC08233-copii-Photoroom-3-scaled.jpg","width":2560,"height":1707},{"@type":"BreadcrumbList","@id":"https:\/\/chbartdesign.com\/producto\/bandana\/#breadcrumb","itemListElement":[{"@type":"ListItem","position":1,"name":"Portada","item":"https:\/\/chbartdesign.com\/"},{"@type":"ListItem","position":2,"name":"Tienda","item":"https:\/\/chbartdesign.com\/tienda\/"},{"@type":"ListItem","position":3,"name":"Bandana"}]},{"@type":"WebSite","@id":"https:\/\/chbartdesign.com\/#website","url":"https:\/\/chbartdesign.com\/","name":"Chillida Belzunce Art &amp; Design - CHB","description":"Chillida Belzunce Art &amp; Design - CHB: Exclusividad y arte en cada dise\u00f1o.","publisher":{"@id":"https:\/\/chbartdesign.com\/#organization"},"potentialAction":[{"@type":"SearchAction","target":{"@type":"EntryPoint","urlTemplate":"https:\/\/chbartdesign.com\/?s={search_term_string}"},"query-input":{"@type":"PropertyValueSpecification","valueRequired":true,"valueName":"search_term_string"}}],"inLanguage":"en-GB"},{"@type":"Organization","@id":"https:\/\/chbartdesign.com\/#organization","name":"Chillida Belzunce Art &amp; Design - CHB","url":"https:\/\/chbartdesign.com\/","logo":{"@type":"ImageObject","inLanguage":"en-GB","@id":"https:\/\/chbartdesign.com\/#\/schema\/logo\/image\/","url":"https:\/\/chbartdesign.com\/wp-content\/uploads\/2024\/06\/cropped-cropped-Logo-nuevo-CHB-para-web2024-e1760639568962.png","contentUrl":"https:\/\/chbartdesign.com\/wp-content\/uploads\/2024\/06\/cropped-cropped-Logo-nuevo-CHB-para-web2024-e1760639568962.png","width":512,"height":359,"caption":"Chillida Belzunce Art &amp; Design - CHB"},"image":{"@id":"https:\/\/chbartdesign.com\/#\/schema\/logo\/image\/"}}]}},"_links":{"self":[{"href":"https:\/\/chbartdesign.com\/en\/wp-json\/wp\/v2\/product\/8369","targetHints":{"allow":["GET"]}}],"collection":[{"href":"https:\/\/chbartdesign.com\/en\/wp-json\/wp\/v2\/product"}],"about":[{"href":"https:\/\/chbartdesign.com\/en\/wp-json\/wp\/v2\/types\/product"}],"wp:featuredmedia":[{"embeddable":true,"href":"https:\/\/chbartdesign.com\/en\/wp-json\/wp\/v2\/media\/8512"}],"wp:attachment":[{"href":"https:\/\/chbartdesign.com\/en\/wp-json\/wp\/v2\/media?parent=8369"}],"wp:term":[{"taxonomy":"product_brand","embeddable":true,"href":"https:\/\/chbartdesign.com\/en\/wp-json\/wp\/v2\/product_brand?post=8369"},{"taxonomy":"product_cat","embeddable":true,"href":"https:\/\/chbartdesign.com\/en\/wp-json\/wp\/v2\/product_cat?post=8369"},{"taxonomy":"product_tag","embeddable":true,"href":"https:\/\/chbartdesign.com\/en\/wp-json\/wp\/v2\/product_tag?post=8369"}],"curies":[{"name":"wp","href":"https:\/\/api.w.org\/{rel}","templated":true}]}}