{"id":8859,"date":"2025-05-07T11:14:14","date_gmt":"2025-05-07T09:14:14","guid":{"rendered":"https:\/\/chbartdesign.com\/?post_type=product&#038;p=8859"},"modified":"2025-10-22T12:16:57","modified_gmt":"2025-10-22T10:16:57","slug":"plato-mi-estudio-en-blanco-y-negro","status":"publish","type":"product","link":"https:\/\/chbartdesign.com\/en\/product\/plato-mi-estudio-en-blanco-y-negro\/","title":{"rendered":"Plato \u201cMi estudio en blanco y negro\u201d"},"content":{"rendered":"<p style=\"text-align: left;\">Presentamos un exclusivo plato dise\u00f1ado artesanalmente por el renombrado artista Eduardo Chillida Belzunce, una pieza de edici\u00f3n limitada de solo 50 ejemplares, cada uno numerado y acompa\u00f1ado de un certificado de autenticidad. Este plato destaca por su elegante dise\u00f1o que reproduce un fragmento de la obra &#8220;Mi estudio en Blanco y negro&#8221;, capturando la esencia y la creatividad del artista.<\/p>\n<p style=\"text-align: left;\">Producido artesanalmente en Barcelona, cada plato es un testimonio de la dedicaci\u00f3n y la maestr\u00eda del proceso creativo. La textura y los detalles del dise\u00f1o reflejan la singularidad de la obra de Chillida Belzunce, convirtiendo cada pieza en un objeto de colecci\u00f3n imprescindible para los amantes del arte. \u00a1Adquiere tu ejemplar y forma parte de esta edici\u00f3n limitada!<\/p>\n<p style=\"text-align: left;\">Edici\u00f3n limitada de 50 ejemplares. Numerados y con certificado de autenticidad. El dise\u00f1o del plato ha sido realizado manualmente por Eduardo Chillida Belzunce y est\u00e1 decorado con la reproducci\u00f3n de un fragmento del cuadro \u201cMi estudio en blanco y negro\u201d.<\/p>\n<p style=\"text-align: left;\">Medidas: 31,5 x 38,8 x 1,5 cm<\/p>\n<p data-start=\"81\" data-end=\"426\">Hemos creado un packaging exclusivo que refleja el valor y la esencia de nuestro producto. Cada unidad va presentada en una bolsa de algod\u00f3n 100% natural, ilustrada con una obra original de Chillida Belzunce, y se entrega en una caja de cart\u00f3n forrada a mano, cuidando cada detalle para ofrecer una experiencia \u00fanica desde el primer momento.<\/p>","protected":false},"excerpt":{"rendered":"<p>Edici\u00f3n limitada de 50 ejemplares. Numerados y con certificado de autenticidad. El dise\u00f1o del plato ha sido realizado manualmente por Eduardo Chillida Belzunce y est\u00e1 decorado con la reproducci\u00f3n de un fragmento del cuadro \u201cMi estudio en blanco y negro\u201d. Producidos artesanalmente en Barcelona.<\/p>\n<p>&nbsp;<\/p>","protected":false},"featured_media":9510,"template":"","meta":[],"product_brand":[],"product_cat":[273,147],"product_tag":[159,248,200,163,178,310,329],"class_list":{"0":"post-8859","1":"product","2":"type-product","3":"status-publish","4":"has-post-thumbnail","6":"product_cat-platos","7":"product_cat-decoracion-y-hogar","8":"product_tag-arte","9":"product_tag-arte-moderno","10":"product_tag-decoracion","11":"product_tag-eduardo-chillida-belzunce","12":"product_tag-objetos-de-coleccion","13":"product_tag-platos","14":"product_tag-vajilla","16":"first","17":"instock","18":"featured","19":"taxable","20":"shipping-taxable","21":"purchasable","22":"product-type-simple","23":"add-to-wishlist-after_add_to_cart"},"yoast_head":"<!-- This site is optimized with the Yoast SEO plugin v27.1 - https:\/\/yoast.com\/product\/yoast-seo-wordpress\/ -->\n<title>Plato \u201cMi estudio en blanco y negro\u201d - Chillida Belzunce Art &amp; Design - CHB<\/title>\n<meta name=\"robots\" content=\"index, follow, max-snippet:-1, max-image-preview:large, max-video-preview:-1\" \/>\n<link rel=\"canonical\" href=\"https:\/\/chbartdesign.com\/en\/product\/plato-mi-estudio-en-blanco-y-negro\/\" \/>\n<meta property=\"og:locale\" content=\"en_GB\" \/>\n<meta property=\"og:type\" content=\"article\" \/>\n<meta property=\"og:title\" content=\"Plato \u201cMi estudio en blanco y negro\u201d - Chillida Belzunce Art &amp; Design - CHB\" \/>\n<meta property=\"og:description\" content=\"Edici\u00f3n limitada de 50 ejemplares. Numerados y con certificado de autenticidad. El dise\u00f1o del plato ha sido realizado manualmente por Eduardo Chillida Belzunce y est\u00e1 decorado con la reproducci\u00f3n de un fragmento del cuadro \u201cMi estudio en blanco y negro\u201d. Producidos artesanalmente en Barcelona.  &nbsp;\" \/>\n<meta property=\"og:url\" content=\"https:\/\/chbartdesign.com\/en\/product\/plato-mi-estudio-en-blanco-y-negro\/\" \/>\n<meta property=\"og:site_name\" content=\"Chillida Belzunce Art &amp; Design - CHB\" \/>\n<meta property=\"article:modified_time\" content=\"2025-10-22T10:16:57+00:00\" \/>\n<meta property=\"og:image\" content=\"https:\/\/chbartdesign.com\/wp-content\/uploads\/2025\/05\/IP_02268-3-scaled.jpg\" \/>\n\t<meta property=\"og:image:width\" content=\"2560\" \/>\n\t<meta property=\"og:image:height\" content=\"1829\" \/>\n\t<meta property=\"og:image:type\" content=\"image\/jpeg\" \/>\n<meta name=\"twitter:card\" content=\"summary_large_image\" \/>\n<meta name=\"twitter:label1\" content=\"Estimated reading time\" \/>\n\t<meta name=\"twitter:data1\" content=\"2 minutes\" \/>\n<script type=\"application\/ld+json\" class=\"yoast-schema-graph\">{\"@context\":\"https:\/\/schema.org\",\"@graph\":[{\"@type\":\"WebPage\",\"@id\":\"https:\/\/chbartdesign.com\/producto\/plato-mi-estudio-en-blanco-y-negro\/\",\"url\":\"https:\/\/chbartdesign.com\/producto\/plato-mi-estudio-en-blanco-y-negro\/\",\"name\":\"Plato \u201cMi estudio en blanco y negro\u201d - Chillida Belzunce Art &amp; Design - CHB\",\"isPartOf\":{\"@id\":\"https:\/\/chbartdesign.com\/#website\"},\"primaryImageOfPage\":{\"@id\":\"https:\/\/chbartdesign.com\/producto\/plato-mi-estudio-en-blanco-y-negro\/#primaryimage\"},\"image\":{\"@id\":\"https:\/\/chbartdesign.com\/producto\/plato-mi-estudio-en-blanco-y-negro\/#primaryimage\"},\"thumbnailUrl\":\"https:\/\/chbartdesign.com\/wp-content\/uploads\/2025\/05\/IP_02268-3-scaled.jpg\",\"datePublished\":\"2025-05-07T09:14:14+00:00\",\"dateModified\":\"2025-10-22T10:16:57+00:00\",\"breadcrumb\":{\"@id\":\"https:\/\/chbartdesign.com\/producto\/plato-mi-estudio-en-blanco-y-negro\/#breadcrumb\"},\"inLanguage\":\"en-GB\",\"potentialAction\":[{\"@type\":\"ReadAction\",\"target\":[\"https:\/\/chbartdesign.com\/producto\/plato-mi-estudio-en-blanco-y-negro\/\"]}]},{\"@type\":\"ImageObject\",\"inLanguage\":\"en-GB\",\"@id\":\"https:\/\/chbartdesign.com\/producto\/plato-mi-estudio-en-blanco-y-negro\/#primaryimage\",\"url\":\"https:\/\/chbartdesign.com\/wp-content\/uploads\/2025\/05\/IP_02268-3-scaled.jpg\",\"contentUrl\":\"https:\/\/chbartdesign.com\/wp-content\/uploads\/2025\/05\/IP_02268-3-scaled.jpg\",\"width\":2560,\"height\":1829},{\"@type\":\"BreadcrumbList\",\"@id\":\"https:\/\/chbartdesign.com\/producto\/plato-mi-estudio-en-blanco-y-negro\/#breadcrumb\",\"itemListElement\":[{\"@type\":\"ListItem\",\"position\":1,\"name\":\"Portada\",\"item\":\"https:\/\/chbartdesign.com\/\"},{\"@type\":\"ListItem\",\"position\":2,\"name\":\"Tienda\",\"item\":\"https:\/\/chbartdesign.com\/tienda\/\"},{\"@type\":\"ListItem\",\"position\":3,\"name\":\"Plato \u201cMi estudio en blanco y negro\u201d\"}]},{\"@type\":\"WebSite\",\"@id\":\"https:\/\/chbartdesign.com\/#website\",\"url\":\"https:\/\/chbartdesign.com\/\",\"name\":\"Chillida Belzunce Art &amp; Design - CHB\",\"description\":\"Chillida Belzunce Art &amp; Design - CHB: Exclusividad y arte en cada dise\u00f1o.\",\"publisher\":{\"@id\":\"https:\/\/chbartdesign.com\/#organization\"},\"potentialAction\":[{\"@type\":\"SearchAction\",\"target\":{\"@type\":\"EntryPoint\",\"urlTemplate\":\"https:\/\/chbartdesign.com\/?s={search_term_string}\"},\"query-input\":{\"@type\":\"PropertyValueSpecification\",\"valueRequired\":true,\"valueName\":\"search_term_string\"}}],\"inLanguage\":\"en-GB\"},{\"@type\":\"Organization\",\"@id\":\"https:\/\/chbartdesign.com\/#organization\",\"name\":\"Chillida Belzunce Art &amp; Design - CHB\",\"url\":\"https:\/\/chbartdesign.com\/\",\"logo\":{\"@type\":\"ImageObject\",\"inLanguage\":\"en-GB\",\"@id\":\"https:\/\/chbartdesign.com\/#\/schema\/logo\/image\/\",\"url\":\"https:\/\/chbartdesign.com\/wp-content\/uploads\/2024\/06\/cropped-cropped-Logo-nuevo-CHB-para-web2024-e1760639568962.png\",\"contentUrl\":\"https:\/\/chbartdesign.com\/wp-content\/uploads\/2024\/06\/cropped-cropped-Logo-nuevo-CHB-para-web2024-e1760639568962.png\",\"width\":512,\"height\":359,\"caption\":\"Chillida Belzunce Art &amp; Design - CHB\"},\"image\":{\"@id\":\"https:\/\/chbartdesign.com\/#\/schema\/logo\/image\/\"}}]}<\/script>\n<!-- \/ Yoast SEO plugin. -->","yoast_head_json":{"title":"Plato \u201cMi estudio en blanco y negro\u201d - Chillida Belzunce Art &amp; Design - CHB","robots":{"index":"index","follow":"follow","max-snippet":"max-snippet:-1","max-image-preview":"max-image-preview:large","max-video-preview":"max-video-preview:-1"},"canonical":"https:\/\/chbartdesign.com\/en\/product\/plato-mi-estudio-en-blanco-y-negro\/","og_locale":"en_GB","og_type":"article","og_title":"Plato \u201cMi estudio en blanco y negro\u201d - Chillida Belzunce Art &amp; Design - CHB","og_description":"Edici\u00f3n limitada de 50 ejemplares. Numerados y con certificado de autenticidad. El dise\u00f1o del plato ha sido realizado manualmente por Eduardo Chillida Belzunce y est\u00e1 decorado con la reproducci\u00f3n de un fragmento del cuadro \u201cMi estudio en blanco y negro\u201d. Producidos artesanalmente en Barcelona.  &nbsp;","og_url":"https:\/\/chbartdesign.com\/en\/product\/plato-mi-estudio-en-blanco-y-negro\/","og_site_name":"Chillida Belzunce Art &amp; Design - CHB","article_modified_time":"2025-10-22T10:16:57+00:00","og_image":[{"width":2560,"height":1829,"url":"https:\/\/chbartdesign.com\/wp-content\/uploads\/2025\/05\/IP_02268-3-scaled.jpg","type":"image\/jpeg"}],"twitter_card":"summary_large_image","twitter_misc":{"Estimated reading time":"2 minutes"},"schema":{"@context":"https:\/\/schema.org","@graph":[{"@type":"WebPage","@id":"https:\/\/chbartdesign.com\/producto\/plato-mi-estudio-en-blanco-y-negro\/","url":"https:\/\/chbartdesign.com\/producto\/plato-mi-estudio-en-blanco-y-negro\/","name":"Plato \u201cMi estudio en blanco y negro\u201d - Chillida Belzunce Art &amp; Design - CHB","isPartOf":{"@id":"https:\/\/chbartdesign.com\/#website"},"primaryImageOfPage":{"@id":"https:\/\/chbartdesign.com\/producto\/plato-mi-estudio-en-blanco-y-negro\/#primaryimage"},"image":{"@id":"https:\/\/chbartdesign.com\/producto\/plato-mi-estudio-en-blanco-y-negro\/#primaryimage"},"thumbnailUrl":"https:\/\/chbartdesign.com\/wp-content\/uploads\/2025\/05\/IP_02268-3-scaled.jpg","datePublished":"2025-05-07T09:14:14+00:00","dateModified":"2025-10-22T10:16:57+00:00","breadcrumb":{"@id":"https:\/\/chbartdesign.com\/producto\/plato-mi-estudio-en-blanco-y-negro\/#breadcrumb"},"inLanguage":"en-GB","potentialAction":[{"@type":"ReadAction","target":["https:\/\/chbartdesign.com\/producto\/plato-mi-estudio-en-blanco-y-negro\/"]}]},{"@type":"ImageObject","inLanguage":"en-GB","@id":"https:\/\/chbartdesign.com\/producto\/plato-mi-estudio-en-blanco-y-negro\/#primaryimage","url":"https:\/\/chbartdesign.com\/wp-content\/uploads\/2025\/05\/IP_02268-3-scaled.jpg","contentUrl":"https:\/\/chbartdesign.com\/wp-content\/uploads\/2025\/05\/IP_02268-3-scaled.jpg","width":2560,"height":1829},{"@type":"BreadcrumbList","@id":"https:\/\/chbartdesign.com\/producto\/plato-mi-estudio-en-blanco-y-negro\/#breadcrumb","itemListElement":[{"@type":"ListItem","position":1,"name":"Portada","item":"https:\/\/chbartdesign.com\/"},{"@type":"ListItem","position":2,"name":"Tienda","item":"https:\/\/chbartdesign.com\/tienda\/"},{"@type":"ListItem","position":3,"name":"Plato \u201cMi estudio en blanco y negro\u201d"}]},{"@type":"WebSite","@id":"https:\/\/chbartdesign.com\/#website","url":"https:\/\/chbartdesign.com\/","name":"Chillida Belzunce Art &amp; Design - CHB","description":"Chillida Belzunce Art &amp; Design - CHB: Exclusividad y arte en cada dise\u00f1o.","publisher":{"@id":"https:\/\/chbartdesign.com\/#organization"},"potentialAction":[{"@type":"SearchAction","target":{"@type":"EntryPoint","urlTemplate":"https:\/\/chbartdesign.com\/?s={search_term_string}"},"query-input":{"@type":"PropertyValueSpecification","valueRequired":true,"valueName":"search_term_string"}}],"inLanguage":"en-GB"},{"@type":"Organization","@id":"https:\/\/chbartdesign.com\/#organization","name":"Chillida Belzunce Art &amp; Design - CHB","url":"https:\/\/chbartdesign.com\/","logo":{"@type":"ImageObject","inLanguage":"en-GB","@id":"https:\/\/chbartdesign.com\/#\/schema\/logo\/image\/","url":"https:\/\/chbartdesign.com\/wp-content\/uploads\/2024\/06\/cropped-cropped-Logo-nuevo-CHB-para-web2024-e1760639568962.png","contentUrl":"https:\/\/chbartdesign.com\/wp-content\/uploads\/2024\/06\/cropped-cropped-Logo-nuevo-CHB-para-web2024-e1760639568962.png","width":512,"height":359,"caption":"Chillida Belzunce Art &amp; Design - CHB"},"image":{"@id":"https:\/\/chbartdesign.com\/#\/schema\/logo\/image\/"}}]}},"_links":{"self":[{"href":"https:\/\/chbartdesign.com\/en\/wp-json\/wp\/v2\/product\/8859","targetHints":{"allow":["GET"]}}],"collection":[{"href":"https:\/\/chbartdesign.com\/en\/wp-json\/wp\/v2\/product"}],"about":[{"href":"https:\/\/chbartdesign.com\/en\/wp-json\/wp\/v2\/types\/product"}],"wp:featuredmedia":[{"embeddable":true,"href":"https:\/\/chbartdesign.com\/en\/wp-json\/wp\/v2\/media\/9510"}],"wp:attachment":[{"href":"https:\/\/chbartdesign.com\/en\/wp-json\/wp\/v2\/media?parent=8859"}],"wp:term":[{"taxonomy":"product_brand","embeddable":true,"href":"https:\/\/chbartdesign.com\/en\/wp-json\/wp\/v2\/product_brand?post=8859"},{"taxonomy":"product_cat","embeddable":true,"href":"https:\/\/chbartdesign.com\/en\/wp-json\/wp\/v2\/product_cat?post=8859"},{"taxonomy":"product_tag","embeddable":true,"href":"https:\/\/chbartdesign.com\/en\/wp-json\/wp\/v2\/product_tag?post=8859"}],"curies":[{"name":"wp","href":"https:\/\/api.w.org\/{rel}","templated":true}]}}