{"id":8865,"date":"2025-05-07T12:22:07","date_gmt":"2025-05-07T10:22:07","guid":{"rendered":"https:\/\/chbartdesign.com\/?post_type=product&#038;p=8865"},"modified":"2025-12-02T12:24:25","modified_gmt":"2025-12-02T11:24:25","slug":"libro-el-vuelo-de-los-charcos","status":"publish","type":"product","link":"https:\/\/chbartdesign.com\/en\/product\/libro-el-vuelo-de-los-charcos\/","title":{"rendered":"Libro &#8220;El vuelo de los charcos&#8221;"},"content":{"rendered":"<p>Te presentamos &#8220;El vuelo de los charcos&#8221;;, una obra cautivadora escrita por Eduardo Iglesias. Este libro, que explora las profundidades de la creatividad y la naturaleza humana, se destaca no solo por su contenido literario, sino tambi\u00e9n por su impresionante presentaci\u00f3n. La portada reproduce un dibujo exclusivo de Eduardo Chillida Belzunce, aportando un toque art\u00edstico que complementa perfectamente la narrativa del texto.Esta edici\u00f3n limitada consta de solo 100 ejemplares, cada uno firmado por ambos artistas, convirti\u00e9ndolo en una aut\u00e9ntica pieza de colecci\u00f3n.<\/p>\n<p>Cada libro viene acompa\u00f1ado de un certificado de autenticidad con numeraci\u00f3n, asegurando su exclusividad y valor. Ideal para los amantes de la literatura y el arte,&#8221;El vuelo de los charcos&#8221; \u00a0no solo es una lectura enriquecedora, sino tambi\u00e9n una obra que celebra la colaboraci\u00f3n entre dos talentosos creadores. No te pierdas la oportunidad de poseer un ejemplar de esta edici\u00f3n especial, donde la palabra y el arte se unen en perfecta armon\u00eda. \u00a1Hazte con el tuyo hoy mismo!<\/p>\n<p>Hemos creado un packaging exclusivo que refleja el valor y la esencia de nuestro producto. Cada unidad va presentada en una bolsa de algod\u00f3n 100% natural, ilustrada con una obra original de Chillida Belzunce, y se entrega en una caja de cart\u00f3n forrada a mano, cuidando cada detalle para ofrecer una experiencia \u00fanica desde el primer momento.<\/p>","protected":false},"excerpt":{"rendered":"<p>&#8220;El vuelo de los charcos&#8221;;, una obra cautivadora escrita por Eduardo Iglesias. Este libro, que explora las profundidades de la creatividad y la naturaleza humana, se destaca no solo por su contenido literario, sino tambi\u00e9n por su impresionante presentaci\u00f3n. La portada reproduce un dibujo exclusivo de Eduardo Chillida Belzunce, aportando un toque art\u00edstico que complementa perfectamente la narrativa del texto.Esta edici\u00f3n limitada consta de solo 100 ejemplares, cada uno firmado por ambos artistas, convirti\u00e9ndolo en una aut\u00e9ntica pieza de colecci\u00f3n.<\/p>\n<p>&nbsp;<\/p>","protected":false},"featured_media":9558,"template":"","meta":[],"product_brand":[],"product_cat":[311,148],"product_tag":[201,314,312,313],"class_list":{"0":"post-8865","1":"product","2":"type-product","3":"status-publish","4":"has-post-thumbnail","6":"product_cat-papeleria-y-decoracion","7":"product_cat-accesorios","8":"product_tag-dibujo","9":"product_tag-eduardo-iglesias","10":"product_tag-lectura","11":"product_tag-libro","13":"first","14":"instock","15":"taxable","16":"shipping-taxable","17":"purchasable","18":"product-type-simple","19":"add-to-wishlist-after_add_to_cart"},"yoast_head":"<!-- This site is optimized with the Yoast SEO plugin v27.1 - https:\/\/yoast.com\/product\/yoast-seo-wordpress\/ -->\n<title>Libro &quot;El vuelo de los charcos&quot; - Chillida Belzunce Art &amp; Design - CHB<\/title>\n<meta name=\"robots\" content=\"index, follow, max-snippet:-1, max-image-preview:large, max-video-preview:-1\" \/>\n<link rel=\"canonical\" href=\"https:\/\/chbartdesign.com\/en\/product\/libro-el-vuelo-de-los-charcos\/\" \/>\n<meta property=\"og:locale\" content=\"en_GB\" \/>\n<meta property=\"og:type\" content=\"article\" \/>\n<meta property=\"og:title\" content=\"Libro &quot;El vuelo de los charcos&quot; - Chillida Belzunce Art &amp; Design - CHB\" \/>\n<meta property=\"og:description\" content=\"&quot;El vuelo de los charcos&quot;;, una obra cautivadora escrita por Eduardo Iglesias. Este libro, que explora las profundidades de la creatividad y la naturaleza humana, se destaca no solo por su contenido literario, sino tambi\u00e9n por su impresionante presentaci\u00f3n. La portada reproduce un dibujo exclusivo de Eduardo Chillida Belzunce, aportando un toque art\u00edstico que complementa perfectamente la narrativa del texto.Esta edici\u00f3n limitada consta de solo 100 ejemplares, cada uno firmado por ambos artistas, convirti\u00e9ndolo en una aut\u00e9ntica pieza de colecci\u00f3n.  &nbsp;\" \/>\n<meta property=\"og:url\" content=\"https:\/\/chbartdesign.com\/en\/product\/libro-el-vuelo-de-los-charcos\/\" \/>\n<meta property=\"og:site_name\" content=\"Chillida Belzunce Art &amp; Design - CHB\" \/>\n<meta property=\"article:modified_time\" content=\"2025-12-02T11:24:25+00:00\" \/>\n<meta property=\"og:image\" content=\"https:\/\/chbartdesign.com\/wp-content\/uploads\/2025\/05\/IP_02463_1-scaled.jpg\" \/>\n\t<meta property=\"og:image:width\" content=\"2560\" \/>\n\t<meta property=\"og:image:height\" content=\"2560\" \/>\n\t<meta property=\"og:image:type\" content=\"image\/jpeg\" \/>\n<meta name=\"twitter:card\" content=\"summary_large_image\" \/>\n<meta name=\"twitter:label1\" content=\"Estimated reading time\" \/>\n\t<meta name=\"twitter:data1\" content=\"2 minutes\" \/>\n<script type=\"application\/ld+json\" class=\"yoast-schema-graph\">{\"@context\":\"https:\/\/schema.org\",\"@graph\":[{\"@type\":\"WebPage\",\"@id\":\"https:\/\/chbartdesign.com\/producto\/libro-el-vuelo-de-los-charcos\/\",\"url\":\"https:\/\/chbartdesign.com\/producto\/libro-el-vuelo-de-los-charcos\/\",\"name\":\"Libro \\\"El vuelo de los charcos\\\" - Chillida Belzunce Art &amp; Design - CHB\",\"isPartOf\":{\"@id\":\"https:\/\/chbartdesign.com\/#website\"},\"primaryImageOfPage\":{\"@id\":\"https:\/\/chbartdesign.com\/producto\/libro-el-vuelo-de-los-charcos\/#primaryimage\"},\"image\":{\"@id\":\"https:\/\/chbartdesign.com\/producto\/libro-el-vuelo-de-los-charcos\/#primaryimage\"},\"thumbnailUrl\":\"https:\/\/chbartdesign.com\/wp-content\/uploads\/2025\/05\/IP_02463_1-scaled.jpg\",\"datePublished\":\"2025-05-07T10:22:07+00:00\",\"dateModified\":\"2025-12-02T11:24:25+00:00\",\"breadcrumb\":{\"@id\":\"https:\/\/chbartdesign.com\/producto\/libro-el-vuelo-de-los-charcos\/#breadcrumb\"},\"inLanguage\":\"en-GB\",\"potentialAction\":[{\"@type\":\"ReadAction\",\"target\":[\"https:\/\/chbartdesign.com\/producto\/libro-el-vuelo-de-los-charcos\/\"]}]},{\"@type\":\"ImageObject\",\"inLanguage\":\"en-GB\",\"@id\":\"https:\/\/chbartdesign.com\/producto\/libro-el-vuelo-de-los-charcos\/#primaryimage\",\"url\":\"https:\/\/chbartdesign.com\/wp-content\/uploads\/2025\/05\/IP_02463_1-scaled.jpg\",\"contentUrl\":\"https:\/\/chbartdesign.com\/wp-content\/uploads\/2025\/05\/IP_02463_1-scaled.jpg\",\"width\":2560,\"height\":2560},{\"@type\":\"BreadcrumbList\",\"@id\":\"https:\/\/chbartdesign.com\/producto\/libro-el-vuelo-de-los-charcos\/#breadcrumb\",\"itemListElement\":[{\"@type\":\"ListItem\",\"position\":1,\"name\":\"Portada\",\"item\":\"https:\/\/chbartdesign.com\/\"},{\"@type\":\"ListItem\",\"position\":2,\"name\":\"Tienda\",\"item\":\"https:\/\/chbartdesign.com\/tienda\/\"},{\"@type\":\"ListItem\",\"position\":3,\"name\":\"Libro &#8220;El vuelo de los charcos&#8221;\"}]},{\"@type\":\"WebSite\",\"@id\":\"https:\/\/chbartdesign.com\/#website\",\"url\":\"https:\/\/chbartdesign.com\/\",\"name\":\"Chillida Belzunce Art &amp; Design - CHB\",\"description\":\"Chillida Belzunce Art &amp; Design - CHB: Exclusividad y arte en cada dise\u00f1o.\",\"publisher\":{\"@id\":\"https:\/\/chbartdesign.com\/#organization\"},\"potentialAction\":[{\"@type\":\"SearchAction\",\"target\":{\"@type\":\"EntryPoint\",\"urlTemplate\":\"https:\/\/chbartdesign.com\/?s={search_term_string}\"},\"query-input\":{\"@type\":\"PropertyValueSpecification\",\"valueRequired\":true,\"valueName\":\"search_term_string\"}}],\"inLanguage\":\"en-GB\"},{\"@type\":\"Organization\",\"@id\":\"https:\/\/chbartdesign.com\/#organization\",\"name\":\"Chillida Belzunce Art &amp; Design - CHB\",\"url\":\"https:\/\/chbartdesign.com\/\",\"logo\":{\"@type\":\"ImageObject\",\"inLanguage\":\"en-GB\",\"@id\":\"https:\/\/chbartdesign.com\/#\/schema\/logo\/image\/\",\"url\":\"https:\/\/chbartdesign.com\/wp-content\/uploads\/2024\/06\/cropped-cropped-Logo-nuevo-CHB-para-web2024-e1760639568962.png\",\"contentUrl\":\"https:\/\/chbartdesign.com\/wp-content\/uploads\/2024\/06\/cropped-cropped-Logo-nuevo-CHB-para-web2024-e1760639568962.png\",\"width\":512,\"height\":359,\"caption\":\"Chillida Belzunce Art &amp; Design - CHB\"},\"image\":{\"@id\":\"https:\/\/chbartdesign.com\/#\/schema\/logo\/image\/\"}}]}<\/script>\n<!-- \/ Yoast SEO plugin. -->","yoast_head_json":{"title":"Libro \"El vuelo de los charcos\" - Chillida Belzunce Art &amp; Design - CHB","robots":{"index":"index","follow":"follow","max-snippet":"max-snippet:-1","max-image-preview":"max-image-preview:large","max-video-preview":"max-video-preview:-1"},"canonical":"https:\/\/chbartdesign.com\/en\/product\/libro-el-vuelo-de-los-charcos\/","og_locale":"en_GB","og_type":"article","og_title":"Libro \"El vuelo de los charcos\" - Chillida Belzunce Art &amp; Design - CHB","og_description":"\"El vuelo de los charcos\";, una obra cautivadora escrita por Eduardo Iglesias. Este libro, que explora las profundidades de la creatividad y la naturaleza humana, se destaca no solo por su contenido literario, sino tambi\u00e9n por su impresionante presentaci\u00f3n. La portada reproduce un dibujo exclusivo de Eduardo Chillida Belzunce, aportando un toque art\u00edstico que complementa perfectamente la narrativa del texto.Esta edici\u00f3n limitada consta de solo 100 ejemplares, cada uno firmado por ambos artistas, convirti\u00e9ndolo en una aut\u00e9ntica pieza de colecci\u00f3n.  &nbsp;","og_url":"https:\/\/chbartdesign.com\/en\/product\/libro-el-vuelo-de-los-charcos\/","og_site_name":"Chillida Belzunce Art &amp; Design - CHB","article_modified_time":"2025-12-02T11:24:25+00:00","og_image":[{"width":2560,"height":2560,"url":"https:\/\/chbartdesign.com\/wp-content\/uploads\/2025\/05\/IP_02463_1-scaled.jpg","type":"image\/jpeg"}],"twitter_card":"summary_large_image","twitter_misc":{"Estimated reading time":"2 minutes"},"schema":{"@context":"https:\/\/schema.org","@graph":[{"@type":"WebPage","@id":"https:\/\/chbartdesign.com\/producto\/libro-el-vuelo-de-los-charcos\/","url":"https:\/\/chbartdesign.com\/producto\/libro-el-vuelo-de-los-charcos\/","name":"Libro \"El vuelo de los charcos\" - Chillida Belzunce Art &amp; Design - CHB","isPartOf":{"@id":"https:\/\/chbartdesign.com\/#website"},"primaryImageOfPage":{"@id":"https:\/\/chbartdesign.com\/producto\/libro-el-vuelo-de-los-charcos\/#primaryimage"},"image":{"@id":"https:\/\/chbartdesign.com\/producto\/libro-el-vuelo-de-los-charcos\/#primaryimage"},"thumbnailUrl":"https:\/\/chbartdesign.com\/wp-content\/uploads\/2025\/05\/IP_02463_1-scaled.jpg","datePublished":"2025-05-07T10:22:07+00:00","dateModified":"2025-12-02T11:24:25+00:00","breadcrumb":{"@id":"https:\/\/chbartdesign.com\/producto\/libro-el-vuelo-de-los-charcos\/#breadcrumb"},"inLanguage":"en-GB","potentialAction":[{"@type":"ReadAction","target":["https:\/\/chbartdesign.com\/producto\/libro-el-vuelo-de-los-charcos\/"]}]},{"@type":"ImageObject","inLanguage":"en-GB","@id":"https:\/\/chbartdesign.com\/producto\/libro-el-vuelo-de-los-charcos\/#primaryimage","url":"https:\/\/chbartdesign.com\/wp-content\/uploads\/2025\/05\/IP_02463_1-scaled.jpg","contentUrl":"https:\/\/chbartdesign.com\/wp-content\/uploads\/2025\/05\/IP_02463_1-scaled.jpg","width":2560,"height":2560},{"@type":"BreadcrumbList","@id":"https:\/\/chbartdesign.com\/producto\/libro-el-vuelo-de-los-charcos\/#breadcrumb","itemListElement":[{"@type":"ListItem","position":1,"name":"Portada","item":"https:\/\/chbartdesign.com\/"},{"@type":"ListItem","position":2,"name":"Tienda","item":"https:\/\/chbartdesign.com\/tienda\/"},{"@type":"ListItem","position":3,"name":"Libro &#8220;El vuelo de los charcos&#8221;"}]},{"@type":"WebSite","@id":"https:\/\/chbartdesign.com\/#website","url":"https:\/\/chbartdesign.com\/","name":"Chillida Belzunce Art &amp; Design - CHB","description":"Chillida Belzunce Art &amp; Design - CHB: Exclusividad y arte en cada dise\u00f1o.","publisher":{"@id":"https:\/\/chbartdesign.com\/#organization"},"potentialAction":[{"@type":"SearchAction","target":{"@type":"EntryPoint","urlTemplate":"https:\/\/chbartdesign.com\/?s={search_term_string}"},"query-input":{"@type":"PropertyValueSpecification","valueRequired":true,"valueName":"search_term_string"}}],"inLanguage":"en-GB"},{"@type":"Organization","@id":"https:\/\/chbartdesign.com\/#organization","name":"Chillida Belzunce Art &amp; Design - CHB","url":"https:\/\/chbartdesign.com\/","logo":{"@type":"ImageObject","inLanguage":"en-GB","@id":"https:\/\/chbartdesign.com\/#\/schema\/logo\/image\/","url":"https:\/\/chbartdesign.com\/wp-content\/uploads\/2024\/06\/cropped-cropped-Logo-nuevo-CHB-para-web2024-e1760639568962.png","contentUrl":"https:\/\/chbartdesign.com\/wp-content\/uploads\/2024\/06\/cropped-cropped-Logo-nuevo-CHB-para-web2024-e1760639568962.png","width":512,"height":359,"caption":"Chillida Belzunce Art &amp; Design - CHB"},"image":{"@id":"https:\/\/chbartdesign.com\/#\/schema\/logo\/image\/"}}]}},"_links":{"self":[{"href":"https:\/\/chbartdesign.com\/en\/wp-json\/wp\/v2\/product\/8865","targetHints":{"allow":["GET"]}}],"collection":[{"href":"https:\/\/chbartdesign.com\/en\/wp-json\/wp\/v2\/product"}],"about":[{"href":"https:\/\/chbartdesign.com\/en\/wp-json\/wp\/v2\/types\/product"}],"wp:featuredmedia":[{"embeddable":true,"href":"https:\/\/chbartdesign.com\/en\/wp-json\/wp\/v2\/media\/9558"}],"wp:attachment":[{"href":"https:\/\/chbartdesign.com\/en\/wp-json\/wp\/v2\/media?parent=8865"}],"wp:term":[{"taxonomy":"product_brand","embeddable":true,"href":"https:\/\/chbartdesign.com\/en\/wp-json\/wp\/v2\/product_brand?post=8865"},{"taxonomy":"product_cat","embeddable":true,"href":"https:\/\/chbartdesign.com\/en\/wp-json\/wp\/v2\/product_cat?post=8865"},{"taxonomy":"product_tag","embeddable":true,"href":"https:\/\/chbartdesign.com\/en\/wp-json\/wp\/v2\/product_tag?post=8865"}],"curies":[{"name":"wp","href":"https:\/\/api.w.org\/{rel}","templated":true}]}}