{"id":8871,"date":"2025-05-07T12:35:14","date_gmt":"2025-05-07T10:35:14","guid":{"rendered":"https:\/\/chbartdesign.com\/?post_type=product&#038;p=8871"},"modified":"2025-10-22T17:16:38","modified_gmt":"2025-10-22T15:16:38","slug":"neceser-san-sebastian","status":"publish","type":"product","link":"https:\/\/chbartdesign.com\/en\/product\/neceser-san-sebastian\/","title":{"rendered":"Neceser &#8220;San Sebasti\u00e1n&#8221;"},"content":{"rendered":"<p>Presentamos un encantador neceser de algod\u00f3n natural, ideal para quienes buscan organizaci\u00f3n y estilo. Este neceser cuenta con un dise\u00f1o exclusivo que muestra la hermosa bah\u00eda de San Sebasti\u00e1n dibujada por el artista Eduardo Chillida Belzunce. El algod\u00f3n natural le proporciona una textura suave y ecol\u00f3gica, perfecta para llevar tus art\u00edculos de higiene personal, maquillaje o peque\u00f1os objetos esenciales.Su tama\u00f1o lo hace f\u00e1cil de transportar, mientras que el cierre de cremallera garantiza la seguridad de tus pertenencias. Es un accesorio pr\u00e1ctico y atractivo, perfecto para regalar o para uso personal. \u00a1A\u00f1ade un toque de elegancia a tu rutina diaria con este hermoso neceser!<\/p>\n<p>Hemos creado un packaging exclusivo que refleja el valor y la esencia de nuestro producto. Cada unidad va presentada en una caja de cart\u00f3n forrada a mano, cuidando cada detalle para ofrecer una experiencia \u00fanica desde el primer momento.<\/p>\n<p>Composici\u00f3n: algod\u00f3n 100%<\/p>","protected":false},"excerpt":{"rendered":"<p>Neceser de algod\u00f3n natural, ideal para quienes buscan organizaci\u00f3n y estilo. Este neceser cuenta con un dise\u00f1o exclusivo que muestra la hermosa bah\u00eda de San Sebasti\u00e1n dibujada por el artista Eduardo Chillida Belzunce. Perfecto para llevar tus art\u00edculos de higiene personal, maquillaje o peque\u00f1os objetos esenciales.Su tama\u00f1o lo hace f\u00e1cil de transportar, mientras que el cierre de cremallera garantiza la seguridad de tus pertenencias.<\/p>","protected":false},"featured_media":9511,"template":"","meta":[],"product_brand":[],"product_cat":[333,149],"product_tag":[316,317,318],"class_list":{"0":"post-8871","1":"product","2":"type-product","3":"status-publish","4":"has-post-thumbnail","6":"product_cat-neceser","7":"product_cat-moda-y-complementos","8":"product_tag-neceser","9":"product_tag-orden","10":"product_tag-organizacion","12":"first","13":"instock","14":"taxable","15":"shipping-taxable","16":"purchasable","17":"product-type-simple","18":"add-to-wishlist-after_add_to_cart"},"yoast_head":"<!-- This site is optimized with the Yoast SEO plugin v27.1 - https:\/\/yoast.com\/product\/yoast-seo-wordpress\/ -->\n<title>Neceser &quot;San Sebasti\u00e1n&quot; - Chillida Belzunce Art &amp; Design - CHB<\/title>\n<meta name=\"robots\" content=\"index, follow, max-snippet:-1, max-image-preview:large, max-video-preview:-1\" \/>\n<link rel=\"canonical\" href=\"https:\/\/chbartdesign.com\/en\/product\/neceser-san-sebastian\/\" \/>\n<meta property=\"og:locale\" content=\"en_GB\" \/>\n<meta property=\"og:type\" content=\"article\" \/>\n<meta property=\"og:title\" content=\"Neceser &quot;San Sebasti\u00e1n&quot; - Chillida Belzunce Art &amp; Design - CHB\" \/>\n<meta property=\"og:description\" content=\"Neceser de algod\u00f3n natural, ideal para quienes buscan organizaci\u00f3n y estilo. Este neceser cuenta con un dise\u00f1o exclusivo que muestra la hermosa bah\u00eda de San Sebasti\u00e1n dibujada por el artista Eduardo Chillida Belzunce. Perfecto para llevar tus art\u00edculos de higiene personal, maquillaje o peque\u00f1os objetos esenciales.Su tama\u00f1o lo hace f\u00e1cil de transportar, mientras que el cierre de cremallera garantiza la seguridad de tus pertenencias.\" \/>\n<meta property=\"og:url\" content=\"https:\/\/chbartdesign.com\/en\/product\/neceser-san-sebastian\/\" \/>\n<meta property=\"og:site_name\" content=\"Chillida Belzunce Art &amp; Design - CHB\" \/>\n<meta property=\"article:modified_time\" content=\"2025-10-22T15:16:38+00:00\" \/>\n<meta property=\"og:image\" content=\"https:\/\/chbartdesign.com\/wp-content\/uploads\/2025\/05\/IP_02335-2-copia-scaled.jpg\" \/>\n\t<meta property=\"og:image:width\" content=\"2560\" \/>\n\t<meta property=\"og:image:height\" content=\"1829\" \/>\n\t<meta property=\"og:image:type\" content=\"image\/jpeg\" \/>\n<meta name=\"twitter:card\" content=\"summary_large_image\" \/>\n<meta name=\"twitter:label1\" content=\"Estimated reading time\" \/>\n\t<meta name=\"twitter:data1\" content=\"1 minute\" \/>\n<script type=\"application\/ld+json\" class=\"yoast-schema-graph\">{\"@context\":\"https:\/\/schema.org\",\"@graph\":[{\"@type\":\"WebPage\",\"@id\":\"https:\/\/chbartdesign.com\/producto\/neceser-san-sebastian\/\",\"url\":\"https:\/\/chbartdesign.com\/producto\/neceser-san-sebastian\/\",\"name\":\"Neceser \\\"San Sebasti\u00e1n\\\" - Chillida Belzunce Art &amp; Design - CHB\",\"isPartOf\":{\"@id\":\"https:\/\/chbartdesign.com\/#website\"},\"primaryImageOfPage\":{\"@id\":\"https:\/\/chbartdesign.com\/producto\/neceser-san-sebastian\/#primaryimage\"},\"image\":{\"@id\":\"https:\/\/chbartdesign.com\/producto\/neceser-san-sebastian\/#primaryimage\"},\"thumbnailUrl\":\"https:\/\/chbartdesign.com\/wp-content\/uploads\/2025\/05\/IP_02335-2-copia-scaled.jpg\",\"datePublished\":\"2025-05-07T10:35:14+00:00\",\"dateModified\":\"2025-10-22T15:16:38+00:00\",\"breadcrumb\":{\"@id\":\"https:\/\/chbartdesign.com\/producto\/neceser-san-sebastian\/#breadcrumb\"},\"inLanguage\":\"en-GB\",\"potentialAction\":[{\"@type\":\"ReadAction\",\"target\":[\"https:\/\/chbartdesign.com\/producto\/neceser-san-sebastian\/\"]}]},{\"@type\":\"ImageObject\",\"inLanguage\":\"en-GB\",\"@id\":\"https:\/\/chbartdesign.com\/producto\/neceser-san-sebastian\/#primaryimage\",\"url\":\"https:\/\/chbartdesign.com\/wp-content\/uploads\/2025\/05\/IP_02335-2-copia-scaled.jpg\",\"contentUrl\":\"https:\/\/chbartdesign.com\/wp-content\/uploads\/2025\/05\/IP_02335-2-copia-scaled.jpg\",\"width\":2560,\"height\":1829},{\"@type\":\"BreadcrumbList\",\"@id\":\"https:\/\/chbartdesign.com\/producto\/neceser-san-sebastian\/#breadcrumb\",\"itemListElement\":[{\"@type\":\"ListItem\",\"position\":1,\"name\":\"Portada\",\"item\":\"https:\/\/chbartdesign.com\/\"},{\"@type\":\"ListItem\",\"position\":2,\"name\":\"Tienda\",\"item\":\"https:\/\/chbartdesign.com\/tienda\/\"},{\"@type\":\"ListItem\",\"position\":3,\"name\":\"Neceser &#8220;San Sebasti\u00e1n&#8221;\"}]},{\"@type\":\"WebSite\",\"@id\":\"https:\/\/chbartdesign.com\/#website\",\"url\":\"https:\/\/chbartdesign.com\/\",\"name\":\"Chillida Belzunce Art &amp; Design - CHB\",\"description\":\"Chillida Belzunce Art &amp; Design - CHB: Exclusividad y arte en cada dise\u00f1o.\",\"publisher\":{\"@id\":\"https:\/\/chbartdesign.com\/#organization\"},\"potentialAction\":[{\"@type\":\"SearchAction\",\"target\":{\"@type\":\"EntryPoint\",\"urlTemplate\":\"https:\/\/chbartdesign.com\/?s={search_term_string}\"},\"query-input\":{\"@type\":\"PropertyValueSpecification\",\"valueRequired\":true,\"valueName\":\"search_term_string\"}}],\"inLanguage\":\"en-GB\"},{\"@type\":\"Organization\",\"@id\":\"https:\/\/chbartdesign.com\/#organization\",\"name\":\"Chillida Belzunce Art &amp; Design - CHB\",\"url\":\"https:\/\/chbartdesign.com\/\",\"logo\":{\"@type\":\"ImageObject\",\"inLanguage\":\"en-GB\",\"@id\":\"https:\/\/chbartdesign.com\/#\/schema\/logo\/image\/\",\"url\":\"https:\/\/chbartdesign.com\/wp-content\/uploads\/2024\/06\/cropped-cropped-Logo-nuevo-CHB-para-web2024-e1760639568962.png\",\"contentUrl\":\"https:\/\/chbartdesign.com\/wp-content\/uploads\/2024\/06\/cropped-cropped-Logo-nuevo-CHB-para-web2024-e1760639568962.png\",\"width\":512,\"height\":359,\"caption\":\"Chillida Belzunce Art &amp; Design - CHB\"},\"image\":{\"@id\":\"https:\/\/chbartdesign.com\/#\/schema\/logo\/image\/\"}}]}<\/script>\n<!-- \/ Yoast SEO plugin. -->","yoast_head_json":{"title":"Neceser \"San Sebasti\u00e1n\" - Chillida Belzunce Art &amp; Design - CHB","robots":{"index":"index","follow":"follow","max-snippet":"max-snippet:-1","max-image-preview":"max-image-preview:large","max-video-preview":"max-video-preview:-1"},"canonical":"https:\/\/chbartdesign.com\/en\/product\/neceser-san-sebastian\/","og_locale":"en_GB","og_type":"article","og_title":"Neceser \"San Sebasti\u00e1n\" - Chillida Belzunce Art &amp; Design - CHB","og_description":"Neceser de algod\u00f3n natural, ideal para quienes buscan organizaci\u00f3n y estilo. Este neceser cuenta con un dise\u00f1o exclusivo que muestra la hermosa bah\u00eda de San Sebasti\u00e1n dibujada por el artista Eduardo Chillida Belzunce. Perfecto para llevar tus art\u00edculos de higiene personal, maquillaje o peque\u00f1os objetos esenciales.Su tama\u00f1o lo hace f\u00e1cil de transportar, mientras que el cierre de cremallera garantiza la seguridad de tus pertenencias.","og_url":"https:\/\/chbartdesign.com\/en\/product\/neceser-san-sebastian\/","og_site_name":"Chillida Belzunce Art &amp; Design - CHB","article_modified_time":"2025-10-22T15:16:38+00:00","og_image":[{"width":2560,"height":1829,"url":"https:\/\/chbartdesign.com\/wp-content\/uploads\/2025\/05\/IP_02335-2-copia-scaled.jpg","type":"image\/jpeg"}],"twitter_card":"summary_large_image","twitter_misc":{"Estimated reading time":"1 minute"},"schema":{"@context":"https:\/\/schema.org","@graph":[{"@type":"WebPage","@id":"https:\/\/chbartdesign.com\/producto\/neceser-san-sebastian\/","url":"https:\/\/chbartdesign.com\/producto\/neceser-san-sebastian\/","name":"Neceser \"San Sebasti\u00e1n\" - Chillida Belzunce Art &amp; Design - CHB","isPartOf":{"@id":"https:\/\/chbartdesign.com\/#website"},"primaryImageOfPage":{"@id":"https:\/\/chbartdesign.com\/producto\/neceser-san-sebastian\/#primaryimage"},"image":{"@id":"https:\/\/chbartdesign.com\/producto\/neceser-san-sebastian\/#primaryimage"},"thumbnailUrl":"https:\/\/chbartdesign.com\/wp-content\/uploads\/2025\/05\/IP_02335-2-copia-scaled.jpg","datePublished":"2025-05-07T10:35:14+00:00","dateModified":"2025-10-22T15:16:38+00:00","breadcrumb":{"@id":"https:\/\/chbartdesign.com\/producto\/neceser-san-sebastian\/#breadcrumb"},"inLanguage":"en-GB","potentialAction":[{"@type":"ReadAction","target":["https:\/\/chbartdesign.com\/producto\/neceser-san-sebastian\/"]}]},{"@type":"ImageObject","inLanguage":"en-GB","@id":"https:\/\/chbartdesign.com\/producto\/neceser-san-sebastian\/#primaryimage","url":"https:\/\/chbartdesign.com\/wp-content\/uploads\/2025\/05\/IP_02335-2-copia-scaled.jpg","contentUrl":"https:\/\/chbartdesign.com\/wp-content\/uploads\/2025\/05\/IP_02335-2-copia-scaled.jpg","width":2560,"height":1829},{"@type":"BreadcrumbList","@id":"https:\/\/chbartdesign.com\/producto\/neceser-san-sebastian\/#breadcrumb","itemListElement":[{"@type":"ListItem","position":1,"name":"Portada","item":"https:\/\/chbartdesign.com\/"},{"@type":"ListItem","position":2,"name":"Tienda","item":"https:\/\/chbartdesign.com\/tienda\/"},{"@type":"ListItem","position":3,"name":"Neceser &#8220;San Sebasti\u00e1n&#8221;"}]},{"@type":"WebSite","@id":"https:\/\/chbartdesign.com\/#website","url":"https:\/\/chbartdesign.com\/","name":"Chillida Belzunce Art &amp; Design - CHB","description":"Chillida Belzunce Art &amp; Design - CHB: Exclusividad y arte en cada dise\u00f1o.","publisher":{"@id":"https:\/\/chbartdesign.com\/#organization"},"potentialAction":[{"@type":"SearchAction","target":{"@type":"EntryPoint","urlTemplate":"https:\/\/chbartdesign.com\/?s={search_term_string}"},"query-input":{"@type":"PropertyValueSpecification","valueRequired":true,"valueName":"search_term_string"}}],"inLanguage":"en-GB"},{"@type":"Organization","@id":"https:\/\/chbartdesign.com\/#organization","name":"Chillida Belzunce Art &amp; Design - CHB","url":"https:\/\/chbartdesign.com\/","logo":{"@type":"ImageObject","inLanguage":"en-GB","@id":"https:\/\/chbartdesign.com\/#\/schema\/logo\/image\/","url":"https:\/\/chbartdesign.com\/wp-content\/uploads\/2024\/06\/cropped-cropped-Logo-nuevo-CHB-para-web2024-e1760639568962.png","contentUrl":"https:\/\/chbartdesign.com\/wp-content\/uploads\/2024\/06\/cropped-cropped-Logo-nuevo-CHB-para-web2024-e1760639568962.png","width":512,"height":359,"caption":"Chillida Belzunce Art &amp; Design - CHB"},"image":{"@id":"https:\/\/chbartdesign.com\/#\/schema\/logo\/image\/"}}]}},"_links":{"self":[{"href":"https:\/\/chbartdesign.com\/en\/wp-json\/wp\/v2\/product\/8871","targetHints":{"allow":["GET"]}}],"collection":[{"href":"https:\/\/chbartdesign.com\/en\/wp-json\/wp\/v2\/product"}],"about":[{"href":"https:\/\/chbartdesign.com\/en\/wp-json\/wp\/v2\/types\/product"}],"wp:featuredmedia":[{"embeddable":true,"href":"https:\/\/chbartdesign.com\/en\/wp-json\/wp\/v2\/media\/9511"}],"wp:attachment":[{"href":"https:\/\/chbartdesign.com\/en\/wp-json\/wp\/v2\/media?parent=8871"}],"wp:term":[{"taxonomy":"product_brand","embeddable":true,"href":"https:\/\/chbartdesign.com\/en\/wp-json\/wp\/v2\/product_brand?post=8871"},{"taxonomy":"product_cat","embeddable":true,"href":"https:\/\/chbartdesign.com\/en\/wp-json\/wp\/v2\/product_cat?post=8871"},{"taxonomy":"product_tag","embeddable":true,"href":"https:\/\/chbartdesign.com\/en\/wp-json\/wp\/v2\/product_tag?post=8871"}],"curies":[{"name":"wp","href":"https:\/\/api.w.org\/{rel}","templated":true}]}}