{"id":8874,"date":"2025-05-07T12:49:09","date_gmt":"2025-05-07T10:49:09","guid":{"rendered":"https:\/\/chbartdesign.com\/?post_type=product&#038;p=8874"},"modified":"2025-12-17T12:41:01","modified_gmt":"2025-12-17T11:41:01","slug":"tote-bag","status":"publish","type":"product","link":"https:\/\/chbartdesign.com\/en\/product\/tote-bag\/","title":{"rendered":"Tote Bag"},"content":{"rendered":"<p>Descubre nuestra exclusiva Tote Bag de algod\u00f3n, dise\u00f1ada para los amantes de la belleza de San Sebasti\u00e1n. Esta bolsa ecol\u00f3gica presenta un hermoso dibujo de Eduardo Chillida Belzunce que ilustra la famosa bah\u00eda, capturando su serenidad y encanto. Confeccionada en algod\u00f3n 100% natural, es resistente y duradera, ideal para llevar tus compras, libros o cualquier art\u00edculo diario. Su amplio espacio interior y asas c\u00f3modas la convierten en la compa\u00f1era perfecta para el d\u00eda a d\u00eda.<\/p>\n<p>Adem\u00e1s, su dise\u00f1o estilizado y art\u00edstico la hace una opci\u00f3n elegante y \u00fanica. Lleva contigo un pedacito de San Sebasti\u00e1n a donde vayas y destaca con esta maravillosa Tote Bag. \u00a1Hazla tuya y a\u00f1ade un toque de arte a tu estilo!<\/p>\n<p>Hemos creado un packaging exclusivo que refleja el valor y la esencia de nuestro producto. Cada unidad va presentada en una caja de cart\u00f3n forrada a mano, cuidando cada detalle para ofrecer una experiencia \u00fanica desde el primer momento.<\/p>\n<p>Composici\u00f3n: algod\u00f3n 100%<\/p>\n<p>Medidas: 43 x 38 cm<\/p>","protected":false},"excerpt":{"rendered":"<p>Tote Bag de algod\u00f3n, dise\u00f1ada para los amantes de la belleza de San Sebasti\u00e1n. Esta bolsa ecol\u00f3gica presenta un hermoso dibujo de Eduardo Chillida Belzunce que ilustra la famosa bah\u00eda, capturando su serenidad y encanto. Confeccionada en algod\u00f3n 100% natural, es resistente y duradera, ideal para llevar tus compras, libros o cualquier art\u00edculo diario. Su amplio espacio interior y asas c\u00f3modas la convierten en la compa\u00f1era perfecta para el d\u00eda a d\u00eda.<\/p>\n<p>&nbsp;<\/p>","protected":false},"featured_media":9555,"template":"","meta":[],"product_brand":[],"product_cat":[334,149],"product_tag":[159,319,321,320,173],"class_list":{"0":"post-8874","1":"product","2":"type-product","3":"status-publish","4":"has-post-thumbnail","6":"product_cat-tote-bag","7":"product_cat-moda-y-complementos","8":"product_tag-arte","9":"product_tag-bolsa","10":"product_tag-comodidad","11":"product_tag-diseno","12":"product_tag-san-sebastian","14":"first","15":"instock","16":"taxable","17":"shipping-taxable","18":"purchasable","19":"product-type-simple","20":"add-to-wishlist-after_add_to_cart"},"yoast_head":"<!-- This site is optimized with the Yoast SEO plugin v27.1 - https:\/\/yoast.com\/product\/yoast-seo-wordpress\/ -->\n<title>Tote Bag - Chillida Belzunce Art &amp; Design - CHB<\/title>\n<meta name=\"robots\" content=\"index, follow, max-snippet:-1, max-image-preview:large, max-video-preview:-1\" \/>\n<link rel=\"canonical\" href=\"https:\/\/chbartdesign.com\/en\/product\/tote-bag\/\" \/>\n<meta property=\"og:locale\" content=\"en_GB\" \/>\n<meta property=\"og:type\" content=\"article\" \/>\n<meta property=\"og:title\" content=\"Tote Bag - Chillida Belzunce Art &amp; Design - CHB\" \/>\n<meta property=\"og:description\" content=\"Tote Bag de algod\u00f3n, dise\u00f1ada para los amantes de la belleza de San Sebasti\u00e1n. Esta bolsa ecol\u00f3gica presenta un hermoso dibujo de Eduardo Chillida Belzunce que ilustra la famosa bah\u00eda, capturando su serenidad y encanto. Confeccionada en algod\u00f3n 100% natural, es resistente y duradera, ideal para llevar tus compras, libros o cualquier art\u00edculo diario. Su amplio espacio interior y asas c\u00f3modas la convierten en la compa\u00f1era perfecta para el d\u00eda a d\u00eda.  &nbsp;\" \/>\n<meta property=\"og:url\" content=\"https:\/\/chbartdesign.com\/en\/product\/tote-bag\/\" \/>\n<meta property=\"og:site_name\" content=\"Chillida Belzunce Art &amp; Design - CHB\" \/>\n<meta property=\"article:modified_time\" content=\"2025-12-17T11:41:01+00:00\" \/>\n<meta property=\"og:image\" content=\"https:\/\/chbartdesign.com\/wp-content\/uploads\/2025\/05\/IP_02353-1-copia_1-1.jpg\" \/>\n\t<meta property=\"og:image:width\" content=\"1181\" \/>\n\t<meta property=\"og:image:height\" content=\"844\" \/>\n\t<meta property=\"og:image:type\" content=\"image\/jpeg\" \/>\n<meta name=\"twitter:card\" content=\"summary_large_image\" \/>\n<meta name=\"twitter:label1\" content=\"Estimated reading time\" \/>\n\t<meta name=\"twitter:data1\" content=\"1 minute\" \/>\n<script type=\"application\/ld+json\" class=\"yoast-schema-graph\">{\"@context\":\"https:\/\/schema.org\",\"@graph\":[{\"@type\":\"WebPage\",\"@id\":\"https:\/\/chbartdesign.com\/producto\/tote-bag\/\",\"url\":\"https:\/\/chbartdesign.com\/producto\/tote-bag\/\",\"name\":\"Tote Bag - Chillida Belzunce Art &amp; Design - CHB\",\"isPartOf\":{\"@id\":\"https:\/\/chbartdesign.com\/#website\"},\"primaryImageOfPage\":{\"@id\":\"https:\/\/chbartdesign.com\/producto\/tote-bag\/#primaryimage\"},\"image\":{\"@id\":\"https:\/\/chbartdesign.com\/producto\/tote-bag\/#primaryimage\"},\"thumbnailUrl\":\"https:\/\/chbartdesign.com\/wp-content\/uploads\/2025\/05\/IP_02353-1-copia_1-1.jpg\",\"datePublished\":\"2025-05-07T10:49:09+00:00\",\"dateModified\":\"2025-12-17T11:41:01+00:00\",\"breadcrumb\":{\"@id\":\"https:\/\/chbartdesign.com\/producto\/tote-bag\/#breadcrumb\"},\"inLanguage\":\"en-GB\",\"potentialAction\":[{\"@type\":\"ReadAction\",\"target\":[\"https:\/\/chbartdesign.com\/producto\/tote-bag\/\"]}]},{\"@type\":\"ImageObject\",\"inLanguage\":\"en-GB\",\"@id\":\"https:\/\/chbartdesign.com\/producto\/tote-bag\/#primaryimage\",\"url\":\"https:\/\/chbartdesign.com\/wp-content\/uploads\/2025\/05\/IP_02353-1-copia_1-1.jpg\",\"contentUrl\":\"https:\/\/chbartdesign.com\/wp-content\/uploads\/2025\/05\/IP_02353-1-copia_1-1.jpg\",\"width\":1181,\"height\":844},{\"@type\":\"BreadcrumbList\",\"@id\":\"https:\/\/chbartdesign.com\/producto\/tote-bag\/#breadcrumb\",\"itemListElement\":[{\"@type\":\"ListItem\",\"position\":1,\"name\":\"Portada\",\"item\":\"https:\/\/chbartdesign.com\/\"},{\"@type\":\"ListItem\",\"position\":2,\"name\":\"Tienda\",\"item\":\"https:\/\/chbartdesign.com\/tienda\/\"},{\"@type\":\"ListItem\",\"position\":3,\"name\":\"Tote Bag\"}]},{\"@type\":\"WebSite\",\"@id\":\"https:\/\/chbartdesign.com\/#website\",\"url\":\"https:\/\/chbartdesign.com\/\",\"name\":\"Chillida Belzunce Art &amp; Design - CHB\",\"description\":\"Chillida Belzunce Art &amp; Design - CHB: Exclusividad y arte en cada dise\u00f1o.\",\"publisher\":{\"@id\":\"https:\/\/chbartdesign.com\/#organization\"},\"potentialAction\":[{\"@type\":\"SearchAction\",\"target\":{\"@type\":\"EntryPoint\",\"urlTemplate\":\"https:\/\/chbartdesign.com\/?s={search_term_string}\"},\"query-input\":{\"@type\":\"PropertyValueSpecification\",\"valueRequired\":true,\"valueName\":\"search_term_string\"}}],\"inLanguage\":\"en-GB\"},{\"@type\":\"Organization\",\"@id\":\"https:\/\/chbartdesign.com\/#organization\",\"name\":\"Chillida Belzunce Art &amp; Design - CHB\",\"url\":\"https:\/\/chbartdesign.com\/\",\"logo\":{\"@type\":\"ImageObject\",\"inLanguage\":\"en-GB\",\"@id\":\"https:\/\/chbartdesign.com\/#\/schema\/logo\/image\/\",\"url\":\"https:\/\/chbartdesign.com\/wp-content\/uploads\/2024\/06\/cropped-cropped-Logo-nuevo-CHB-para-web2024-e1760639568962.png\",\"contentUrl\":\"https:\/\/chbartdesign.com\/wp-content\/uploads\/2024\/06\/cropped-cropped-Logo-nuevo-CHB-para-web2024-e1760639568962.png\",\"width\":512,\"height\":359,\"caption\":\"Chillida Belzunce Art &amp; Design - CHB\"},\"image\":{\"@id\":\"https:\/\/chbartdesign.com\/#\/schema\/logo\/image\/\"}}]}<\/script>\n<!-- \/ Yoast SEO plugin. -->","yoast_head_json":{"title":"Tote Bag - Chillida Belzunce Art &amp; Design - CHB","robots":{"index":"index","follow":"follow","max-snippet":"max-snippet:-1","max-image-preview":"max-image-preview:large","max-video-preview":"max-video-preview:-1"},"canonical":"https:\/\/chbartdesign.com\/en\/product\/tote-bag\/","og_locale":"en_GB","og_type":"article","og_title":"Tote Bag - Chillida Belzunce Art &amp; Design - CHB","og_description":"Tote Bag de algod\u00f3n, dise\u00f1ada para los amantes de la belleza de San Sebasti\u00e1n. Esta bolsa ecol\u00f3gica presenta un hermoso dibujo de Eduardo Chillida Belzunce que ilustra la famosa bah\u00eda, capturando su serenidad y encanto. Confeccionada en algod\u00f3n 100% natural, es resistente y duradera, ideal para llevar tus compras, libros o cualquier art\u00edculo diario. Su amplio espacio interior y asas c\u00f3modas la convierten en la compa\u00f1era perfecta para el d\u00eda a d\u00eda.  &nbsp;","og_url":"https:\/\/chbartdesign.com\/en\/product\/tote-bag\/","og_site_name":"Chillida Belzunce Art &amp; Design - CHB","article_modified_time":"2025-12-17T11:41:01+00:00","og_image":[{"width":1181,"height":844,"url":"https:\/\/chbartdesign.com\/wp-content\/uploads\/2025\/05\/IP_02353-1-copia_1-1.jpg","type":"image\/jpeg"}],"twitter_card":"summary_large_image","twitter_misc":{"Estimated reading time":"1 minute"},"schema":{"@context":"https:\/\/schema.org","@graph":[{"@type":"WebPage","@id":"https:\/\/chbartdesign.com\/producto\/tote-bag\/","url":"https:\/\/chbartdesign.com\/producto\/tote-bag\/","name":"Tote Bag - Chillida Belzunce Art &amp; Design - CHB","isPartOf":{"@id":"https:\/\/chbartdesign.com\/#website"},"primaryImageOfPage":{"@id":"https:\/\/chbartdesign.com\/producto\/tote-bag\/#primaryimage"},"image":{"@id":"https:\/\/chbartdesign.com\/producto\/tote-bag\/#primaryimage"},"thumbnailUrl":"https:\/\/chbartdesign.com\/wp-content\/uploads\/2025\/05\/IP_02353-1-copia_1-1.jpg","datePublished":"2025-05-07T10:49:09+00:00","dateModified":"2025-12-17T11:41:01+00:00","breadcrumb":{"@id":"https:\/\/chbartdesign.com\/producto\/tote-bag\/#breadcrumb"},"inLanguage":"en-GB","potentialAction":[{"@type":"ReadAction","target":["https:\/\/chbartdesign.com\/producto\/tote-bag\/"]}]},{"@type":"ImageObject","inLanguage":"en-GB","@id":"https:\/\/chbartdesign.com\/producto\/tote-bag\/#primaryimage","url":"https:\/\/chbartdesign.com\/wp-content\/uploads\/2025\/05\/IP_02353-1-copia_1-1.jpg","contentUrl":"https:\/\/chbartdesign.com\/wp-content\/uploads\/2025\/05\/IP_02353-1-copia_1-1.jpg","width":1181,"height":844},{"@type":"BreadcrumbList","@id":"https:\/\/chbartdesign.com\/producto\/tote-bag\/#breadcrumb","itemListElement":[{"@type":"ListItem","position":1,"name":"Portada","item":"https:\/\/chbartdesign.com\/"},{"@type":"ListItem","position":2,"name":"Tienda","item":"https:\/\/chbartdesign.com\/tienda\/"},{"@type":"ListItem","position":3,"name":"Tote Bag"}]},{"@type":"WebSite","@id":"https:\/\/chbartdesign.com\/#website","url":"https:\/\/chbartdesign.com\/","name":"Chillida Belzunce Art &amp; Design - CHB","description":"Chillida Belzunce Art &amp; Design - CHB: Exclusividad y arte en cada dise\u00f1o.","publisher":{"@id":"https:\/\/chbartdesign.com\/#organization"},"potentialAction":[{"@type":"SearchAction","target":{"@type":"EntryPoint","urlTemplate":"https:\/\/chbartdesign.com\/?s={search_term_string}"},"query-input":{"@type":"PropertyValueSpecification","valueRequired":true,"valueName":"search_term_string"}}],"inLanguage":"en-GB"},{"@type":"Organization","@id":"https:\/\/chbartdesign.com\/#organization","name":"Chillida Belzunce Art &amp; Design - CHB","url":"https:\/\/chbartdesign.com\/","logo":{"@type":"ImageObject","inLanguage":"en-GB","@id":"https:\/\/chbartdesign.com\/#\/schema\/logo\/image\/","url":"https:\/\/chbartdesign.com\/wp-content\/uploads\/2024\/06\/cropped-cropped-Logo-nuevo-CHB-para-web2024-e1760639568962.png","contentUrl":"https:\/\/chbartdesign.com\/wp-content\/uploads\/2024\/06\/cropped-cropped-Logo-nuevo-CHB-para-web2024-e1760639568962.png","width":512,"height":359,"caption":"Chillida Belzunce Art &amp; Design - CHB"},"image":{"@id":"https:\/\/chbartdesign.com\/#\/schema\/logo\/image\/"}}]}},"_links":{"self":[{"href":"https:\/\/chbartdesign.com\/en\/wp-json\/wp\/v2\/product\/8874","targetHints":{"allow":["GET"]}}],"collection":[{"href":"https:\/\/chbartdesign.com\/en\/wp-json\/wp\/v2\/product"}],"about":[{"href":"https:\/\/chbartdesign.com\/en\/wp-json\/wp\/v2\/types\/product"}],"wp:featuredmedia":[{"embeddable":true,"href":"https:\/\/chbartdesign.com\/en\/wp-json\/wp\/v2\/media\/9555"}],"wp:attachment":[{"href":"https:\/\/chbartdesign.com\/en\/wp-json\/wp\/v2\/media?parent=8874"}],"wp:term":[{"taxonomy":"product_brand","embeddable":true,"href":"https:\/\/chbartdesign.com\/en\/wp-json\/wp\/v2\/product_brand?post=8874"},{"taxonomy":"product_cat","embeddable":true,"href":"https:\/\/chbartdesign.com\/en\/wp-json\/wp\/v2\/product_cat?post=8874"},{"taxonomy":"product_tag","embeddable":true,"href":"https:\/\/chbartdesign.com\/en\/wp-json\/wp\/v2\/product_tag?post=8874"}],"curies":[{"name":"wp","href":"https:\/\/api.w.org\/{rel}","templated":true}]}}