{"id":8878,"date":"2025-05-07T13:02:03","date_gmt":"2025-05-07T11:02:03","guid":{"rendered":"https:\/\/chbartdesign.com\/?post_type=product&#038;p=8878"},"modified":"2025-12-02T12:20:27","modified_gmt":"2025-12-02T11:20:27","slug":"panuelo-midtown","status":"publish","type":"product","link":"https:\/\/chbartdesign.com\/en\/product\/panuelo-midtown\/","title":{"rendered":"Pa\u00f1uelo &#8220;Midtown&#8221;"},"content":{"rendered":"<div>Descubre nuestro exclusivo pa\u00f1uelo de seda 100%, una pieza \u00fanica que presenta el cautivador cuadro &#8220;Midtown&#8221; de Eduardo Chillida Belzunce. Este pa\u00f1uelo es una celebraci\u00f3n del arte y la elegancia, ideal para aquellos que buscan un accesorio distintivo y sofisticado.<\/div>\n<div><\/div>\n<div>Cada pa\u00f1uelo forma parte de una edici\u00f3n limitada de solo 100 ejemplares, lo que garantiza su exclusividad. Cada pieza viene acompa\u00f1ada de un certificado de autenticidad con numeraci\u00f3n, asegurando su valor como objeto de colecci\u00f3n. La suavidad y el brillo de la seda aportan un toque de lujo, mientras que la impresi\u00f3n vibrante del cuadro &#8220;Midtown&#8221; a\u00f1ade un elemento art\u00edstico que resalta en cualquier outfit.<\/div>\n<div><\/div>\n<div>Este pa\u00f1uelo no solo es un complemento de moda, sino tambi\u00e9n una forma de llevar contigo una obra del talentoso Chillida. Perfecto para regalar o para disfrutar en tu propia colecci\u00f3n, no te pierdas la oportunidad de poseer esta pieza exclusiva que combina arte y estilo. \u00a1Hazte con tu pa\u00f1uelo de seda hoy mismo y distingue tu estilo con un toque de arte!<\/div>\n<div><\/div>\n<div>Hemos creado un packaging exclusivo que refleja el valor y la esencia de nuestro producto. Cada unidad va presentada en una bolsa de algod\u00f3n 100% natural, ilustrada con una obra original de Chillida Belzunce, y se entrega en una caja de cart\u00f3n forrada a mano, cuidando cada detalle para ofrecer una experiencia \u00fanica desde el primer momento.<\/div>","protected":false},"excerpt":{"rendered":"<div>Pa\u00f1uelo\u00a0de seda 100%, una pieza \u00fanica que presenta el cautivador cuadro &#8220;Midtown&#8221; de Eduardo Chillida Belzunce. Este pa\u00f1uelo es una celebraci\u00f3n del arte y la elegancia, ideal para aquellos que buscan un accesorio distintivo y sofisticado.<\/div>\n<div><\/div>\n<div>Cada pa\u00f1uelo forma parte de una edici\u00f3n limitada de solo 100 ejemplares, lo que garantiza su exclusividad. Cada pieza viene acompa\u00f1ada de un certificado de autenticidad con numeraci\u00f3n, asegurando su valor como objeto de colecci\u00f3n. La suavidad y el brillo de la seda aportan un toque de lujo, mientras que la impresi\u00f3n vibrante del cuadro &#8220;Midtown&#8221;.<\/div>\n<div><\/div>\n<div><\/div>","protected":false},"featured_media":9551,"template":"","meta":[],"product_brand":[],"product_cat":[269,149],"product_tag":[160,290,159,191,157,162,163,232,181,327,161,328],"class_list":{"0":"post-8878","1":"product","2":"type-product","3":"status-publish","4":"has-post-thumbnail","6":"product_cat-panuelos-y-fulares","7":"product_cat-moda-y-complementos","8":"product_tag-accesorio-de-lujo","9":"product_tag-algodon","10":"product_tag-arte","11":"product_tag-azul","12":"product_tag-chb-artdesign","13":"product_tag-complemento","14":"product_tag-eduardo-chillida-belzunce","15":"product_tag-exclusivo","16":"product_tag-inspiracion-artistica","17":"product_tag-midtown","18":"product_tag-moda","19":"product_tag-nueva-york","21":"first","22":"instock","23":"taxable","24":"shipping-taxable","25":"purchasable","26":"product-type-simple","27":"add-to-wishlist-after_add_to_cart"},"yoast_head":"<!-- This site is optimized with the Yoast SEO plugin v27.1 - https:\/\/yoast.com\/product\/yoast-seo-wordpress\/ -->\n<title>Pa\u00f1uelo &quot;Midtown&quot; - Chillida Belzunce Art &amp; Design - CHB<\/title>\n<meta name=\"robots\" content=\"index, follow, max-snippet:-1, max-image-preview:large, max-video-preview:-1\" \/>\n<link rel=\"canonical\" href=\"https:\/\/chbartdesign.com\/en\/product\/panuelo-midtown\/\" \/>\n<meta property=\"og:locale\" content=\"en_GB\" \/>\n<meta property=\"og:type\" content=\"article\" \/>\n<meta property=\"og:title\" content=\"Pa\u00f1uelo &quot;Midtown&quot; - Chillida Belzunce Art &amp; Design - CHB\" \/>\n<meta property=\"og:description\" content=\"Pa\u00f1uelo\u00a0de seda 100%, una pieza \u00fanica que presenta el cautivador cuadro &quot;Midtown&quot; de Eduardo Chillida Belzunce. Este pa\u00f1uelo es una celebraci\u00f3n del arte y la elegancia, ideal para aquellos que buscan un accesorio distintivo y sofisticado.  Cada pa\u00f1uelo forma parte de una edici\u00f3n limitada de solo 100 ejemplares, lo que garantiza su exclusividad. Cada pieza viene acompa\u00f1ada de un certificado de autenticidad con numeraci\u00f3n, asegurando su valor como objeto de colecci\u00f3n. La suavidad y el brillo de la seda aportan un toque de lujo, mientras que la impresi\u00f3n vibrante del cuadro &quot;Midtown&quot;.\" \/>\n<meta property=\"og:url\" content=\"https:\/\/chbartdesign.com\/en\/product\/panuelo-midtown\/\" \/>\n<meta property=\"og:site_name\" content=\"Chillida Belzunce Art &amp; Design - CHB\" \/>\n<meta property=\"article:modified_time\" content=\"2025-12-02T11:20:27+00:00\" \/>\n<meta property=\"og:image\" content=\"https:\/\/chbartdesign.com\/wp-content\/uploads\/2025\/05\/IP_02385-copia_1-scaled.jpg\" \/>\n\t<meta property=\"og:image:width\" content=\"2560\" \/>\n\t<meta property=\"og:image:height\" content=\"1828\" \/>\n\t<meta property=\"og:image:type\" content=\"image\/jpeg\" \/>\n<meta name=\"twitter:card\" content=\"summary_large_image\" \/>\n<meta name=\"twitter:label1\" content=\"Estimated reading time\" \/>\n\t<meta name=\"twitter:data1\" content=\"2 minutes\" \/>\n<script type=\"application\/ld+json\" class=\"yoast-schema-graph\">{\"@context\":\"https:\/\/schema.org\",\"@graph\":[{\"@type\":\"WebPage\",\"@id\":\"https:\/\/chbartdesign.com\/producto\/panuelo-midtown\/\",\"url\":\"https:\/\/chbartdesign.com\/producto\/panuelo-midtown\/\",\"name\":\"Pa\u00f1uelo \\\"Midtown\\\" - Chillida Belzunce Art &amp; Design - CHB\",\"isPartOf\":{\"@id\":\"https:\/\/chbartdesign.com\/#website\"},\"primaryImageOfPage\":{\"@id\":\"https:\/\/chbartdesign.com\/producto\/panuelo-midtown\/#primaryimage\"},\"image\":{\"@id\":\"https:\/\/chbartdesign.com\/producto\/panuelo-midtown\/#primaryimage\"},\"thumbnailUrl\":\"https:\/\/chbartdesign.com\/wp-content\/uploads\/2025\/05\/IP_02385-copia_1-scaled.jpg\",\"datePublished\":\"2025-05-07T11:02:03+00:00\",\"dateModified\":\"2025-12-02T11:20:27+00:00\",\"breadcrumb\":{\"@id\":\"https:\/\/chbartdesign.com\/producto\/panuelo-midtown\/#breadcrumb\"},\"inLanguage\":\"en-GB\",\"potentialAction\":[{\"@type\":\"ReadAction\",\"target\":[\"https:\/\/chbartdesign.com\/producto\/panuelo-midtown\/\"]}]},{\"@type\":\"ImageObject\",\"inLanguage\":\"en-GB\",\"@id\":\"https:\/\/chbartdesign.com\/producto\/panuelo-midtown\/#primaryimage\",\"url\":\"https:\/\/chbartdesign.com\/wp-content\/uploads\/2025\/05\/IP_02385-copia_1-scaled.jpg\",\"contentUrl\":\"https:\/\/chbartdesign.com\/wp-content\/uploads\/2025\/05\/IP_02385-copia_1-scaled.jpg\",\"width\":2560,\"height\":1828},{\"@type\":\"BreadcrumbList\",\"@id\":\"https:\/\/chbartdesign.com\/producto\/panuelo-midtown\/#breadcrumb\",\"itemListElement\":[{\"@type\":\"ListItem\",\"position\":1,\"name\":\"Portada\",\"item\":\"https:\/\/chbartdesign.com\/\"},{\"@type\":\"ListItem\",\"position\":2,\"name\":\"Tienda\",\"item\":\"https:\/\/chbartdesign.com\/tienda\/\"},{\"@type\":\"ListItem\",\"position\":3,\"name\":\"Pa\u00f1uelo &#8220;Midtown&#8221;\"}]},{\"@type\":\"WebSite\",\"@id\":\"https:\/\/chbartdesign.com\/#website\",\"url\":\"https:\/\/chbartdesign.com\/\",\"name\":\"Chillida Belzunce Art &amp; Design - CHB\",\"description\":\"Chillida Belzunce Art &amp; Design - CHB: Exclusividad y arte en cada dise\u00f1o.\",\"publisher\":{\"@id\":\"https:\/\/chbartdesign.com\/#organization\"},\"potentialAction\":[{\"@type\":\"SearchAction\",\"target\":{\"@type\":\"EntryPoint\",\"urlTemplate\":\"https:\/\/chbartdesign.com\/?s={search_term_string}\"},\"query-input\":{\"@type\":\"PropertyValueSpecification\",\"valueRequired\":true,\"valueName\":\"search_term_string\"}}],\"inLanguage\":\"en-GB\"},{\"@type\":\"Organization\",\"@id\":\"https:\/\/chbartdesign.com\/#organization\",\"name\":\"Chillida Belzunce Art &amp; Design - CHB\",\"url\":\"https:\/\/chbartdesign.com\/\",\"logo\":{\"@type\":\"ImageObject\",\"inLanguage\":\"en-GB\",\"@id\":\"https:\/\/chbartdesign.com\/#\/schema\/logo\/image\/\",\"url\":\"https:\/\/chbartdesign.com\/wp-content\/uploads\/2024\/06\/cropped-cropped-Logo-nuevo-CHB-para-web2024-e1760639568962.png\",\"contentUrl\":\"https:\/\/chbartdesign.com\/wp-content\/uploads\/2024\/06\/cropped-cropped-Logo-nuevo-CHB-para-web2024-e1760639568962.png\",\"width\":512,\"height\":359,\"caption\":\"Chillida Belzunce Art &amp; Design - CHB\"},\"image\":{\"@id\":\"https:\/\/chbartdesign.com\/#\/schema\/logo\/image\/\"}}]}<\/script>\n<!-- \/ Yoast SEO plugin. -->","yoast_head_json":{"title":"Pa\u00f1uelo \"Midtown\" - Chillida Belzunce Art &amp; Design - CHB","robots":{"index":"index","follow":"follow","max-snippet":"max-snippet:-1","max-image-preview":"max-image-preview:large","max-video-preview":"max-video-preview:-1"},"canonical":"https:\/\/chbartdesign.com\/en\/product\/panuelo-midtown\/","og_locale":"en_GB","og_type":"article","og_title":"Pa\u00f1uelo \"Midtown\" - Chillida Belzunce Art &amp; Design - CHB","og_description":"Pa\u00f1uelo\u00a0de seda 100%, una pieza \u00fanica que presenta el cautivador cuadro \"Midtown\" de Eduardo Chillida Belzunce. Este pa\u00f1uelo es una celebraci\u00f3n del arte y la elegancia, ideal para aquellos que buscan un accesorio distintivo y sofisticado.  Cada pa\u00f1uelo forma parte de una edici\u00f3n limitada de solo 100 ejemplares, lo que garantiza su exclusividad. Cada pieza viene acompa\u00f1ada de un certificado de autenticidad con numeraci\u00f3n, asegurando su valor como objeto de colecci\u00f3n. La suavidad y el brillo de la seda aportan un toque de lujo, mientras que la impresi\u00f3n vibrante del cuadro \"Midtown\".","og_url":"https:\/\/chbartdesign.com\/en\/product\/panuelo-midtown\/","og_site_name":"Chillida Belzunce Art &amp; Design - CHB","article_modified_time":"2025-12-02T11:20:27+00:00","og_image":[{"width":2560,"height":1828,"url":"https:\/\/chbartdesign.com\/wp-content\/uploads\/2025\/05\/IP_02385-copia_1-scaled.jpg","type":"image\/jpeg"}],"twitter_card":"summary_large_image","twitter_misc":{"Estimated reading time":"2 minutes"},"schema":{"@context":"https:\/\/schema.org","@graph":[{"@type":"WebPage","@id":"https:\/\/chbartdesign.com\/producto\/panuelo-midtown\/","url":"https:\/\/chbartdesign.com\/producto\/panuelo-midtown\/","name":"Pa\u00f1uelo \"Midtown\" - Chillida Belzunce Art &amp; Design - CHB","isPartOf":{"@id":"https:\/\/chbartdesign.com\/#website"},"primaryImageOfPage":{"@id":"https:\/\/chbartdesign.com\/producto\/panuelo-midtown\/#primaryimage"},"image":{"@id":"https:\/\/chbartdesign.com\/producto\/panuelo-midtown\/#primaryimage"},"thumbnailUrl":"https:\/\/chbartdesign.com\/wp-content\/uploads\/2025\/05\/IP_02385-copia_1-scaled.jpg","datePublished":"2025-05-07T11:02:03+00:00","dateModified":"2025-12-02T11:20:27+00:00","breadcrumb":{"@id":"https:\/\/chbartdesign.com\/producto\/panuelo-midtown\/#breadcrumb"},"inLanguage":"en-GB","potentialAction":[{"@type":"ReadAction","target":["https:\/\/chbartdesign.com\/producto\/panuelo-midtown\/"]}]},{"@type":"ImageObject","inLanguage":"en-GB","@id":"https:\/\/chbartdesign.com\/producto\/panuelo-midtown\/#primaryimage","url":"https:\/\/chbartdesign.com\/wp-content\/uploads\/2025\/05\/IP_02385-copia_1-scaled.jpg","contentUrl":"https:\/\/chbartdesign.com\/wp-content\/uploads\/2025\/05\/IP_02385-copia_1-scaled.jpg","width":2560,"height":1828},{"@type":"BreadcrumbList","@id":"https:\/\/chbartdesign.com\/producto\/panuelo-midtown\/#breadcrumb","itemListElement":[{"@type":"ListItem","position":1,"name":"Portada","item":"https:\/\/chbartdesign.com\/"},{"@type":"ListItem","position":2,"name":"Tienda","item":"https:\/\/chbartdesign.com\/tienda\/"},{"@type":"ListItem","position":3,"name":"Pa\u00f1uelo &#8220;Midtown&#8221;"}]},{"@type":"WebSite","@id":"https:\/\/chbartdesign.com\/#website","url":"https:\/\/chbartdesign.com\/","name":"Chillida Belzunce Art &amp; Design - CHB","description":"Chillida Belzunce Art &amp; Design - CHB: Exclusividad y arte en cada dise\u00f1o.","publisher":{"@id":"https:\/\/chbartdesign.com\/#organization"},"potentialAction":[{"@type":"SearchAction","target":{"@type":"EntryPoint","urlTemplate":"https:\/\/chbartdesign.com\/?s={search_term_string}"},"query-input":{"@type":"PropertyValueSpecification","valueRequired":true,"valueName":"search_term_string"}}],"inLanguage":"en-GB"},{"@type":"Organization","@id":"https:\/\/chbartdesign.com\/#organization","name":"Chillida Belzunce Art &amp; Design - CHB","url":"https:\/\/chbartdesign.com\/","logo":{"@type":"ImageObject","inLanguage":"en-GB","@id":"https:\/\/chbartdesign.com\/#\/schema\/logo\/image\/","url":"https:\/\/chbartdesign.com\/wp-content\/uploads\/2024\/06\/cropped-cropped-Logo-nuevo-CHB-para-web2024-e1760639568962.png","contentUrl":"https:\/\/chbartdesign.com\/wp-content\/uploads\/2024\/06\/cropped-cropped-Logo-nuevo-CHB-para-web2024-e1760639568962.png","width":512,"height":359,"caption":"Chillida Belzunce Art &amp; Design - CHB"},"image":{"@id":"https:\/\/chbartdesign.com\/#\/schema\/logo\/image\/"}}]}},"_links":{"self":[{"href":"https:\/\/chbartdesign.com\/en\/wp-json\/wp\/v2\/product\/8878","targetHints":{"allow":["GET"]}}],"collection":[{"href":"https:\/\/chbartdesign.com\/en\/wp-json\/wp\/v2\/product"}],"about":[{"href":"https:\/\/chbartdesign.com\/en\/wp-json\/wp\/v2\/types\/product"}],"wp:featuredmedia":[{"embeddable":true,"href":"https:\/\/chbartdesign.com\/en\/wp-json\/wp\/v2\/media\/9551"}],"wp:attachment":[{"href":"https:\/\/chbartdesign.com\/en\/wp-json\/wp\/v2\/media?parent=8878"}],"wp:term":[{"taxonomy":"product_brand","embeddable":true,"href":"https:\/\/chbartdesign.com\/en\/wp-json\/wp\/v2\/product_brand?post=8878"},{"taxonomy":"product_cat","embeddable":true,"href":"https:\/\/chbartdesign.com\/en\/wp-json\/wp\/v2\/product_cat?post=8878"},{"taxonomy":"product_tag","embeddable":true,"href":"https:\/\/chbartdesign.com\/en\/wp-json\/wp\/v2\/product_tag?post=8878"}],"curies":[{"name":"wp","href":"https:\/\/api.w.org\/{rel}","templated":true}]}}