{"id":8883,"date":"2025-05-07T13:21:24","date_gmt":"2025-05-07T11:21:24","guid":{"rendered":"https:\/\/chbartdesign.com\/?post_type=product&#038;p=8883"},"modified":"2025-12-02T12:27:51","modified_gmt":"2025-12-02T11:27:51","slug":"caja-cuadros-electricos","status":"publish","type":"product","link":"https:\/\/chbartdesign.com\/en\/product\/caja-cuadros-electricos\/","title":{"rendered":"Caja Cuadros El\u00e9ctricos"},"content":{"rendered":"<p>Presentamos una exclusiva caja de cuadro el\u00e9ctrico, dise\u00f1ada para aquellos que aprecian la fusi\u00f3n entre funcionalidad y arte. Esta caja destaca por su atractiva impresi\u00f3n de una obra del artista Eduardo Chillida Belzunce, que transforma un objeto cotidiano en una pieza de arte decorativa.<\/p>\n<p>La impresi\u00f3n captura la esencia y la singularidad del estilo de Chillida Belzunce aportando un toque de elegancia y creatividad a cualquier espacio. Fabricada con materiales de alta calidad, esta caja no solo es est\u00e9ticamente atractiva, sino tambi\u00e9n duradera y segura. Su dise\u00f1o compacto permite una f\u00e1cil instalaci\u00f3n e integraci\u00f3n en el hogar o la oficina, haciendo de ella una opci\u00f3n ideal para quienes buscan un elemento distintivo en su decoraci\u00f3n.<\/p>\n<p>Esta caja de cuadro el\u00e9ctrico es m\u00e1s que un simple accesorio; es una declaraci\u00f3n de estilo que refleja tu aprecio por el arte contempor\u00e1neo.<\/p>\n<p>No te pierdas la oportunidad de poseer esta pieza exclusiva, que combina arte y funcionalidad de manera excepcional. \u00a1Adquiere la tuya y transforma tu espacio hoy mismo!<\/p>","protected":false},"excerpt":{"rendered":"<p>Exclusiva caja de cuadro el\u00e9ctrico, dise\u00f1ada para aquellos que aprecian la fusi\u00f3n entre funcionalidad y arte. Esta caja destaca por su atractiva impresi\u00f3n de una obra del artista Eduardo Chillida Belzunce, que transforma un objeto cotidiano en una pieza de arte decorativa.<\/p>\n<p>&nbsp;<\/p>","protected":false},"featured_media":9565,"template":"","meta":[],"product_brand":[],"product_cat":[322,147],"product_tag":[159,326,323,200,320,325,232,324],"class_list":{"0":"post-8883","1":"product","2":"type-product","3":"status-publish","4":"has-post-thumbnail","6":"product_cat-caja-cuadro-electrico","7":"product_cat-decoracion-y-hogar","8":"product_tag-arte","9":"product_tag-artista","10":"product_tag-cuadro-electrico","11":"product_tag-decoracion","12":"product_tag-diseno","13":"product_tag-espacio","14":"product_tag-exclusivo","15":"product_tag-hogar","17":"first","18":"instock","19":"taxable","20":"shipping-taxable","21":"purchasable","22":"product-type-simple","23":"add-to-wishlist-after_add_to_cart"},"yoast_head":"<!-- This site is optimized with the Yoast SEO plugin v27.1 - https:\/\/yoast.com\/product\/yoast-seo-wordpress\/ -->\n<title>Caja Cuadros El\u00e9ctricos - Chillida Belzunce Art &amp; Design - CHB<\/title>\n<meta name=\"robots\" content=\"index, follow, max-snippet:-1, max-image-preview:large, max-video-preview:-1\" \/>\n<link rel=\"canonical\" href=\"https:\/\/chbartdesign.com\/en\/product\/caja-cuadros-electricos\/\" \/>\n<meta property=\"og:locale\" content=\"en_GB\" \/>\n<meta property=\"og:type\" content=\"article\" \/>\n<meta property=\"og:title\" content=\"Caja Cuadros El\u00e9ctricos - Chillida Belzunce Art &amp; Design - CHB\" \/>\n<meta property=\"og:description\" content=\"Exclusiva caja de cuadro el\u00e9ctrico, dise\u00f1ada para aquellos que aprecian la fusi\u00f3n entre funcionalidad y arte. Esta caja destaca por su atractiva impresi\u00f3n de una obra del artista Eduardo Chillida Belzunce, que transforma un objeto cotidiano en una pieza de arte decorativa.  &nbsp;\" \/>\n<meta property=\"og:url\" content=\"https:\/\/chbartdesign.com\/en\/product\/caja-cuadros-electricos\/\" \/>\n<meta property=\"og:site_name\" content=\"Chillida Belzunce Art &amp; Design - CHB\" \/>\n<meta property=\"article:modified_time\" content=\"2025-12-02T11:27:51+00:00\" \/>\n<meta property=\"og:image\" content=\"https:\/\/chbartdesign.com\/wp-content\/uploads\/2025\/05\/IP_02441_1_1-scaled.jpg\" \/>\n\t<meta property=\"og:image:width\" content=\"2560\" \/>\n\t<meta property=\"og:image:height\" content=\"1829\" \/>\n\t<meta property=\"og:image:type\" content=\"image\/jpeg\" \/>\n<meta name=\"twitter:card\" content=\"summary_large_image\" \/>\n<meta name=\"twitter:label1\" content=\"Estimated reading time\" \/>\n\t<meta name=\"twitter:data1\" content=\"1 minute\" \/>\n<script type=\"application\/ld+json\" class=\"yoast-schema-graph\">{\"@context\":\"https:\/\/schema.org\",\"@graph\":[{\"@type\":\"WebPage\",\"@id\":\"https:\/\/chbartdesign.com\/producto\/caja-cuadros-electricos\/\",\"url\":\"https:\/\/chbartdesign.com\/producto\/caja-cuadros-electricos\/\",\"name\":\"Caja Cuadros El\u00e9ctricos - Chillida Belzunce Art &amp; Design - CHB\",\"isPartOf\":{\"@id\":\"https:\/\/chbartdesign.com\/#website\"},\"primaryImageOfPage\":{\"@id\":\"https:\/\/chbartdesign.com\/producto\/caja-cuadros-electricos\/#primaryimage\"},\"image\":{\"@id\":\"https:\/\/chbartdesign.com\/producto\/caja-cuadros-electricos\/#primaryimage\"},\"thumbnailUrl\":\"https:\/\/chbartdesign.com\/wp-content\/uploads\/2025\/05\/IP_02441_1_1-scaled.jpg\",\"datePublished\":\"2025-05-07T11:21:24+00:00\",\"dateModified\":\"2025-12-02T11:27:51+00:00\",\"breadcrumb\":{\"@id\":\"https:\/\/chbartdesign.com\/producto\/caja-cuadros-electricos\/#breadcrumb\"},\"inLanguage\":\"en-GB\",\"potentialAction\":[{\"@type\":\"ReadAction\",\"target\":[\"https:\/\/chbartdesign.com\/producto\/caja-cuadros-electricos\/\"]}]},{\"@type\":\"ImageObject\",\"inLanguage\":\"en-GB\",\"@id\":\"https:\/\/chbartdesign.com\/producto\/caja-cuadros-electricos\/#primaryimage\",\"url\":\"https:\/\/chbartdesign.com\/wp-content\/uploads\/2025\/05\/IP_02441_1_1-scaled.jpg\",\"contentUrl\":\"https:\/\/chbartdesign.com\/wp-content\/uploads\/2025\/05\/IP_02441_1_1-scaled.jpg\",\"width\":2560,\"height\":1829},{\"@type\":\"BreadcrumbList\",\"@id\":\"https:\/\/chbartdesign.com\/producto\/caja-cuadros-electricos\/#breadcrumb\",\"itemListElement\":[{\"@type\":\"ListItem\",\"position\":1,\"name\":\"Portada\",\"item\":\"https:\/\/chbartdesign.com\/\"},{\"@type\":\"ListItem\",\"position\":2,\"name\":\"Tienda\",\"item\":\"https:\/\/chbartdesign.com\/tienda\/\"},{\"@type\":\"ListItem\",\"position\":3,\"name\":\"Caja Cuadros El\u00e9ctricos\"}]},{\"@type\":\"WebSite\",\"@id\":\"https:\/\/chbartdesign.com\/#website\",\"url\":\"https:\/\/chbartdesign.com\/\",\"name\":\"Chillida Belzunce Art &amp; Design - CHB\",\"description\":\"Chillida Belzunce Art &amp; Design - CHB: Exclusividad y arte en cada dise\u00f1o.\",\"publisher\":{\"@id\":\"https:\/\/chbartdesign.com\/#organization\"},\"potentialAction\":[{\"@type\":\"SearchAction\",\"target\":{\"@type\":\"EntryPoint\",\"urlTemplate\":\"https:\/\/chbartdesign.com\/?s={search_term_string}\"},\"query-input\":{\"@type\":\"PropertyValueSpecification\",\"valueRequired\":true,\"valueName\":\"search_term_string\"}}],\"inLanguage\":\"en-GB\"},{\"@type\":\"Organization\",\"@id\":\"https:\/\/chbartdesign.com\/#organization\",\"name\":\"Chillida Belzunce Art &amp; Design - CHB\",\"url\":\"https:\/\/chbartdesign.com\/\",\"logo\":{\"@type\":\"ImageObject\",\"inLanguage\":\"en-GB\",\"@id\":\"https:\/\/chbartdesign.com\/#\/schema\/logo\/image\/\",\"url\":\"https:\/\/chbartdesign.com\/wp-content\/uploads\/2024\/06\/cropped-cropped-Logo-nuevo-CHB-para-web2024-e1760639568962.png\",\"contentUrl\":\"https:\/\/chbartdesign.com\/wp-content\/uploads\/2024\/06\/cropped-cropped-Logo-nuevo-CHB-para-web2024-e1760639568962.png\",\"width\":512,\"height\":359,\"caption\":\"Chillida Belzunce Art &amp; Design - CHB\"},\"image\":{\"@id\":\"https:\/\/chbartdesign.com\/#\/schema\/logo\/image\/\"}}]}<\/script>\n<!-- \/ Yoast SEO plugin. -->","yoast_head_json":{"title":"Caja Cuadros El\u00e9ctricos - Chillida Belzunce Art &amp; Design - CHB","robots":{"index":"index","follow":"follow","max-snippet":"max-snippet:-1","max-image-preview":"max-image-preview:large","max-video-preview":"max-video-preview:-1"},"canonical":"https:\/\/chbartdesign.com\/en\/product\/caja-cuadros-electricos\/","og_locale":"en_GB","og_type":"article","og_title":"Caja Cuadros El\u00e9ctricos - Chillida Belzunce Art &amp; Design - CHB","og_description":"Exclusiva caja de cuadro el\u00e9ctrico, dise\u00f1ada para aquellos que aprecian la fusi\u00f3n entre funcionalidad y arte. Esta caja destaca por su atractiva impresi\u00f3n de una obra del artista Eduardo Chillida Belzunce, que transforma un objeto cotidiano en una pieza de arte decorativa.  &nbsp;","og_url":"https:\/\/chbartdesign.com\/en\/product\/caja-cuadros-electricos\/","og_site_name":"Chillida Belzunce Art &amp; Design - CHB","article_modified_time":"2025-12-02T11:27:51+00:00","og_image":[{"width":2560,"height":1829,"url":"https:\/\/chbartdesign.com\/wp-content\/uploads\/2025\/05\/IP_02441_1_1-scaled.jpg","type":"image\/jpeg"}],"twitter_card":"summary_large_image","twitter_misc":{"Estimated reading time":"1 minute"},"schema":{"@context":"https:\/\/schema.org","@graph":[{"@type":"WebPage","@id":"https:\/\/chbartdesign.com\/producto\/caja-cuadros-electricos\/","url":"https:\/\/chbartdesign.com\/producto\/caja-cuadros-electricos\/","name":"Caja Cuadros El\u00e9ctricos - Chillida Belzunce Art &amp; Design - CHB","isPartOf":{"@id":"https:\/\/chbartdesign.com\/#website"},"primaryImageOfPage":{"@id":"https:\/\/chbartdesign.com\/producto\/caja-cuadros-electricos\/#primaryimage"},"image":{"@id":"https:\/\/chbartdesign.com\/producto\/caja-cuadros-electricos\/#primaryimage"},"thumbnailUrl":"https:\/\/chbartdesign.com\/wp-content\/uploads\/2025\/05\/IP_02441_1_1-scaled.jpg","datePublished":"2025-05-07T11:21:24+00:00","dateModified":"2025-12-02T11:27:51+00:00","breadcrumb":{"@id":"https:\/\/chbartdesign.com\/producto\/caja-cuadros-electricos\/#breadcrumb"},"inLanguage":"en-GB","potentialAction":[{"@type":"ReadAction","target":["https:\/\/chbartdesign.com\/producto\/caja-cuadros-electricos\/"]}]},{"@type":"ImageObject","inLanguage":"en-GB","@id":"https:\/\/chbartdesign.com\/producto\/caja-cuadros-electricos\/#primaryimage","url":"https:\/\/chbartdesign.com\/wp-content\/uploads\/2025\/05\/IP_02441_1_1-scaled.jpg","contentUrl":"https:\/\/chbartdesign.com\/wp-content\/uploads\/2025\/05\/IP_02441_1_1-scaled.jpg","width":2560,"height":1829},{"@type":"BreadcrumbList","@id":"https:\/\/chbartdesign.com\/producto\/caja-cuadros-electricos\/#breadcrumb","itemListElement":[{"@type":"ListItem","position":1,"name":"Portada","item":"https:\/\/chbartdesign.com\/"},{"@type":"ListItem","position":2,"name":"Tienda","item":"https:\/\/chbartdesign.com\/tienda\/"},{"@type":"ListItem","position":3,"name":"Caja Cuadros El\u00e9ctricos"}]},{"@type":"WebSite","@id":"https:\/\/chbartdesign.com\/#website","url":"https:\/\/chbartdesign.com\/","name":"Chillida Belzunce Art &amp; Design - CHB","description":"Chillida Belzunce Art &amp; Design - CHB: Exclusividad y arte en cada dise\u00f1o.","publisher":{"@id":"https:\/\/chbartdesign.com\/#organization"},"potentialAction":[{"@type":"SearchAction","target":{"@type":"EntryPoint","urlTemplate":"https:\/\/chbartdesign.com\/?s={search_term_string}"},"query-input":{"@type":"PropertyValueSpecification","valueRequired":true,"valueName":"search_term_string"}}],"inLanguage":"en-GB"},{"@type":"Organization","@id":"https:\/\/chbartdesign.com\/#organization","name":"Chillida Belzunce Art &amp; Design - CHB","url":"https:\/\/chbartdesign.com\/","logo":{"@type":"ImageObject","inLanguage":"en-GB","@id":"https:\/\/chbartdesign.com\/#\/schema\/logo\/image\/","url":"https:\/\/chbartdesign.com\/wp-content\/uploads\/2024\/06\/cropped-cropped-Logo-nuevo-CHB-para-web2024-e1760639568962.png","contentUrl":"https:\/\/chbartdesign.com\/wp-content\/uploads\/2024\/06\/cropped-cropped-Logo-nuevo-CHB-para-web2024-e1760639568962.png","width":512,"height":359,"caption":"Chillida Belzunce Art &amp; Design - CHB"},"image":{"@id":"https:\/\/chbartdesign.com\/#\/schema\/logo\/image\/"}}]}},"_links":{"self":[{"href":"https:\/\/chbartdesign.com\/en\/wp-json\/wp\/v2\/product\/8883","targetHints":{"allow":["GET"]}}],"collection":[{"href":"https:\/\/chbartdesign.com\/en\/wp-json\/wp\/v2\/product"}],"about":[{"href":"https:\/\/chbartdesign.com\/en\/wp-json\/wp\/v2\/types\/product"}],"wp:featuredmedia":[{"embeddable":true,"href":"https:\/\/chbartdesign.com\/en\/wp-json\/wp\/v2\/media\/9565"}],"wp:attachment":[{"href":"https:\/\/chbartdesign.com\/en\/wp-json\/wp\/v2\/media?parent=8883"}],"wp:term":[{"taxonomy":"product_brand","embeddable":true,"href":"https:\/\/chbartdesign.com\/en\/wp-json\/wp\/v2\/product_brand?post=8883"},{"taxonomy":"product_cat","embeddable":true,"href":"https:\/\/chbartdesign.com\/en\/wp-json\/wp\/v2\/product_cat?post=8883"},{"taxonomy":"product_tag","embeddable":true,"href":"https:\/\/chbartdesign.com\/en\/wp-json\/wp\/v2\/product_tag?post=8883"}],"curies":[{"name":"wp","href":"https:\/\/api.w.org\/{rel}","templated":true}]}}